{"id":11495,"date":"2024-06-29T14:31:18","date_gmt":"2024-06-29T07:31:18","guid":{"rendered":"https:\/\/serverhot.vn\/product\/uncategorized\/thiet-bi-mang-cisco-cbs250-8t-d-eu-ma-san-pham-cbs250-8t-d-eu\/"},"modified":"2024-06-29T14:31:19","modified_gmt":"2024-06-29T07:31:19","slug":"thiet-bi-mang-cisco-cbs250-8t-d-eu-ma-san-pham-cbs250-8t-d-eu","status":"publish","type":"product","link":"https:\/\/serverhot.vn\/ja\/-product-\/thiet-bi-mang-cisco-cbs250-8t-d-eu-ma-san-pham-cbs250-8t-d-eu\/","title":{"rendered":"Thi\u1ebft b\u1ecb m\u1ea1ng Cisco CBS250-8T-D-EU M\u00e3 s\u1ea3n ph\u1ea9m: CBS250-8T-D-EU"},"content":{"rendered":"<div class=\"showText tabs\" id=\"tab2\">\n                                    <\/div>","protected":false},"excerpt":{"rendered":"<ul>\n<h2 class=\"product-h\" style=\"margin: 15px 0px;padding: 0px;line-height: 1.5;font-family: Roboto;font-size: 22px;background-color: #ffffff\">Th\u00f4ng s\u1ed1 k\u1ef9 thu\u1eadt<\/h2>\n<div class=\"tskt-product\" style=\"margin: 0px;padding: 0px;line-height: 1.5;overflow: hidden;font-family: Roboto;font-size: 15px;background-color: #ffffff\">\n<div class=\"tskt-product-child\" style=\"margin: 0px 0px 50px;padding: 0px;line-height: 1.5;overflow: hidden;height: auto\">\n<table class=\"table table-hover table-striped\" style=\"margin: 0px 0px 20px;padding: 0px;line-height: 1.5;border-spacing: 0px;background-color: transparent;width: 403.328px;max-width: 100%\" width=\"496\">\n<tbody style=\"margin: 0px;padding: 0px;line-height: 1.5\">\n<tr style=\"margin: 0px;padding: 0px;line-height: 1.5;background-color: #f9f9f9\">\n<td style=\"margin: 0px;padding: 8px;line-height: 1.42857;vertical-align: top;border-top-color: #dddddd\" width=\"179\">Model<\/td>\n<td style=\"margin: 0px;padding: 8px;line-height: 1.42857;vertical-align: top;border-top-color: #dddddd\" width=\"317\"><span style=\"margin: 0px;padding: 0px;line-height: 1.5;font-weight: bold\">CBS250-8T-D-EU<\/span><\/td>\n<\/tr>\n<tr style=\"margin: 0px;padding: 0px;line-height: 1.5\">\n<td style=\"margin: 0px;padding: 8px;line-height: 1.42857;vertical-align: top;border-top-color: #dddddd\" width=\"179\">Giao di\u1ec7n<\/td>\n<td style=\"margin: 0px;padding: 8px;line-height: 1.42857;vertical-align: top;border-top-color: #dddddd\" width=\"317\">8 10\/100\/1000 ports<\/td>\n<\/tr>\n<tr style=\"margin: 0px;padding: 0px;line-height: 1.5;background-color: #f9f9f9\">\n<td style=\"margin: 0px;padding: 8px;line-height: 1.42857;vertical-align: top;border-top-color: #dddddd\" width=\"179\">PoE<\/td>\n<td style=\"margin: 0px;padding: 8px;line-height: 1.42857;vertical-align: top;border-top-color: #dddddd\" width=\"317\">N\/A<\/td>\n<\/tr>\n<tr style=\"margin: 0px;padding: 0px;line-height: 1.5\">\n<td style=\"margin: 0px;padding: 8px;line-height: 1.42857;vertical-align: top;border-top-color: #dddddd\" width=\"179\">Kh\u1ea3 n\u0103ng chuy\u1ec3n m\u1ea1ch<\/td>\n<td style=\"margin: 0px;padding: 8px;line-height: 1.42857;vertical-align: top;border-top-color: #dddddd\" width=\"317\">16 Gbps<\/td>\n<\/tr>\n<tr style=\"margin: 0px;padding: 0px;line-height: 1.5;background-color: #f9f9f9\">\n<td style=\"margin: 0px;padding: 8px;line-height: 1.42857;vertical-align: top;border-top-color: #dddddd\" width=\"179\">T\u1ec9 l\u1ec7 chuy\u1ec3n m\u1ea1ch<\/td>\n<td style=\"margin: 0px;padding: 8px;line-height: 1.42857;vertical-align: top;border-top-color: #dddddd\" width=\"317\">11.90 mpps<\/td>\n<\/tr>\n<tr style=\"margin: 0px;padding: 0px;line-height: 1.5\">\n<td style=\"margin: 0px;padding: 8px;line-height: 1.42857;vertical-align: top;border-top-color: #dddddd\" width=\"179\">B\u1ea3ng \u0111\u1ecba ch\u1ec9 MAC<\/td>\n<td style=\"margin: 0px;padding: 8px;line-height: 1.42857;vertical-align: top;border-top-color: #dddddd\" width=\"317\">8K addresses<\/td>\n<\/tr>\n<tr style=\"margin: 0px;padding: 0px;line-height: 1.5;background-color: #f9f9f9\">\n<td style=\"margin: 0px;padding: 8px;line-height: 1.42857;vertical-align: top;border-top-color: #dddddd\" rowspan=\"3\" width=\"179\">Nh\u00f3m c\u1ed5ng<\/td>\n<td style=\"margin: 0px;padding: 8px;line-height: 1.42857;vertical-align: top;border-top-color: #dddddd\" width=\"317\">H\u1ed7 tr\u1ee3 Giao th\u1ee9c ki\u1ec3m so\u00e1t Link Aggregation IEEE 802.3ad (LACP)<\/td>\n<\/tr>\n<tr style=\"margin: 0px;padding: 0px;line-height: 1.5\">\n<td style=\"margin: 0px;padding: 8px;line-height: 1.42857;vertical-align: top;border-top-color: #dddddd\" width=\"317\">L\u00ean \u0111\u1ebfn 4 nh\u00f3m<\/td>\n<\/tr>\n<tr style=\"margin: 0px;padding: 0px;line-height: 1.5;background-color: #f9f9f9\">\n<td style=\"margin: 0px;padding: 8px;line-height: 1.42857;vertical-align: top;border-top-color: #dddddd\" width=\"317\">L\u00ean \u0111\u1ebfn 8 c\u1ed5ng cho m\u1ed7i nh\u00f3m v\u1edbi 16 c\u1ed5ng cho m\u1ed7i t\u1eadp h\u1ee3p li\u00ean k\u1ebft 802.3ad<\/td>\n<\/tr>\n<tr style=\"margin: 0px;padding: 0px;line-height: 1.5\">\n<td style=\"margin: 0px;padding: 8px;line-height: 1.42857;vertical-align: top;border-top-color: #dddddd\" width=\"179\">Stack ph\u1ea7n c\u1ee9ng<\/td>\n<td style=\"margin: 0px;padding: 8px;line-height: 1.42857;vertical-align: top;border-top-color: #dddddd\" width=\"317\">N\/A<\/td>\n<\/tr>\n<tr style=\"margin: 0px;padding: 0px;line-height: 1.5;background-color: #f9f9f9\">\n<td style=\"margin: 0px;padding: 8px;line-height: 1.42857;vertical-align: top;border-top-color: #dddddd\" rowspan=\"4\" width=\"179\">VLAN<\/td>\n<td style=\"margin: 0px;padding: 8px;line-height: 1.42857;vertical-align: top;border-top-color: #dddddd\" width=\"317\">H\u1ed7 tr\u1ee3 \u0111\u1ebfn 255 VLAN \u0111\u1ed3ng th\u1eddi<\/td>\n<\/tr>\n<tr style=\"margin: 0px;padding: 0px;line-height: 1.5\">\n<td style=\"margin: 0px;padding: 8px;line-height: 1.42857;vertical-align: top;border-top-color: #dddddd\" width=\"317\">C\u00e1c VLAN d\u1ef1a tr\u00ean c\u1ed5ng v\u00e0 d\u1ef1a tr\u00ean th\u1ebb 802.1Q<\/td>\n<\/tr>\n<tr style=\"margin: 0px;padding: 0px;line-height: 1.5;background-color: #f9f9f9\">\n<td style=\"margin: 0px;padding: 8px;line-height: 1.42857;vertical-align: top;border-top-color: #dddddd\" width=\"317\">Qu\u1ea3n l\u00fd VLAN<\/td>\n<\/tr>\n<tr style=\"margin: 0px;padding: 0px;line-height: 1.5\">\n<td style=\"margin: 0px;padding: 8px;line-height: 1.42857;vertical-align: top;border-top-color: #dddddd\" width=\"317\">VLAN Kh\u00e1ch<\/td>\n<\/tr>\n<tr style=\"margin: 0px;padding: 0px;line-height: 1.5;background-color: #f9f9f9\">\n<td style=\"margin: 0px;padding: 8px;line-height: 1.42857;vertical-align: top;border-top-color: #dddddd\" width=\"179\">H\u1ed7 tr\u1ee3 c\u00e1c t\u00ednh n\u0103ng b\u1ea3o m\u1eadt<\/td>\n<td style=\"margin: 0px;padding: 8px;line-height: 1.42857;vertical-align: top;border-top-color: #dddddd\" width=\"317\">SSH, SSL, IEEE 802.1X, STP, SCT, SSD, RADIUS, Port security, DoS, ACLs<\/td>\n<\/tr>\n<tr style=\"margin: 0px;padding: 0px;line-height: 1.5\">\n<td style=\"margin: 0px;padding: 8px;line-height: 1.42857;vertical-align: top;border-top-color: #dddddd\" width=\"179\">Flash<\/td>\n<td style=\"margin: 0px;padding: 8px;line-height: 1.42857;vertical-align: top;border-top-color: #dddddd\" width=\"317\">256 MB<\/td>\n<\/tr>\n<tr style=\"margin: 0px;padding: 0px;line-height: 1.5;background-color: #f9f9f9\">\n<td style=\"margin: 0px;padding: 8px;line-height: 1.42857;vertical-align: top;border-top-color: #dddddd\" width=\"179\">DRAM<\/td>\n<td style=\"margin: 0px;padding: 8px;line-height: 1.42857;vertical-align: top;border-top-color: #dddddd\" width=\"317\">512 MB<\/td>\n<\/tr>\n<tr style=\"margin: 0px;padding: 0px;line-height: 1.5\">\n<td style=\"margin: 0px;padding: 8px;line-height: 1.42857;vertical-align: top;border-top-color: #dddddd\" width=\"179\">CPU<\/td>\n<td style=\"margin: 0px;padding: 8px;line-height: 1.42857;vertical-align: top;border-top-color: #dddddd\" width=\"317\">800 MHz ARM<\/td>\n<\/tr>\n<tr style=\"margin: 0px;padding: 0px;line-height: 1.5;background-color: #f9f9f9\">\n<td style=\"margin: 0px;padding: 8px;line-height: 1.42857;vertical-align: top;border-top-color: #dddddd\" width=\"179\">Fan<\/td>\n<td style=\"margin: 0px;padding: 8px;line-height: 1.42857;vertical-align: top;border-top-color: #dddddd\" width=\"317\">Fanless<\/td>\n<\/tr>\n<tr style=\"margin: 0px;padding: 0px;line-height: 1.5\">\n<td style=\"margin: 0px;padding: 8px;line-height: 1.42857;vertical-align: top;border-top-color: #dddddd\" width=\"179\">\u0110\u1ed9 \u1ed3n<\/td>\n<td style=\"margin: 0px;padding: 8px;line-height: 1.42857;vertical-align: top;border-top-color: #dddddd\" width=\"317\">N\/A<\/td>\n<\/tr>\n<tr style=\"margin: 0px;padding: 0px;line-height: 1.5;background-color: #f9f9f9\">\n<td style=\"margin: 0px;padding: 8px;line-height: 1.42857;vertical-align: top;border-top-color: #dddddd\" width=\"179\">Tu\u1ed5i th\u1ecd<\/td>\n<td style=\"margin: 0px;padding: 8px;line-height: 1.42857;vertical-align: top;border-top-color: #dddddd\" rowspan=\"2\" width=\"317\">3,277,956<\/td>\n<\/tr>\n<tr style=\"margin: 0px;padding: 0px;line-height: 1.5\">\n<td style=\"margin: 0px;padding: 8px;line-height: 1.42857;vertical-align: top;border-top-color: #dddddd\" width=\"179\">MTBF at 25\u00b0C (hr)<\/td>\n<\/tr>\n<tr style=\"margin: 0px;padding: 0px;line-height: 1.5;background-color: #f9f9f9\">\n<td style=\"margin: 0px;padding: 8px;line-height: 1.42857;vertical-align: top;border-top-color: #dddddd\" width=\"179\">Packet Buffer<\/td>\n<td style=\"margin: 0px;padding: 8px;line-height: 1.42857;vertical-align: top;border-top-color: #dddddd\" width=\"317\">1.5 MB<\/td>\n<\/tr>\n<tr style=\"margin: 0px;padding: 0px;line-height: 1.5\">\n<td style=\"margin: 0px;padding: 8px;line-height: 1.42857;vertical-align: top;border-top-color: #dddddd\" width=\"179\">Nhi\u1ec7t \u0111\u1ed9 ho\u1ea1t \u0111\u1ed9ng<\/td>\n<td style=\"margin: 0px;padding: 8px;line-height: 1.42857;vertical-align: top;border-top-color: #dddddd\" width=\"317\">32\u00b0 to 122\u00b0F (0\u00b0 to 50\u00b0C)<\/td>\n<\/tr>\n<tr style=\"margin: 0px;padding: 0px;line-height: 1.5;background-color: #f9f9f9\">\n<td style=\"margin: 0px;padding: 8px;line-height: 1.42857;vertical-align: top;border-top-color: #dddddd\" width=\"179\">\u0110\u1ed9 \u1ea9m ho\u1ea1t \u0111\u1ed9ng<\/td>\n<td style=\"margin: 0px;padding: 8px;line-height: 1.42857;vertical-align: top;border-top-color: #dddddd\" width=\"317\">10% to 90%<\/td>\n<\/tr>\n<tr style=\"margin: 0px;padding: 0px;line-height: 1.5\">\n<td style=\"margin: 0px;padding: 8px;line-height: 1.42857;vertical-align: top;border-top-color: #dddddd\" width=\"179\">K\u00edch th\u01b0\u1edbc<\/td>\n<td style=\"margin: 0px;padding: 8px;line-height: 1.42857;vertical-align: top;border-top-color: #dddddd\" width=\"317\">160 x 128 x 30 mm (6.3 x 5.04 x 1.18 in)<\/td>\n<\/tr>\n<tr style=\"margin: 0px;padding: 0px;line-height: 1.5;background-color: #f9f9f9\">\n<td style=\"margin: 0px;padding: 8px;line-height: 1.42857;vertical-align: top;border-top-color: #dddddd\" width=\"179\">C\u00e2n n\u1eb7ng<\/td>\n<td style=\"margin: 0px;padding: 8px;line-height: 1.42857;vertical-align: top;border-top-color: #dddddd\" width=\"317\">0.54 kg (1.19 lb)<\/td>\n<\/tr>\n<tr style=\"margin: 0px;padding: 0px;line-height: 1.5;background-color: #f5f5f5\">\n<td style=\"margin: 0px;padding: 8px;line-height: 1.42857;vertical-align: top;border-top-color: #dddddd\" width=\"179\">Ngu\u1ed3n \u0111i\u1ec7n<\/td>\n<td style=\"margin: 0px;padding: 8px;line-height: 1.42857;vertical-align: top;border-top-color: #dddddd\" width=\"317\">100 to 240V 50 to 60 Hz, external<\/td>\n<\/tr>\n<\/tbody>\n<\/table>\n<\/div>\n<\/div>\n<\/ul>","protected":false},"featured_media":11496,"comment_status":"closed","ping_status":"closed","template":"","meta":[],"pwb-brand":[],"product_cat":[2893],"product_tag":[2847],"class_list":{"0":"post-11495","1":"product","2":"type-product","3":"status-publish","4":"has-post-thumbnail","6":"product_cat-cisco","7":"product_tag-cisco","9":"first","10":"instock","11":"shipping-taxable","12":"product-type-simple"},"brands":[],"_links":{"self":[{"href":"https:\/\/serverhot.vn\/ja\/wp-json\/wp\/v2\/product\/11495","targetHints":{"allow":["GET"]}}],"collection":[{"href":"https:\/\/serverhot.vn\/ja\/wp-json\/wp\/v2\/product"}],"about":[{"href":"https:\/\/serverhot.vn\/ja\/wp-json\/wp\/v2\/types\/product"}],"replies":[{"embeddable":true,"href":"https:\/\/serverhot.vn\/ja\/wp-json\/wp\/v2\/comments?post=11495"}],"wp:featuredmedia":[{"embeddable":true,"href":"https:\/\/serverhot.vn\/ja\/wp-json\/wp\/v2\/media\/11496"}],"wp:attachment":[{"href":"https:\/\/serverhot.vn\/ja\/wp-json\/wp\/v2\/media?parent=11495"}],"wp:term":[{"taxonomy":"pwb-brand","embeddable":true,"href":"https:\/\/serverhot.vn\/ja\/wp-json\/wp\/v2\/pwb-brand?post=11495"},{"taxonomy":"product_cat","embeddable":true,"href":"https:\/\/serverhot.vn\/ja\/wp-json\/wp\/v2\/product_cat?post=11495"},{"taxonomy":"product_tag","embeddable":true,"href":"https:\/\/serverhot.vn\/ja\/wp-json\/wp\/v2\/product_tag?post=11495"}],"curies":[{"name":"wp","href":"https:\/\/api.w.org\/{rel}","templated":true}]}}