{"id":11835,"date":"2024-06-29T15:13:11","date_gmt":"2024-06-29T08:13:11","guid":{"rendered":"https:\/\/serverhot.vn\/product\/uncategorized\/may-bo-mini-pc-kit-rnuc12wshi70000-cpu-intel-core-i7-1260p-4-70-ghz-adaptor-ma-san-pham-rnuc12wshi70000\/"},"modified":"2024-06-29T15:13:12","modified_gmt":"2024-06-29T08:13:12","slug":"may-bo-mini-pc-kit-rnuc12wshi70000-cpu-intel-core-i7-1260p-4-70-ghz-adaptor-ma-san-pham-rnuc12wshi70000","status":"publish","type":"product","link":"https:\/\/serverhot.vn\/ja\/-product-\/may-bo-mini-pc-kit-rnuc12wshi70000-cpu-intel-core-i7-1260p-4-70-ghz-adaptor-ma-san-pham-rnuc12wshi70000\/","title":{"rendered":"M\u00e1y B\u1ed9 Mini PC Kit RNUC12WSHi70000 ( CPU Intel Core i7-1260P (4.70 GHz), Adaptor ) M\u00e3 s\u1ea3n ph\u1ea9m: RNUC12WSHI70000"},"content":{"rendered":"<div class=\"showText tabs\" id=\"tab2\">\n<div class=\"box_right_pro_view\">\n<div class=\"thongso_pro a_technical\" style=\"max-height: fit-content\">\n<table class=\"MsoNormalTable\" border=\"0\" width=\"615\" cellspacing=\"0\" cellpadding=\"0\">\n<tbody>\n<tr>\n<td>\n<p class=\"MsoNormal\"><strong><span>B\u1ed9 VXL<\/span><\/strong><\/p>\n<\/td>\n<td>\n<p class=\"MsoNormal\"><span>Core i7-1260P (Up to 4.70 GHz, 18 MB Intel Smart Cache)<\/span><\/p>\n<\/td>\n<\/tr>\n<tr>\n<td>\n<p class=\"MsoNormal\"><strong><span>B\u1ed9 nh\u1edb RAM<\/span><\/strong><\/p>\n<\/td>\n<td>\n<p class=\"MsoNormal\"><span>\u00a0Ch\u01b0a bao g\u1ed3m ram<\/span><\/p>\n<\/td>\n<\/tr>\n<tr>\n<td>\n<p class=\"MsoNormal\"><strong><span>Khe c\u1eafm RAM<\/span><\/strong><\/p>\n<\/td>\n<td>\n<p class=\"MsoNormal\"><span>2<\/span><\/p>\n<\/td>\n<\/tr>\n<tr>\n<td>\n<p class=\"MsoNormal\"><strong><span>\u1ed4 c\u1ee9ng<\/span><\/strong><\/p>\n<\/td>\n<td>\n<p class=\"MsoNormal\"><span>\u00a0Ch\u01b0a bao g\u1ed1m \u1ed5 c\u1ee9ng<\/span><\/p>\n<\/td>\n<\/tr>\n<tr>\n<td>\n<p class=\"MsoNormal\"><strong><span>Chu\u1ea9n \u1ed5 c\u1ee9ng<\/span><\/strong><\/p>\n<\/td>\n<td>\n<p class=\"MsoNormal\"><span>M.2 and 2.5 inch Drive<\/span><span><br \/><\/span><span>S\u1ed1 l\u01b0\u1ee3ng \u1ed5 \u0111\u0129a trong \u0111\u01b0\u1ee3c h\u1ed7 tr\u1ee3: 2<\/span><\/p>\n<\/td>\n<\/tr>\n<tr>\n<td>\n<p class=\"MsoNormal\"><strong><span>Card t\u00edch h\u1ee3p<\/span><\/strong><\/p>\n<\/td>\n<td>\n<p class=\"MsoNormal\"><span>VGA onboard<\/span><\/p>\n<\/td>\n<\/tr>\n<tr>\n<td>\n<p class=\"MsoNormal\"><strong><span>Th\u00f4ng s\u1ed1 (Lan\/Wireless)<\/span><\/strong><\/p>\n<\/td>\n<td>\n<p class=\"MsoNormal\"><span>Kh\u00f4ng d\u00e2y t\u00edch h\u1ee3p Intel Wi-Fi 6E AX211(Gig+)<\/span><span><br \/><\/span><span>Bluetooth t\u00edch h\u1ee3p<\/span><\/p>\n<\/td>\n<\/tr>\n<tr>\n<td>\n<p class=\"MsoNormal\"><strong><span>K\u1ebft n\u1ed1i kh\u00f4ng d\u00e2y<\/span><\/strong><\/p>\n<\/td>\n<td>\n<p class=\"MsoNormal\"><span>M\u1ea1ng LAN t\u00edch h\u1ee3p B\u1ed9 \u0111i\u1ec1u khi\u1ec3n Ethernet Intel i225-V<\/span><\/p>\n<\/td>\n<\/tr>\n<tr>\n<td>\n<p class=\"MsoNormal\"><strong><span>H\u1ec7 \u0111i\u1ec1u h\u00e0nh<\/span><\/strong><\/p>\n<\/td>\n<td>\n<p class=\"MsoNormal\"><span>None Operating System<\/span><\/p>\n<\/td>\n<\/tr>\n<tr>\n<td>\n<p class=\"MsoNormal\"><strong><span>Ki\u1ec3u d\u00e1ng<\/span><\/strong><\/p>\n<\/td>\n<td>\n<p class=\"MsoNormal\"><span>Case mini<\/span><\/p>\n<\/td>\n<\/tr>\n<\/tbody>\n<\/table>\n<p class=\"MsoNormal\"><span>\u00a0<\/span><\/p>\n<\/p><\/div>\n<p>                            <!--                            <\/p>\n<div class=\"xemthem_id_r\">--><br \/>\n                            <!--                                <a><!--\/show\/?token=--><br \/>\n                            <!--\"--><br \/>\n                            <!--                                   class=\"preview fancybox fancybox.ajax\" rel=\"nofollow\"&gt;Xem th&#234;m th&#244;ng s&#7889; k&#7929; thu&#7853;t<\/a>--><br \/>\n                            <!--                            <\/div>\n<p>-->\n                        <\/p><\/div>\n<\/p><\/div>","protected":false},"excerpt":{"rendered":"<ul>\n<p class=\"MsoNormal\" style=\"background: white\"><span style=\"font-family: 'Times New Roman', 'serif';color: #212529;font-size: 14px\">&#8211; CPU: Intel\u00ae Core\u2122 i7-1260P <\/span><\/p>\n<p><span style=\"font-size: 14px\"> <\/span><\/p>\n<p class=\"MsoNormal\" style=\"background: white\"><span style=\"font-family: 'Times New Roman', 'serif';color: #212529;font-size: 14px\">&#8211; LAN: Intel\u00ae Ethernet Controller i225-V<\/span><\/p>\n<p><span style=\"font-size: 14px\"> <\/span><\/p>\n<p class=\"MsoNormal\" style=\"background: white\"><span style=\"font-family: 'Times New Roman', 'serif';color: #212529;font-size: 14px\">&#8211; WIFI: Intel\u00ae Wi-Fi 6E AX211(Gig+)<\/span><\/p>\n<p><span style=\"font-size: 14px\"> <\/span><\/p>\n<p class=\"MsoNormal\" style=\"background: white\"><span style=\"font-family: 'Times New Roman', 'serif';color: #212529;font-size: 14px\">\u00a0<\/span><\/p>\n<\/ul>","protected":false},"featured_media":11836,"comment_status":"closed","ping_status":"closed","template":"","meta":[],"pwb-brand":[],"product_cat":[2889],"product_tag":[2852],"class_list":{"0":"post-11835","1":"product","2":"type-product","3":"status-publish","4":"has-post-thumbnail","6":"product_cat-intel","7":"product_tag-wireless","9":"first","10":"instock","11":"shipping-taxable","12":"product-type-simple"},"brands":[],"_links":{"self":[{"href":"https:\/\/serverhot.vn\/ja\/wp-json\/wp\/v2\/product\/11835","targetHints":{"allow":["GET"]}}],"collection":[{"href":"https:\/\/serverhot.vn\/ja\/wp-json\/wp\/v2\/product"}],"about":[{"href":"https:\/\/serverhot.vn\/ja\/wp-json\/wp\/v2\/types\/product"}],"replies":[{"embeddable":true,"href":"https:\/\/serverhot.vn\/ja\/wp-json\/wp\/v2\/comments?post=11835"}],"wp:featuredmedia":[{"embeddable":true,"href":"https:\/\/serverhot.vn\/ja\/wp-json\/wp\/v2\/media\/11836"}],"wp:attachment":[{"href":"https:\/\/serverhot.vn\/ja\/wp-json\/wp\/v2\/media?parent=11835"}],"wp:term":[{"taxonomy":"pwb-brand","embeddable":true,"href":"https:\/\/serverhot.vn\/ja\/wp-json\/wp\/v2\/pwb-brand?post=11835"},{"taxonomy":"product_cat","embeddable":true,"href":"https:\/\/serverhot.vn\/ja\/wp-json\/wp\/v2\/product_cat?post=11835"},{"taxonomy":"product_tag","embeddable":true,"href":"https:\/\/serverhot.vn\/ja\/wp-json\/wp\/v2\/product_tag?post=11835"}],"curies":[{"name":"wp","href":"https:\/\/api.w.org\/{rel}","templated":true}]}}