{"id":11845,"date":"2024-06-29T15:14:20","date_gmt":"2024-06-29T08:14:20","guid":{"rendered":"https:\/\/serverhot.vn\/product\/uncategorized\/thiet-bi-mang-router-mikrotik-ccr1009-7g-1c-1s-1s-ma-san-pham-ccr1009-7g-1c-1s\/"},"modified":"2024-06-29T15:14:21","modified_gmt":"2024-06-29T08:14:21","slug":"thiet-bi-mang-router-mikrotik-ccr1009-7g-1c-1s-1s-ma-san-pham-ccr1009-7g-1c-1s","status":"publish","type":"product","link":"https:\/\/serverhot.vn\/ja\/-product-\/thiet-bi-mang-router-mikrotik-ccr1009-7g-1c-1s-1s-ma-san-pham-ccr1009-7g-1c-1s\/","title":{"rendered":"Thi\u1ebft B\u1ecb M\u1ea1ng Router Mikrotik CCR1009-7G-1C-1S-1S+ M\u00e3 s\u1ea3n ph\u1ea9m: CCR1009-7G-1C-1S+"},"content":{"rendered":"<div class=\"showText tabs\" id=\"tab2\">\n<div class=\"box_right_pro_view\">\n<div class=\"thongso_pro a_technical\" style=\"max-height: fit-content\">\n<table border=\"1\">\n<tbody>\n<tr>\n<td><span lang=\"EN-US\">Product Code<\/span><\/td>\n<td><span lang=\"EN-US\">CCR1009-7G-1C-1S-1S+<\/span><\/td>\n<\/tr>\n<tr>\n<td><span lang=\"EN-US\">Ethernet<\/span><\/td>\n<td><span lang=\"EN-US\">7 x 10\/100\/1000 Ethernet ports<\/span><\/td>\n<\/tr>\n<tr>\n<td><span lang=\"EN-US\">SFP+ ports<\/span><\/td>\n<td><span lang=\"EN-US\">1<\/span><\/td>\n<\/tr>\n<tr>\n<td><span lang=\"EN-US\">CPU<\/span><\/td>\n<td><span lang=\"EN-US\">TLR4-00980CH-10CE-A3b<\/span><\/td>\n<\/tr>\n<tr>\n<td><span lang=\"EN-US\">CPU core count<\/span><\/td>\n<td><span lang=\"EN-US\">9<\/span><\/td>\n<\/tr>\n<tr>\n<td><span lang=\"EN-US\">CPU Threads count<\/span><\/td>\n<td><span lang=\"EN-US\">9<\/span><\/td>\n<\/tr>\n<tr>\n<td><span lang=\"EN-US\">CPU nominal frequency<\/span><\/td>\n<td><span lang=\"EN-US\">1.2 GHz<\/span><\/td>\n<\/tr>\n<tr>\n<td><span lang=\"EN-US\">CPU temperature monitor<\/span><\/td>\n<td><span lang=\"EN-US\">Yes<\/span><\/td>\n<\/tr>\n<tr>\n<td><span lang=\"EN-US\">Size of RAM<\/span><\/td>\n<td><span lang=\"EN-US\">2 GB<\/span><\/td>\n<\/tr>\n<tr>\n<td><span lang=\"EN-US\">Storage size<\/span><\/td>\n<td><span lang=\"EN-US\">128MB<\/span><\/td>\n<\/tr>\n<tr>\n<td><span lang=\"EN-US\">Storage type<\/span><\/td>\n<td><span lang=\"EN-US\">NAND<\/span><\/td>\n<\/tr>\n<tr>\n<td><span lang=\"EN-US\">Operating System<\/span><\/td>\n<td><span lang=\"EN-US\">RouterOS<\/span><\/td>\n<\/tr>\n<tr>\n<td><span lang=\"EN-US\">License level<\/span><\/td>\n<td><span lang=\"EN-US\">6<\/span><\/td>\n<\/tr>\n<tr>\n<td><span lang=\"EN-US\">PoE in<\/span><\/td>\n<td><span lang=\"EN-US\">Yes<\/span><\/td>\n<\/tr>\n<tr>\n<td><span lang=\"EN-US\">PCB temperature monitor<\/span><\/td>\n<td><span lang=\"EN-US\">Yes<\/span><\/td>\n<\/tr>\n<tr>\n<td><span lang=\"EN-US\">Number of USB ports<\/span><\/td>\n<td><span lang=\"EN-US\">1<\/span><\/td>\n<\/tr>\n<tr>\n<td><span lang=\"EN-US\">Serial port<\/span><\/td>\n<td><span lang=\"EN-US\">RS232<\/span><\/td>\n<\/tr>\n<tr>\n<td><span lang=\"EN-US\">Voltage Monitor<\/span><\/td>\n<td><span lang=\"EN-US\">Yes<\/span><\/td>\n<\/tr>\n<tr>\n<td><span lang=\"EN-US\">Power jack<\/span><\/td>\n<td><span lang=\"EN-US\">3<\/span><\/td>\n<\/tr>\n<tr>\n<td><span lang=\"EN-US\">USB Power Reset<\/span><\/td>\n<td><span lang=\"EN-US\">Yes<\/span><\/td>\n<\/tr>\n<tr>\n<td><span lang=\"EN-US\">USB slot type<\/span><\/td>\n<td><span lang=\"EN-US\">microUSB type AB<\/span><\/td>\n<\/tr>\n<tr>\n<td><span lang=\"EN-US\">Dimensions<\/span><\/td>\n<td><span lang=\"EN-US\">444 x 175 x 47 mm<\/span><\/td>\n<\/tr>\n<\/tbody>\n<\/table><\/div>\n<p>                            <!--                            <\/p>\n<div class=\"xemthem_id_r\">--><br \/>\n                            <!--                                <a><!--\/show\/?token=--><br \/>\n                            <!--\"--><br \/>\n                            <!--                                   class=\"preview fancybox fancybox.ajax\" rel=\"nofollow\"&gt;Xem th&#234;m th&#244;ng s&#7889; k&#7929; thu&#7853;t<\/a>--><br \/>\n                            <!--                            <\/div>\n<p>-->\n                        <\/p><\/div>\n<\/p><\/div>","protected":false},"excerpt":{"rendered":"<ul>\n<ul>\n<li style=\"color: #444444;font-family: Tahoma;font-size: 13px;background-color: #ffffff\"><span style=\"font-size: 16px;color: #000000\">1 c\u1ed5ng quang SFP+<\/span><\/li>\n<li style=\"color: #444444;font-family: Tahoma;font-size: 13px;background-color: #ffffff\"><span style=\"font-size: 16px;color: #000000\">1 c\u1ed5ng combo SFP ho\u1eb7c WAN<\/span><\/li>\n<li style=\"color: #444444;font-family: Tahoma;font-size: 13px;background-color: #ffffff\"><span style=\"font-size: 16px;color: #000000\">1 khe c\u1eafm MiniSIM<\/span><\/li>\n<li style=\"color: #444444;font-family: Tahoma;font-size: 13px;background-color: #ffffff\"><span style=\"font-size: 16px;color: #000000\">7 c\u1ed5ng m\u1ea1ng RJ45 Gigabit (WAN\/LAN) t\u1ed1c \u0111\u1ed9 10\/100\/1000 Mbps<\/span><\/li>\n<li style=\"color: #444444;font-family: Tahoma;font-size: 13px;background-color: #ffffff\"><span style=\"font-size: 16px;color: #000000\">CPU : 9 l\u00f5i &#8211; xung nh\u1ecbp 1.2Ghz<\/span><\/li>\n<li style=\"color: #444444;font-family: Tahoma;font-size: 13px;background-color: #ffffff\"><span style=\"font-size: 16px;color: #000000\">RAM : 2GB<\/span><\/li>\n<li style=\"color: #444444;font-family: Tahoma;font-size: 13px;background-color: #ffffff\"><span style=\"font-size: 16px;color: #000000\">B\u1ed9 nh\u1edb NAND : 128MB<\/span><\/li>\n<li style=\"color: #444444;font-family: Tahoma;font-size: 13px;background-color: #ffffff\"><span style=\"font-size: 16px;color: #000000\">LCD hi\u1ec3n th\u1ecb th\u00f4ng tin<\/span><\/li>\n<li style=\"color: #444444;font-family: Tahoma;font-size: 13px;background-color: #ffffff\"><span style=\"font-size: 16px;color: #000000\">2 c\u1ed5ng c\u1ea5p ngu\u1ed3n 220V ho\u1eb7c PoE in 15-57V<\/span><\/li>\n<li style=\"color: #444444;font-family: Tahoma;font-size: 13px;background-color: #ffffff\"><span style=\"font-size: 16px;color: #000000\">C\u00f4ng su\u1ea5t s\u1eed d\u1ee5ng t\u1ed1i \u0111a : 39W<\/span><\/li>\n<li style=\"color: #444444;font-family: Tahoma;font-size: 13px;background-color: #ffffff\"><span style=\"color: #000000\"><span style=\"font-size: 16px\">Chu\u1ea9n rack 1U<\/span><\/span><\/li>\n<li style=\"color: #444444;font-family: Tahoma;font-size: 13px;background-color: #ffffff\"><span style=\"font-size: 16px;color: #000000\">K\u00edch th\u01b0\u1edbc: 444x175x47mm<\/span><\/li>\n<li style=\"color: #444444;font-family: Tahoma;font-size: 13px;background-color: #ffffff\"><span style=\"font-family: 'Roboto Condensed', sans-serif;font-size: 16px;background-color: #ffffff;color: #000000\">\u0110\u1ecbnh tuy\u1ebfn \u0111\u1ed9ng (dynamic routing)<\/span><\/li>\n<li style=\"color: #444444;font-family: Tahoma;font-size: 13px;background-color: #ffffff\"><span style=\"font-family: 'Roboto Condensed', sans-serif;font-size: 16px;background-color: #ffffff;color: #000000\">Qu\u1ea3n l\u00fd Ng\u01b0\u1eddi d\u00f9ng M\u1ea1ng WiFi C\u00f4ng c\u1ed9ng (WiFi Hotspot)<\/span><\/li>\n<li style=\"color: #444444;font-family: Tahoma;font-size: 13px;background-color: #ffffff\"><span style=\"font-family: 'Roboto Condensed', sans-serif;font-size: 16px;background-color: #ffffff;color: #000000\">D\u1ecbch v\u1ee5 t\u01b0\u1eddng l\u1eeda<\/span><\/li>\n<li style=\"color: #444444;font-family: Tahoma;font-size: 13px;background-color: #ffffff\"><span style=\"font-family: 'Roboto Condensed', sans-serif;font-size: 16px;background-color: #ffffff;color: #000000\">Nghi th\u1ee9c MPLS<\/span><\/li>\n<li style=\"color: #444444;font-family: Tahoma;font-size: 13px;background-color: #ffffff\"><span style=\"font-family: 'Roboto Condensed', sans-serif;font-size: 16px;background-color: #ffffff;color: #000000\">H\u1ed5 tr\u1ee3 VPN<\/span><\/li>\n<li style=\"color: #444444;font-family: Tahoma;font-size: 13px;background-color: #ffffff\"><span style=\"font-family: 'Roboto Condensed', sans-serif;font-size: 16px;background-color: #ffffff;color: #000000\">H\u1ed5 tr\u1ee3 Ch\u1ea5t l\u01b0\u1ee3ng D\u1ecbch v\u1ee5 n\u00e2ng cao (QoS)<\/span><\/li>\n<li style=\"color: #444444;font-family: Tahoma;font-size: 13px;background-color: #ffffff\"><span style=\"font-family: 'Roboto Condensed', sans-serif;font-size: 16px;background-color: #ffffff;color: #000000\">C\u00e2n b\u1eb1ng t\u1ea3i \/ Bonding<\/span><\/li>\n<li style=\"color: #444444;font-family: Tahoma;font-size: 13px;background-color: #ffffff\"><span style=\"font-family: 'Roboto Condensed', sans-serif;font-size: 16px;background-color: #ffffff;color: #000000\">Gi\u00e1m s\u00e1t theo th\u1eddi gian th\u1ef1c.<\/span><\/li>\n<li style=\"color: #444444;font-family: Tahoma;font-size: 13px;background-color: #ffffff\"><span style=\"font-family: 'Roboto Condensed', sans-serif;font-size: 16px;background-color: #ffffff;color: #000000\">Kh\u1ea3 n\u0103ng \u0111\u00e1p \u1ee9ng 1000 k\u1ebft n\u1ed1i \u0111\u1ed3ng th\u1eddi<\/span><\/li>\n<\/ul>\n<\/ul>","protected":false},"featured_media":11846,"comment_status":"closed","ping_status":"closed","template":"","meta":[],"pwb-brand":[],"product_cat":[2899],"product_tag":[],"class_list":{"0":"post-11845","1":"product","2":"type-product","3":"status-publish","4":"has-post-thumbnail","6":"product_cat-mikrotik","8":"first","9":"instock","10":"shipping-taxable","11":"product-type-simple"},"brands":[],"_links":{"self":[{"href":"https:\/\/serverhot.vn\/ja\/wp-json\/wp\/v2\/product\/11845","targetHints":{"allow":["GET"]}}],"collection":[{"href":"https:\/\/serverhot.vn\/ja\/wp-json\/wp\/v2\/product"}],"about":[{"href":"https:\/\/serverhot.vn\/ja\/wp-json\/wp\/v2\/types\/product"}],"replies":[{"embeddable":true,"href":"https:\/\/serverhot.vn\/ja\/wp-json\/wp\/v2\/comments?post=11845"}],"wp:featuredmedia":[{"embeddable":true,"href":"https:\/\/serverhot.vn\/ja\/wp-json\/wp\/v2\/media\/11846"}],"wp:attachment":[{"href":"https:\/\/serverhot.vn\/ja\/wp-json\/wp\/v2\/media?parent=11845"}],"wp:term":[{"taxonomy":"pwb-brand","embeddable":true,"href":"https:\/\/serverhot.vn\/ja\/wp-json\/wp\/v2\/pwb-brand?post=11845"},{"taxonomy":"product_cat","embeddable":true,"href":"https:\/\/serverhot.vn\/ja\/wp-json\/wp\/v2\/product_cat?post=11845"},{"taxonomy":"product_tag","embeddable":true,"href":"https:\/\/serverhot.vn\/ja\/wp-json\/wp\/v2\/product_tag?post=11845"}],"curies":[{"name":"wp","href":"https:\/\/api.w.org\/{rel}","templated":true}]}}