{"id":11875,"date":"2024-06-29T15:22:08","date_gmt":"2024-06-29T08:22:08","guid":{"rendered":"https:\/\/serverhot.vn\/product\/uncategorized\/thiet-bi-mang-linksys-mr8300-mesh-wifi-router-ac2200-mu-mimo-ma-san-pham-mr8300\/"},"modified":"2024-06-29T15:22:09","modified_gmt":"2024-06-29T08:22:09","slug":"thiet-bi-mang-linksys-mr8300-mesh-wifi-router-ac2200-mu-mimo-ma-san-pham-mr8300","status":"publish","type":"product","link":"https:\/\/serverhot.vn\/ja\/-product-\/thiet-bi-mang-linksys-mr8300-mesh-wifi-router-ac2200-mu-mimo-ma-san-pham-mr8300\/","title":{"rendered":"Thi\u1ebft B\u1ecb M\u1ea1ng Linksys MR8300 Mesh Wifi Router AC2200 MU-MIMO M\u00e3 s\u1ea3n ph\u1ea9m: MR8300"},"content":{"rendered":"<div class=\"showText tabs\" id=\"tab2\">\n                                    <\/div>","protected":false},"excerpt":{"rendered":"<ul>\n<ul>\n<li><span style=\"color: #8b8d8e;font-family: Arial, sans-serif\">Wi-Fi chu\u1ea9n AC m\u1edbi nh\u1ea5t v\u1edbi MU-MIMO \u0111\u1ed9t ph\u00e1<\/span><\/li>\n<li><span style=\"color: #8b8d8e;font-family: Arial, sans-serif\">T\u1ed1c \u0111\u1ed9 cao 2200Mbps (N400 + AC867 + AC867)<\/span><\/li>\n<li><span style=\"color: #8b8d8e;font-family: Arial, sans-serif\">3 b\u0103ng t\u1ea7n ph\u00e1t s\u00f3ng \u0111\u1ed3ng th\u1eddi t\u1ed1c \u0111\u1ed9 cao<\/span><\/li>\n<li><span style=\"color: #8b8d8e;font-family: Arial, sans-serif\">4 \u0103ng ten \u0111i\u1ec1u ch\u1ec9nh + 06 b\u1ed9 khu\u1ebfch \u0111\u1ea1i c\u00f4ng su\u1ea5t cao<\/span><\/li>\n<li><span style=\"color: #8b8d8e;font-family: Arial, sans-serif\">B\u1ed9 vi x\u1eed l\u00fd 4 nh\u00e2n m\u1ea1nh m\u1ebd gi\u00fap x\u1eed l\u00fd d\u1eef li\u1ec7u c\u1ef1c nhanh<\/span><\/li>\n<li><span style=\"color: #8b8d8e;font-family: Arial, sans-serif\">C\u00f4ng ngh\u1ec7 Wi-Fi Mesh gi\u00fap d\u1ec5 d\u00e0ng m\u1edf r\u1ed9ng v\u00f9ng ph\u1ee7 s\u00f3ng<\/span><\/li>\n<li><span style=\"color: #8b8d8e;font-family: Arial, sans-serif\">T\u01b0\u01a1ng th\u00edch v\u1edbi c\u00e1c d\u00f2ng WiFi Mesh Velop<\/span><\/li>\n<li><span style=\"color: #8b8d8e;font-family: Arial, sans-serif\">C\u00f4ng ngh\u1ec7 Beamforming+ ph\u00e1t s\u00f3ng t\u1eadp trung<\/span><\/li>\n<li><span style=\"color: #8b8d8e;font-family: Arial, sans-serif\">Seamless Roaming chuy\u00ea\u0309n vu\u0300ng kh\u00f4ng gia\u0301n \u0111oa\u0323n<\/span><\/li>\n<li><span style=\"color: #8b8d8e;font-family: Arial, sans-serif\">Smart Connect, Band Steering cho tr\u1ea3i nghi\u1ec7m Wi-Fi t\u1ed1t nh\u1ea5t\u00a0<\/span><\/li>\n<li><span style=\"color: #8b8d8e;font-family: Arial, sans-serif\">Qu\u1ea3n l\u00fd m\u1ea1ng m\u1ecdi n\u01a1i m\u1ecdi l\u00fac v\u1edbi \u1ee9ng d\u1ee5ng Linksys tr\u00ean smart phone<\/span><\/li>\n<li><span style=\"color: #8b8d8e;font-family: Arial, sans-serif\">T\u1ed1i \u01b0u cho gi\u1ea3i tr\u00ed t\u1ed1c \u0111\u1ed9 cao, xem phim 4K, ch\u01a1i game tr\u1ef1c tuy\u1ebfn&#8230;<\/span><\/li>\n<li><span style=\"color: #8b8d8e;font-family: Arial, sans-serif\">Truy c\u1eadp t\u1eadp trung t\u1edbi 96 thi\u1ebft b\u1ecb k\u1ebft n\u1ed1i<\/span><\/li>\n<\/ul>\n<\/ul>","protected":false},"featured_media":11876,"comment_status":"closed","ping_status":"closed","template":"","meta":[],"pwb-brand":[],"product_cat":[2907],"product_tag":[2839,55],"class_list":{"0":"post-11875","1":"product","2":"type-product","3":"status-publish","4":"has-post-thumbnail","6":"product_cat-linksys","7":"product_tag-choi-game","8":"product_tag-run","10":"first","11":"instock","12":"shipping-taxable","13":"product-type-simple"},"brands":[],"_links":{"self":[{"href":"https:\/\/serverhot.vn\/ja\/wp-json\/wp\/v2\/product\/11875","targetHints":{"allow":["GET"]}}],"collection":[{"href":"https:\/\/serverhot.vn\/ja\/wp-json\/wp\/v2\/product"}],"about":[{"href":"https:\/\/serverhot.vn\/ja\/wp-json\/wp\/v2\/types\/product"}],"replies":[{"embeddable":true,"href":"https:\/\/serverhot.vn\/ja\/wp-json\/wp\/v2\/comments?post=11875"}],"wp:featuredmedia":[{"embeddable":true,"href":"https:\/\/serverhot.vn\/ja\/wp-json\/wp\/v2\/media\/11876"}],"wp:attachment":[{"href":"https:\/\/serverhot.vn\/ja\/wp-json\/wp\/v2\/media?parent=11875"}],"wp:term":[{"taxonomy":"pwb-brand","embeddable":true,"href":"https:\/\/serverhot.vn\/ja\/wp-json\/wp\/v2\/pwb-brand?post=11875"},{"taxonomy":"product_cat","embeddable":true,"href":"https:\/\/serverhot.vn\/ja\/wp-json\/wp\/v2\/product_cat?post=11875"},{"taxonomy":"product_tag","embeddable":true,"href":"https:\/\/serverhot.vn\/ja\/wp-json\/wp\/v2\/product_tag?post=11875"}],"curies":[{"name":"wp","href":"https:\/\/api.w.org\/{rel}","templated":true}]}}