{"id":12052,"date":"2024-06-29T16:10:32","date_gmt":"2024-06-29T09:10:32","guid":{"rendered":"https:\/\/serverhot.vn\/product\/uncategorized\/hq-rack-15u-d800-ma-san-pham-hq_rack_15u_d800\/"},"modified":"2024-06-29T16:10:38","modified_gmt":"2024-06-29T09:10:38","slug":"hq-rack-15u-d800-ma-san-pham-hq_rack_15u_d800","status":"publish","type":"product","link":"https:\/\/serverhot.vn\/ja\/-product-\/hq-rack-15u-d800-ma-san-pham-hq_rack_15u_d800\/","title":{"rendered":"HQ-Rack 15U-D800 M\u00e3 s\u1ea3n ph\u1ea9m: HQ_RACK_15U_D800"},"content":{"rendered":"<div class=\"showText tabs\" id=\"tab2\">\n                                    <\/div>","protected":false},"excerpt":{"rendered":"<ul>\n<p><strong><span id=\"edit-327351\"> <\/span><\/strong><\/p>\n<p>K\u00edch th\u01b0\u1edbc: H830*W600*D800 \/M\u00e0u s\u1eafc: \u0110en s\u1ea7n &#8211; Ghi s\u1ea7n \/C\u00e1nh tr\u01b0\u1edbc Mika, c\u00e1nh sau \u00f4 tho\u00e1ng \/Khay c\u1ed1 \u0111\u1ecbnh x 1 \/Ph\u1ee5 ki\u1ec7n: 01 Qu\u1ea1t gi\u00f3 + 01 \u1ed4 c\u1eafm 3 ch\u1ea5u \u0111a n\u0103ng \/Ti\u00eau chu\u1ea9n 19&#8243; \/B\u1ea3o h\u00e0nh 12 th\u00e1ng<\/p>\n<p><strong><span id=\"edit-327351\"> <\/span><\/strong><\/p>\n<\/ul>","protected":false},"featured_media":12053,"comment_status":"closed","ping_status":"closed","template":"","meta":[],"pwb-brand":[],"product_cat":[2915],"product_tag":[],"class_list":{"0":"post-12052","1":"product","2":"type-product","3":"status-publish","4":"has-post-thumbnail","6":"product_cat-tu-rack","8":"first","9":"instock","10":"shipping-taxable","11":"product-type-simple"},"brands":[],"_links":{"self":[{"href":"https:\/\/serverhot.vn\/ja\/wp-json\/wp\/v2\/product\/12052","targetHints":{"allow":["GET"]}}],"collection":[{"href":"https:\/\/serverhot.vn\/ja\/wp-json\/wp\/v2\/product"}],"about":[{"href":"https:\/\/serverhot.vn\/ja\/wp-json\/wp\/v2\/types\/product"}],"replies":[{"embeddable":true,"href":"https:\/\/serverhot.vn\/ja\/wp-json\/wp\/v2\/comments?post=12052"}],"wp:featuredmedia":[{"embeddable":true,"href":"https:\/\/serverhot.vn\/ja\/wp-json\/wp\/v2\/media\/12053"}],"wp:attachment":[{"href":"https:\/\/serverhot.vn\/ja\/wp-json\/wp\/v2\/media?parent=12052"}],"wp:term":[{"taxonomy":"pwb-brand","embeddable":true,"href":"https:\/\/serverhot.vn\/ja\/wp-json\/wp\/v2\/pwb-brand?post=12052"},{"taxonomy":"product_cat","embeddable":true,"href":"https:\/\/serverhot.vn\/ja\/wp-json\/wp\/v2\/product_cat?post=12052"},{"taxonomy":"product_tag","embeddable":true,"href":"https:\/\/serverhot.vn\/ja\/wp-json\/wp\/v2\/product_tag?post=12052"}],"curies":[{"name":"wp","href":"https:\/\/api.w.org\/{rel}","templated":true}]}}