{"id":12136,"date":"2024-06-29T16:24:04","date_gmt":"2024-06-29T09:24:04","guid":{"rendered":"https:\/\/serverhot.vn\/product\/uncategorized\/polycom-realpresence-group-700-720p-12x-ma-san-pham-700-720p-12x\/"},"modified":"2024-06-29T16:24:05","modified_gmt":"2024-06-29T09:24:05","slug":"polycom-realpresence-group-700-720p-12x-ma-san-pham-700-720p-12x","status":"publish","type":"product","link":"https:\/\/serverhot.vn\/ja\/-product-\/polycom-realpresence-group-700-720p-12x-ma-san-pham-700-720p-12x\/","title":{"rendered":"Polycom RealPresence Group 700 720P-12X M\u00e3 s\u1ea3n ph\u1ea9m: 700-720P-12X"},"content":{"rendered":"<div class=\"showText tabs\" id=\"tab2\">\n                                    <\/div>","protected":false},"excerpt":{"rendered":"<ul>\n                                \u2022 B\u1ed9 gi\u1ea3i m\u00e3 Group 700 HD codec,<br \/>\n    \u2022 Camera HD720p, zoom 12x<br \/>\n    \u2022 Micro t\u00edch h\u1ee3p tr\u00ean camera<br \/>\n    \u2022 H\u1ed7 tr\u1ee3 1 ng\u00f5 ra m\u00e0n h\u00ecnh, m\u00e0n h\u00ecnh 2 Option<br \/>\n    \u2022 People+Content th\u00f4ng qua LAN<br \/>\n    \u2022 \u0110i\u1ec1u khi\u1ec3n t\u1eeb xa<br \/>\n    \u2022 Kh\u1ea3 n\u0103ng n\u00e2ng c\u1ea5p MCU 6 \u0111i\u1ec3m                        <\/ul>","protected":false},"featured_media":12137,"comment_status":"closed","ping_status":"closed","template":"","meta":[],"pwb-brand":[],"product_cat":[2910],"product_tag":[],"class_list":{"0":"post-12136","1":"product","2":"type-product","3":"status-publish","4":"has-post-thumbnail","6":"product_cat-thiet-bi-van-phong","8":"first","9":"instock","10":"shipping-taxable","11":"product-type-simple"},"brands":[],"_links":{"self":[{"href":"https:\/\/serverhot.vn\/ja\/wp-json\/wp\/v2\/product\/12136","targetHints":{"allow":["GET"]}}],"collection":[{"href":"https:\/\/serverhot.vn\/ja\/wp-json\/wp\/v2\/product"}],"about":[{"href":"https:\/\/serverhot.vn\/ja\/wp-json\/wp\/v2\/types\/product"}],"replies":[{"embeddable":true,"href":"https:\/\/serverhot.vn\/ja\/wp-json\/wp\/v2\/comments?post=12136"}],"wp:featuredmedia":[{"embeddable":true,"href":"https:\/\/serverhot.vn\/ja\/wp-json\/wp\/v2\/media\/12137"}],"wp:attachment":[{"href":"https:\/\/serverhot.vn\/ja\/wp-json\/wp\/v2\/media?parent=12136"}],"wp:term":[{"taxonomy":"pwb-brand","embeddable":true,"href":"https:\/\/serverhot.vn\/ja\/wp-json\/wp\/v2\/pwb-brand?post=12136"},{"taxonomy":"product_cat","embeddable":true,"href":"https:\/\/serverhot.vn\/ja\/wp-json\/wp\/v2\/product_cat?post=12136"},{"taxonomy":"product_tag","embeddable":true,"href":"https:\/\/serverhot.vn\/ja\/wp-json\/wp\/v2\/product_tag?post=12136"}],"curies":[{"name":"wp","href":"https:\/\/api.w.org\/{rel}","templated":true}]}}