{"id":12200,"date":"2024-06-29T16:33:42","date_gmt":"2024-06-29T09:33:42","guid":{"rendered":"https:\/\/serverhot.vn\/product\/uncategorized\/bo-luu-dien-ups-line-interactive-apc-back-ups-650va-230v-avr-universal-sockets-ma-san-pham-bx650li-ms\/"},"modified":"2024-06-29T16:33:45","modified_gmt":"2024-06-29T09:33:45","slug":"bo-luu-dien-ups-line-interactive-apc-back-ups-650va-230v-avr-universal-sockets-ma-san-pham-bx650li-ms","status":"publish","type":"product","link":"https:\/\/serverhot.vn\/ja\/-product-\/bo-luu-dien-ups-line-interactive-apc-back-ups-650va-230v-avr-universal-sockets-ma-san-pham-bx650li-ms\/","title":{"rendered":"B\u00f4\u0323 L\u01b0u \u0110i\u00ea\u0323n UPS Line Interactive APC Back-UPS 650VA 230V AVR Universal Sockets M\u00e3 s\u1ea3n ph\u1ea9m: BX650LI-MS"},"content":{"rendered":"<div class=\"showText tabs\" id=\"tab2\">\n<div class=\"box_right_pro_view\">\n<div class=\"thongso_pro a_technical\" style=\"max-height: fit-content\">\n<table border=\"1\">\n<tbody>\n<tr>\n<td>MODEL<\/td>\n<td>BX650LI-MS<\/td>\n<\/tr>\n<tr>\n<td>C\u00f4ng su\u1ea5t<\/td>\n<td>650VA\/325W<\/td>\n<\/tr>\n<tr>\n<td colspan=\"2\">TH\u00d4NG TIN NGU\u1ed2N V\u00c0O\u00a0<\/td>\n<\/tr>\n<tr>\n<td>\u0110i\u1ec7n \u00e1p danh \u0111\u1ecbnh<\/td>\n<td>230VAC<\/td>\n<\/tr>\n<tr>\n<td>Ph\u1ea1m vi \u0111i\u1ec7n \u00e1p<\/td>\n<td>180-270VAC<\/td>\n<\/tr>\n<tr>\n<td>Ph\u1ea1m vi t\u1ea7n s\u1ed1<\/td>\n<td>50\/60 Hz +\/- 3Hz<\/td>\n<\/tr>\n<tr>\n<td>C\u1ed5ng k\u1ebft n\u1ed1i \u0111\u1ea7u v\u00e0o<\/td>\n<td>NEMA 5-15P<\/td>\n<\/tr>\n<tr>\n<td>Chi\u1ec1u d\u00e0i d\u00e2y k\u1ebft n\u1ed1i<\/td>\n<td>1.22 m<\/td>\n<\/tr>\n<tr>\n<td>H\u1ec7 s\u1ed1 c\u00f4ng su\u1ea5t \u0111\u1ea7u v\u00e0o khi ch\u1ea1y full t\u1ea3i<\/td>\n<td>0.5<\/td>\n<\/tr>\n<tr>\n<td>S\u1ed1 d\u00e2y ngu\u1ed3n<\/td>\n<td>1<\/td>\n<\/tr>\n<tr>\n<td>D\u00f2ng v\u00e0o c\u1ef1c \u0111\u1ea1i<\/td>\n<td>5.0 A<\/td>\n<\/tr>\n<tr>\n<td colspan=\"2\">TH\u00d4NG S\u1ed0 NGU\u1ed2N RA\u00a0<\/td>\n<\/tr>\n<tr>\n<td>\u0110i\u1ec7n \u00e1p ng\u00f5 ra<\/td>\n<td>230VAC<\/td>\n<\/tr>\n<tr>\n<td>T\u1ea7n s\u1ed1 ng\u00f5 ra<\/td>\n<td>50Hz\/60Hz +\/- 1%<\/td>\n<\/tr>\n<tr>\n<td>Lo\u1ea1i UPS<\/td>\n<td>Line-Interactive<\/td>\n<\/tr>\n<tr>\n<td>Th\u1eddi gian chuy\u1ec3n m\u1ea1ch<\/td>\n<td>4-6ms, th\u01b0\u1eddng l\u00e0 6ms<\/td>\n<\/tr>\n<tr>\n<td>D\u1ea1ng s\u00f3ng<\/td>\n<td>S\u00f3ng sin m\u00f4 ph\u1ecfng<\/td>\n<\/tr>\n<tr>\n<td>C\u1ed5ng k\u1ebft n\u1ed1i ng\u00f5 ra<\/td>\n<td>\n<p>02 c\u1ed5ng\u00a0Universal Receptacle (d\u00f9ng ngu\u1ed3n d\u1ef1 ph\u00f2ng)<\/p>\n<\/td>\n<\/tr>\n<tr>\n<td colspan=\"2\">\u1eaeC QUY V\u00c0 TH\u1edcI GIAN L\u01afU \u0110I\u1ec6N<\/td>\n<\/tr>\n<tr>\n<td>S\u1ed1 l\u01b0\u1ee3ng<\/td>\n<td>1<\/td>\n<\/tr>\n<tr>\n<td>\u1eaec quy thay th\u1ebf<\/td>\n<td>APCRBC110<\/td>\n<\/tr>\n<tr>\n<td>Th\u1eddi gian s\u1ea1c<\/td>\n<td>4 gi\u1edd<\/td>\n<\/tr>\n<tr>\n<td>Dung l\u01b0\u1ee3ng \u1eaec quy (VAH)<\/td>\n<td>75<\/td>\n<\/tr>\n<tr>\n<td colspan=\"2\">GIAO TI\u1ebeP V\u00c0 QU\u1ea2N L\u00dd\u00a0<\/td>\n<\/tr>\n<tr>\n<td>B\u1ea3ng \u0111i\u1ec1u khi\u1ec3n<\/td>\n<td>Hi\u1ec3n th\u1ecb c\u1ea3nh b\u00e1o LED v\u1edbi \u0111\u00e8n ch\u1ec9 th\u1ecb c\u1ea3nh b\u00e1o On Line\/On Battery<\/td>\n<\/tr>\n<tr>\n<td>C\u1ea3nh b\u00e1o \u00e2m thanh<\/td>\n<td>C\u1ea3nh b\u00e1o On Battery\/Distinctive low Battery\/Overload continues tone alarm<\/td>\n<\/tr>\n<tr>\n<td colspan=\"2\">K\u00cdCH TH\u01af\u1edaC\u00a0<\/td>\n<\/tr>\n<tr>\n<td>K\u00edch th\u01b0\u1edbc s\u1ea3n ph\u1ea9m (mm) LxWxH<\/td>\n<td>141x101x300<\/td>\n<\/tr>\n<tr>\n<td>K\u00edch th\u01b0\u1edbc \u0111\u00f3ng g\u00f3i (mm) DxWxH<\/td>\n<td>223x143x347<\/td>\n<\/tr>\n<tr>\n<td>Tr\u1ecdng l\u01b0\u1ee3ng (kgs)<\/td>\n<td>4.33\/4.58<\/td>\n<\/tr>\n<tr>\n<td colspan=\"2\">M\u00d4I TR\u01af\u1edcNG HO\u1ea0T \u0110\u1ed8NG\u00a0<\/td>\n<\/tr>\n<tr>\n<td>\u0110\u1ed9 \u1ea9m<\/td>\n<td>0-95% kh\u00f4ng h\u01a1i n\u01b0\u1edbc.<\/td>\n<\/tr>\n<tr>\n<td>Nhi\u1ec7t \u0111\u1ed9<\/td>\n<td>00C &#8211; 400C<\/td>\n<\/tr>\n<\/tbody>\n<\/table><\/div>\n<p>                            <!--                            <\/p>\n<div class=\"xemthem_id_r\">--><br \/>\n                            <!--                                <a><!--\/show\/?token=--><br \/>\n                            <!--\"--><br \/>\n                            <!--                                   class=\"preview fancybox fancybox.ajax\" rel=\"nofollow\"&gt;Xem th&#234;m th&#244;ng s&#7889; k&#7929; thu&#7853;t<\/a>--><br \/>\n                            <!--                            <\/div>\n<p>-->\n                        <\/p><\/div>\n<\/p><\/div>","protected":false},"excerpt":{"rendered":"<ul>\n<ul>\n<li>C\u00f4ng su\u1ea5t: 650VA<\/li>\n<li>Th\u1eddi gian l\u01b0u t\u1ed1i \u0111a: 100% ta\u0309i l\u01b0u khoa\u0309ng 1 ph\u00fat<\/li>\n<li>C\u1ed5ng giao ti\u1ebfp: kh\u00f4ng co\u0301<\/li>\n<\/ul>\n<\/ul>","protected":false},"featured_media":12201,"comment_status":"closed","ping_status":"closed","template":"","meta":[],"pwb-brand":[],"product_cat":[2913],"product_tag":[],"class_list":{"0":"post-12200","1":"product","2":"type-product","3":"status-publish","4":"has-post-thumbnail","6":"product_cat-bo-luu-dien-ups","8":"first","9":"instock","10":"shipping-taxable","11":"product-type-simple"},"brands":[],"_links":{"self":[{"href":"https:\/\/serverhot.vn\/ja\/wp-json\/wp\/v2\/product\/12200","targetHints":{"allow":["GET"]}}],"collection":[{"href":"https:\/\/serverhot.vn\/ja\/wp-json\/wp\/v2\/product"}],"about":[{"href":"https:\/\/serverhot.vn\/ja\/wp-json\/wp\/v2\/types\/product"}],"replies":[{"embeddable":true,"href":"https:\/\/serverhot.vn\/ja\/wp-json\/wp\/v2\/comments?post=12200"}],"wp:featuredmedia":[{"embeddable":true,"href":"https:\/\/serverhot.vn\/ja\/wp-json\/wp\/v2\/media\/12201"}],"wp:attachment":[{"href":"https:\/\/serverhot.vn\/ja\/wp-json\/wp\/v2\/media?parent=12200"}],"wp:term":[{"taxonomy":"pwb-brand","embeddable":true,"href":"https:\/\/serverhot.vn\/ja\/wp-json\/wp\/v2\/pwb-brand?post=12200"},{"taxonomy":"product_cat","embeddable":true,"href":"https:\/\/serverhot.vn\/ja\/wp-json\/wp\/v2\/product_cat?post=12200"},{"taxonomy":"product_tag","embeddable":true,"href":"https:\/\/serverhot.vn\/ja\/wp-json\/wp\/v2\/product_tag?post=12200"}],"curies":[{"name":"wp","href":"https:\/\/api.w.org\/{rel}","templated":true}]}}