{"id":12256,"date":"2024-06-29T16:45:07","date_gmt":"2024-06-29T09:45:07","guid":{"rendered":"https:\/\/serverhot.vn\/product\/uncategorized\/unifi-gateway-marketing-gm1036-ma-san-pham-gm1036\/"},"modified":"2024-06-29T16:45:08","modified_gmt":"2024-06-29T09:45:08","slug":"unifi-gateway-marketing-gm1036-ma-san-pham-gm1036","status":"publish","type":"product","link":"https:\/\/serverhot.vn\/ja\/-product-\/unifi-gateway-marketing-gm1036-ma-san-pham-gm1036\/","title":{"rendered":"Unifi Gateway Marketing GM1036 M\u00e3 s\u1ea3n ph\u1ea9m: GM1036"},"content":{"rendered":"<div class=\"showText tabs\" id=\"tab2\">\n                                    <\/div>","protected":false},"excerpt":{"rendered":"<ul>\n<p>&#8211; CPU 36 Core 1.2 GHz; RAM 4GB<\/p>\n<p>&#8211; C\u1ed5ng m\u1ea1ng: 12x 10\/100\/1000<\/p>\n<p>&#8211;\u00a0 4 C\u1ed5ng SFP, 1 C\u00f4\u0309ng microUSB type AB<\/p>\n<p>&#8211; Touchscreen LCD panel<\/p>\n<p>&#8211; Ch\u1ecbu t\u1ea3i 1000+ CCU<\/p>\n<p>&#8211; T\u00ednh n\u0103ng Marketing Hotspot:<\/p>\n<p>\u00a0+Ti\u0301nh n\u0103ng thay\u0323 \u0111\u00f4\u0309i trang qua\u0309ng ca\u0301o qua Cloud<\/p>\n<p>\u00a0+ L\u01b0u la\u0323i th\u00f4ng tin cu\u0309a kha\u0301ch ha\u0300ng truy c\u00e2\u0323p wifi<\/p>\n<p>\u00a0+ T\u01b0\u01a1ng ta\u0301c Facebook<\/p>\n<p>\u00a0+ Nh\u1eadp th\u00f4ng tin kh\u00e1ch h\u00e0ng: servey, email, s\u1ed1 \u0111i\u1ec7n tho\u1ea1i<\/p>\n<p>\u00a0+ Gi\u1edbi h\u1ea1n th\u1eddi gian v\u00e0 t\u1ed1c \u0111\u1ed9 truy c\u1eadp tr\u00ean t\u1eebng k\u1ebft n\u1ed1i.<\/p>\n<p>\u00a0+ Plug&amp;Play kh\u00f4ng c\u00e2\u0300n c\u00e2\u0301u hi\u0300nh, l\u0103\u0301p \u0111\u0103\u0323t nhanh cho\u0301ng.<\/p>\n<p>\u00a0+ Qu\u1ea3n l\u00fd qua Cloud Cotnroller.<\/p>\n<\/ul>","protected":false},"featured_media":12257,"comment_status":"closed","ping_status":"closed","template":"","meta":[],"pwb-brand":[],"product_cat":[2901],"product_tag":[],"class_list":{"0":"post-12256","1":"product","2":"type-product","3":"status-publish","4":"has-post-thumbnail","6":"product_cat-ubiquiti","8":"first","9":"instock","10":"shipping-taxable","11":"product-type-simple"},"brands":[],"_links":{"self":[{"href":"https:\/\/serverhot.vn\/ja\/wp-json\/wp\/v2\/product\/12256","targetHints":{"allow":["GET"]}}],"collection":[{"href":"https:\/\/serverhot.vn\/ja\/wp-json\/wp\/v2\/product"}],"about":[{"href":"https:\/\/serverhot.vn\/ja\/wp-json\/wp\/v2\/types\/product"}],"replies":[{"embeddable":true,"href":"https:\/\/serverhot.vn\/ja\/wp-json\/wp\/v2\/comments?post=12256"}],"wp:featuredmedia":[{"embeddable":true,"href":"https:\/\/serverhot.vn\/ja\/wp-json\/wp\/v2\/media\/12257"}],"wp:attachment":[{"href":"https:\/\/serverhot.vn\/ja\/wp-json\/wp\/v2\/media?parent=12256"}],"wp:term":[{"taxonomy":"pwb-brand","embeddable":true,"href":"https:\/\/serverhot.vn\/ja\/wp-json\/wp\/v2\/pwb-brand?post=12256"},{"taxonomy":"product_cat","embeddable":true,"href":"https:\/\/serverhot.vn\/ja\/wp-json\/wp\/v2\/product_cat?post=12256"},{"taxonomy":"product_tag","embeddable":true,"href":"https:\/\/serverhot.vn\/ja\/wp-json\/wp\/v2\/product_tag?post=12256"}],"curies":[{"name":"wp","href":"https:\/\/api.w.org\/{rel}","templated":true}]}}