{"id":12663,"date":"2024-06-29T18:14:24","date_gmt":"2024-06-29T11:14:24","guid":{"rendered":"https:\/\/serverhot.vn\/product\/uncategorized\/loa-bluetooth-thonet-vander-kino-ma-san-pham-hk096-03641\/"},"modified":"2024-06-29T18:14:27","modified_gmt":"2024-06-29T11:14:27","slug":"loa-bluetooth-thonet-vander-kino-ma-san-pham-hk096-03641","status":"publish","type":"product","link":"https:\/\/serverhot.vn\/ja\/-product-\/loa-bluetooth-thonet-vander-kino-ma-san-pham-hk096-03641\/","title":{"rendered":"Loa Bluetooth Thonet &amp; Vander KINO M\u00e3 s\u1ea3n ph\u1ea9m: HK096-03641"},"content":{"rendered":"<div class=\"showText tabs\" id=\"tab2\">\n<div class=\"box_right_pro_view\">\n<div class=\"thongso_pro a_technical\" style=\"max-height: fit-content\">\n<table border=\"1\" cellspacing=\"0\" cellpadding=\"0\">\n<tbody>\n<tr>\n<td><span>H\u00e3ng s\u1ea3n xu\u1ea5t<\/span><\/td>\n<td><span>\u00a0Thonet &amp; Vander<\/span><\/td>\n<\/tr>\n<tr>\n<td><span>M\u00e3 s\u1ea3n ph\u1eabm<\/span><\/td>\n<td><span>HK096-03641<\/span><\/td>\n<\/tr>\n<tr>\n<td><span>C\u00f4ng su\u1ea5t<\/span><\/td>\n<td><span>150 W<\/span><\/td>\n<\/tr>\n<tr>\n<td><span>Tr\u00ecnh \u0111i\u1ec1u khi\u1ec3n Bar<\/span><\/td>\n<td><span>4 tr\u00ecnh \u0111i\u1ec1u khi\u1ec3n (2 m\u1ed7i k\u00eanh) \u2013 2.2 \u2013 8 Ohms<\/span><\/td>\n<\/tr>\n<tr>\n<td>Tr\u00ecnh \u0111i\u1ec1u khi\u1ec3n loa Sub<span><br \/><\/span><\/td>\n<td><span><span>6.5 \u2013 4 Ohm<\/span><br \/><\/span><\/td>\n<\/tr>\n<tr>\n<td><span>\u0110i\u1ec1u khi\u1ec3n t\u1eeb xa<\/span><\/td>\n<td><span>\u00a0B\u1eb1ng Remote<\/span><\/td>\n<\/tr>\n<tr>\n<td><span>H\u1ed7 tr\u1ee3 c\u00e1p quang<\/span><\/td>\n<td><span>C\u00f3 d\u00e2y Optical<\/span><\/td>\n<\/tr>\n<tr>\n<td><span>H\u1ed7 tr\u1ee3 b\u1ed9 g\u1eafn t\u01b0\u1eddng<\/span><\/td>\n<td><span>C\u00f3<\/span><\/td>\n<\/tr>\n<tr>\n<td><span>Phi\u00ean b\u1ea3n bluetooth<\/span><\/td>\n<td><span>5.0<\/span><\/td>\n<\/tr>\n<tr>\n<td><span>Ph\u1ea1m vi bluetooth<\/span><\/td>\n<td><span>l\u00ean \u0111\u1ebfn 10 m\u00e9t<\/span><\/td>\n<\/tr>\n<tr>\n<td><span>T\u1ea7n s\u1ed1 bluetooth<\/span><\/td>\n<td><span>2.4GHz<\/span><\/td>\n<\/tr>\n<tr>\n<td><span>M\u00e0n h\u00ecnh hi\u1ec3n th\u1ecb<\/span><\/td>\n<td><span>7 \u0111o\u1ea1n, m\u00e0u tr\u1eafng<\/span><\/td>\n<\/tr>\n<tr>\n<td><span>K\u00edch th\u01b0\u1edbc thanh<\/span><\/td>\n<td><span>98,6 x 7,3 x 7cm<\/span><\/td>\n<\/tr>\n<tr>\n<td><span>K\u00edch th\u01b0\u1edbc loa Sub<br \/><\/span><\/td>\n<td><span><span>29x12x41cm<\/span><br \/><\/span><\/td>\n<\/tr>\n<tr>\n<td><span><span>K\u00edch th\u01b0\u1edbc h\u1ed9p<\/span><br \/><\/span><\/td>\n<td><span><span><span>104 x 17.5 x 43 cm<\/span><br \/><\/span><\/span><\/td>\n<\/tr>\n<tr>\n<td><span>Tr\u1ecdng l\u01b0\u1ee3ng<\/span><\/td>\n<td><span>7.5kg<\/span><\/td>\n<\/tr>\n<tr>\n<td><span>S\u1ea3n xu\u1ea5t t\u1ea1i<\/span><\/td>\n<td><span>Trung Qu\u1ed1c<\/span><\/td>\n<\/tr>\n<\/tbody>\n<\/table><\/div>\n<p>                            <!--                            <\/p>\n<div class=\"xemthem_id_r\">--><br \/>\n                            <!--                                <a><!--\/show\/?token=--><br \/>\n                            <!--\"--><br \/>\n                            <!--                                   class=\"preview fancybox fancybox.ajax\" rel=\"nofollow\"&gt;Xem th&#234;m th&#244;ng s&#7889; k&#7929; thu&#7853;t<\/a>--><br \/>\n                            <!--                            <\/div>\n<p>-->\n                        <\/p><\/div>\n<\/p><\/div>","protected":false},"excerpt":{"rendered":"<ul>\n<ul>\n<li style=\"text-align: justify\"><span style=\"font-size: 18px\">C\u1ed9ng su\u1ea5t : 150w<\/span><\/li>\n<li style=\"text-align: justify\"><span style=\"font-size: 18px\">T\u1ea7n s\u1ed1: 2.4GHz<\/span><\/li>\n<li style=\"text-align: justify\"><span style=\"font-size: 18px\">\u0110\u00e1p \u1ee9ng t\u1ea7n s\u1ed1: 20hz \u2013 20khz<\/span><\/li>\n<li style=\"text-align: justify\"><span style=\"font-size: 18px\">Chi\u1ec1u d\u00e0i c\u00e1p loa si\u00eau tr\u1ea7m: 4 m\u00e9t<\/span><\/li>\n<li style=\"text-align: justify\"><span style=\"font-size: 18px\">K\u1ebft n\u1ed1i: Bluetooth, RCA, 3,5mm, HDMI ,Coaxial ,Optical<\/span><\/li>\n<\/ul>\n<\/ul>","protected":false},"featured_media":12664,"comment_status":"closed","ping_status":"closed","template":"","meta":[],"pwb-brand":[],"product_cat":[2912],"product_tag":[55],"class_list":{"0":"post-12663","1":"product","2":"type-product","3":"status-publish","4":"has-post-thumbnail","6":"product_cat-loa-thonet-vander","7":"product_tag-run","9":"first","10":"instock","11":"shipping-taxable","12":"product-type-simple"},"brands":[],"_links":{"self":[{"href":"https:\/\/serverhot.vn\/ja\/wp-json\/wp\/v2\/product\/12663","targetHints":{"allow":["GET"]}}],"collection":[{"href":"https:\/\/serverhot.vn\/ja\/wp-json\/wp\/v2\/product"}],"about":[{"href":"https:\/\/serverhot.vn\/ja\/wp-json\/wp\/v2\/types\/product"}],"replies":[{"embeddable":true,"href":"https:\/\/serverhot.vn\/ja\/wp-json\/wp\/v2\/comments?post=12663"}],"wp:featuredmedia":[{"embeddable":true,"href":"https:\/\/serverhot.vn\/ja\/wp-json\/wp\/v2\/media\/12664"}],"wp:attachment":[{"href":"https:\/\/serverhot.vn\/ja\/wp-json\/wp\/v2\/media?parent=12663"}],"wp:term":[{"taxonomy":"pwb-brand","embeddable":true,"href":"https:\/\/serverhot.vn\/ja\/wp-json\/wp\/v2\/pwb-brand?post=12663"},{"taxonomy":"product_cat","embeddable":true,"href":"https:\/\/serverhot.vn\/ja\/wp-json\/wp\/v2\/product_cat?post=12663"},{"taxonomy":"product_tag","embeddable":true,"href":"https:\/\/serverhot.vn\/ja\/wp-json\/wp\/v2\/product_tag?post=12663"}],"curies":[{"name":"wp","href":"https:\/\/api.w.org\/{rel}","templated":true}]}}