{"id":12757,"date":"2024-06-29T18:26:11","date_gmt":"2024-06-29T11:26:11","guid":{"rendered":"https:\/\/serverhot.vn\/product\/uncategorized\/300-mbps-802-11n-in-wall-wireless-access-point-eu-type-wnap-w2201a-ma-san-pham-wnap-w2201a\/"},"modified":"2024-06-29T18:26:12","modified_gmt":"2024-06-29T11:26:12","slug":"300-mbps-802-11n-in-wall-wireless-access-point-eu-type-wnap-w2201a-ma-san-pham-wnap-w2201a","status":"publish","type":"product","link":"https:\/\/serverhot.vn\/ja\/-product-\/300-mbps-802-11n-in-wall-wireless-access-point-eu-type-wnap-w2201a-ma-san-pham-wnap-w2201a\/","title":{"rendered":"300 Mbps 802.11n In-Wall Wireless Access Point (EU Type) &#8211; WNAP-W2201A M\u00e3 s\u1ea3n ph\u1ea9m: WNAP-W2201A"},"content":{"rendered":"<div class=\"showText tabs\" id=\"tab2\">\n                                    <\/div>","protected":false},"excerpt":{"rendered":"<ul>\n<p><strong>H\u1ed7 tr\u1ee3 ph\u1ea7n c\u1ee9ng<\/strong><br \/>T\u01b0\u01a1ng th\u00edch chu\u1ea9n kh\u00f4ng d\u00e2y IEEE 802.11n v\u1edbi t\u1ed1c \u0111\u1ed9 t\u1edbi 300 Mbps<br \/>M\u1ed9t c\u1ed5ng 10\/100BASE v\u00e0 h\u1ed7 tr\u1ee3 c\u1ed5ng (PD) PoE<br \/>M\u1ed9t c\u1ed5ng RJ11 cho k\u1ebft n\u1ed1i \u0111\u01b0\u1eddng d\u00e2y \u0111i\u1ec7n tho\u1ea1i<br \/>T\u01b0\u01a1ng th\u00edch v\u1edbi chu\u1ea9n Ch\u00e2u \u00c2u 86-type v\u00e0 75-type<\/p>\n<p><strong>H\u1ed7 tr\u01a1 b\u1ea3o m\u1eadt<\/strong><br \/>N\u00e2ng caop b\u1ea3o m\u1eadt 64-\/128-bit WEP, WPA\/WPA2 and WPA-PSK\/WPA2-PSK (TKIP\/AES encryption), 802.1x<br \/>H\u1ed7 tr\u1ee3 l\u1ecdc \u0111\u1ecba ch\u1ec9 MAC<\/p>\n<p><strong>H\u1ed7 tr\u1ee3 nhi\u1ec1u t\u00ednh n\u0103ng kh\u00f4ng d\u00e2y<\/strong><br \/>H\u1ed7 tr\u1ee3 nhi\u1ec1u ch\u1ebf \u0111\u1ed9 ho\u1ea1t \u0111\u1ed9ng AP (Multi-SSIDs), Client, Repeater\/Universal Repeater, WDS Point-to-Point (PtP) and WDS Point-to-Multipoint (PtMP)<br \/>H\u1ed7 tr\u1ee3 t\u1edbi 5 SSID cho ph\u00e9p ng\u01b0\u1eddi d\u00f9ng truy c\u1eadp v\u00e0o c\u00e1c m\u1ea1ng kh\u00f4ng d\u00e2y kh\u00e1c nhau<br \/>H\u1ed7 tr\u1ee3 WMM v\u00e0 QoS t\u0103ng c\u01b0\u1eddng hi\u1ec7u qu\u1ea3 d\u1ecbch v\u1ee5\u00a0<br \/>H\u1ed7 tr\u1ee3 IAPP cho ph\u00e9p roaming chuy\u1ec3n v\u00f9ng v\u1edbi ng\u01b0\u1eddi d\u00f9ng<br \/>H\u1ed7 tr\u1ee3 5 m\u1ee9c \u0111\u1ed9 c\u00f4ng su\u1ea5t ph\u00e1t \u0111\u1ec3 \u0111i\u1ec1u ch\u1ec9nh theo t\u1eebng m\u00f4i tr\u01b0\u1eddng<br \/>L\u1eadp l\u1ecbch ph\u1ee7 s\u00f3ng kh\u00f4ng d\u00e2y \u0111\u1ec3 th\u1ef1c thi k\u1ebft n\u1ed1i Internet<br \/>H\u1ed7 tr\u1ee3 c\u01a1 ch\u1ebf t\u1ef1 \u0111\u1ed9ng kh\u1edfi \u0111\u1ed9ng l\u1ea1i \u0111\u1ec3 s\u1eeda l\u1ed7i cho \u0111\u1ed9 tin c\u1eady cao<\/p>\n<p>D\u1ec5 d\u00e0ng tri\u1ec3n khai v\u00e0 qu\u1ea3n l\u00fd t\u1eadp trung<br \/>H\u1ed7 tr\u1ee3 thi\u1ebft b\u1ecb qu\u1ea3n l\u00fd AP cho ph\u00e9p qu\u1ea3n tr\u1ecb v\u00e0 gi\u00e1m s\u00e1t AP \u0111\u1ed3ng th\u1eddi<br \/>Tri\u1ec3n khai linh ho\u1ea1t v\u1edbi t\u00ednh n\u0103ng nh\u1eadn ngu\u1ed3n PoE IEEE 802,3af\/at\u00a0<br \/>Thi\u1ebft k\u1ebf \u00e2m t\u01b0\u1eddng ph\u00f9 h\u1ee3p v\u1edbi thi\u1ebft k\u1ebf n\u1ed9i th\u1ea5t<br \/>H\u1ed7 tr\u1ee3 c\u1ea5u h\u00ecnh theo t\u1eebng b\u01b0\u1edbc theo giao di\u1ec7n \u0111\u1ed3 h\u1ecda<br \/>H\u1ed7 tr\u1ee3 SNMP<br \/>Gi\u00e1m s\u00e1t t\u00ecnh tr\u1ea1ng ho\u1ea1t \u0111\u1ed9ng v\u00e0 c\u1ea3 \u0111\u0103ng nh\u1eadp h\u1ec7 th\u1ed1ng<\/p>\n<\/ul>","protected":false},"featured_media":12758,"comment_status":"closed","ping_status":"closed","template":"","meta":[],"pwb-brand":[],"product_cat":[2903],"product_tag":[2853,55,2852],"class_list":{"0":"post-12757","1":"product","2":"type-product","3":"status-publish","4":"has-post-thumbnail","6":"product_cat-planet","7":"product_tag-access-point","8":"product_tag-run","9":"product_tag-wireless","11":"first","12":"instock","13":"shipping-taxable","14":"product-type-simple"},"brands":[],"_links":{"self":[{"href":"https:\/\/serverhot.vn\/ja\/wp-json\/wp\/v2\/product\/12757","targetHints":{"allow":["GET"]}}],"collection":[{"href":"https:\/\/serverhot.vn\/ja\/wp-json\/wp\/v2\/product"}],"about":[{"href":"https:\/\/serverhot.vn\/ja\/wp-json\/wp\/v2\/types\/product"}],"replies":[{"embeddable":true,"href":"https:\/\/serverhot.vn\/ja\/wp-json\/wp\/v2\/comments?post=12757"}],"wp:featuredmedia":[{"embeddable":true,"href":"https:\/\/serverhot.vn\/ja\/wp-json\/wp\/v2\/media\/12758"}],"wp:attachment":[{"href":"https:\/\/serverhot.vn\/ja\/wp-json\/wp\/v2\/media?parent=12757"}],"wp:term":[{"taxonomy":"pwb-brand","embeddable":true,"href":"https:\/\/serverhot.vn\/ja\/wp-json\/wp\/v2\/pwb-brand?post=12757"},{"taxonomy":"product_cat","embeddable":true,"href":"https:\/\/serverhot.vn\/ja\/wp-json\/wp\/v2\/product_cat?post=12757"},{"taxonomy":"product_tag","embeddable":true,"href":"https:\/\/serverhot.vn\/ja\/wp-json\/wp\/v2\/product_tag?post=12757"}],"curies":[{"name":"wp","href":"https:\/\/api.w.org\/{rel}","templated":true}]}}