{"id":12959,"date":"2024-06-29T18:54:38","date_gmt":"2024-06-29T11:54:38","guid":{"rendered":"https:\/\/serverhot.vn\/product\/uncategorized\/module-quang-tp-link-tl-sm311lm-sfp-gigabit-ma-san-pham-tl-sm311lm\/"},"modified":"2024-06-29T18:54:40","modified_gmt":"2024-06-29T11:54:40","slug":"module-quang-tp-link-tl-sm311lm-sfp-gigabit-ma-san-pham-tl-sm311lm","status":"publish","type":"product","link":"https:\/\/serverhot.vn\/ja\/-product-\/module-quang-tp-link-tl-sm311lm-sfp-gigabit-ma-san-pham-tl-sm311lm\/","title":{"rendered":"Module Quang TP-Link TL-SM311LM SFP Gigabit M\u00e3 s\u1ea3n ph\u1ea9m: TL-SM311LM"},"content":{"rendered":"<div class=\"showText tabs\" id=\"tab2\">\n                                    <\/div>","protected":false},"excerpt":{"rendered":"<ul>\n<p>TP-LINK TL-SM311LM Module SFP Gigabit, Multi-mode, MiniGBIC, Giao di\u1ec7n LC, Kho\u1ea3ng c\u00e1ch l\u00ean \u0111\u1ebfn 550\/275m<\/p>\n<\/ul>","protected":false},"featured_media":12960,"comment_status":"closed","ping_status":"closed","template":"","meta":[],"pwb-brand":[],"product_cat":[2893],"product_tag":[],"class_list":{"0":"post-12959","1":"product","2":"type-product","3":"status-publish","4":"has-post-thumbnail","6":"product_cat-cisco","8":"first","9":"instock","10":"shipping-taxable","11":"product-type-simple"},"brands":[],"_links":{"self":[{"href":"https:\/\/serverhot.vn\/ja\/wp-json\/wp\/v2\/product\/12959","targetHints":{"allow":["GET"]}}],"collection":[{"href":"https:\/\/serverhot.vn\/ja\/wp-json\/wp\/v2\/product"}],"about":[{"href":"https:\/\/serverhot.vn\/ja\/wp-json\/wp\/v2\/types\/product"}],"replies":[{"embeddable":true,"href":"https:\/\/serverhot.vn\/ja\/wp-json\/wp\/v2\/comments?post=12959"}],"wp:featuredmedia":[{"embeddable":true,"href":"https:\/\/serverhot.vn\/ja\/wp-json\/wp\/v2\/media\/12960"}],"wp:attachment":[{"href":"https:\/\/serverhot.vn\/ja\/wp-json\/wp\/v2\/media?parent=12959"}],"wp:term":[{"taxonomy":"pwb-brand","embeddable":true,"href":"https:\/\/serverhot.vn\/ja\/wp-json\/wp\/v2\/pwb-brand?post=12959"},{"taxonomy":"product_cat","embeddable":true,"href":"https:\/\/serverhot.vn\/ja\/wp-json\/wp\/v2\/product_cat?post=12959"},{"taxonomy":"product_tag","embeddable":true,"href":"https:\/\/serverhot.vn\/ja\/wp-json\/wp\/v2\/product_tag?post=12959"}],"curies":[{"name":"wp","href":"https:\/\/api.w.org\/{rel}","templated":true}]}}