{"id":14168,"date":"2024-10-15T12:00:12","date_gmt":"2024-10-15T05:00:12","guid":{"rendered":"https:\/\/serverhot.vn\/-product-\/may-tinh-all-in-one-dell-inspiron-aio-dt-5420-42inaio540020-core-i7-1355u-16gb-2x8gb-512gb-ssd-23-8inch-windows-11-home-office-home-and-student-2021-ma-san-pham-42inaio540020\/"},"modified":"2024-10-15T12:00:17","modified_gmt":"2024-10-15T05:00:17","slug":"may-tinh-all-in-one-dell-inspiron-aio-dt-5420-42inaio540020-core-i7-1355u-16gb-2x8gb-512gb-ssd-23-8inch-windows-11-home-office-home-and-student-2021-ma-san-pham-42inaio540020","status":"publish","type":"product","link":"https:\/\/serverhot.vn\/ja\/-product-\/may-tinh-all-in-one-dell-inspiron-aio-dt-5420-42inaio540020-core-i7-1355u-16gb-2x8gb-512gb-ssd-23-8inch-windows-11-home-office-home-and-student-2021-ma-san-pham-42inaio540020\/","title":{"rendered":"M\u00e1y T\u00ednh All in one Dell Inspiron AIO DT 5420 42INAIO540020 (Core i7-1355U\/ 16GB (2x8GB)\/ 512GB SSD\/ 23.8Inch\/ Windows 11 Home\/ Office Home and Student 2021) M\u00e3 s\u1ea3n ph\u1ea9m: 42INAIO540020"},"content":{"rendered":"<div class=\"showText tabs\" id=\"tab2\">\n                                    <\/div>","protected":false},"excerpt":{"rendered":"<ul>\n<p>Ch\u00edp x\u1eed l\u00fd: Core i7-1355U (upto 5.0GHz)<\/p>\n<p>B\u1ed9 nh\u1edb Ram: 16GB DDR4 3200MHz (2x8GB)( 2 khe)<\/p>\n<p>\u1ed4 \u0111\u0129a c\u1ee9ng: SSD 512GB M.2 PCIe NVMe<\/p>\n<p>Card \u0111\u1ed3 h\u1ecda: Intel Iris Xe Graphics<\/p>\n<p>M\u00e0n h\u00ecnh: 23.8 FHD (1920 x 1080), Anti-Glare Narrow Border &#8211; Kh\u00f4ng c\u1ea3m \u1ee9ng<\/p>\n<p>T\u00edch h\u1ee3p :Camera FHD IR Camera (Black) + Loa ngo\u00e0i<\/p>\n<p>Ph\u00edm chu\u1ed9t : Wireless<\/p>\n<p>DVDRW: Kh\u00f4ng<\/p>\n<p>K\u1ebft n\u1ed1i m\u1ea1ng: Lan gigabit, Wifi + Bluetooth<\/p>\n<p>H\u1ec7 \u0111i\u1ec1u h\u00e0nh: Windows 11 Home 64bit + Office Home and Student 2021<\/p>\n<\/ul>","protected":false},"featured_media":14169,"comment_status":"closed","ping_status":"closed","template":"","meta":[],"pwb-brand":[],"product_cat":[2886],"product_tag":[2852],"class_list":{"0":"post-14168","1":"product","2":"type-product","3":"status-publish","4":"has-post-thumbnail","6":"product_cat-dell-workstation","7":"product_tag-wireless","9":"first","10":"instock","11":"shipping-taxable","12":"product-type-simple"},"brands":[],"_links":{"self":[{"href":"https:\/\/serverhot.vn\/ja\/wp-json\/wp\/v2\/product\/14168","targetHints":{"allow":["GET"]}}],"collection":[{"href":"https:\/\/serverhot.vn\/ja\/wp-json\/wp\/v2\/product"}],"about":[{"href":"https:\/\/serverhot.vn\/ja\/wp-json\/wp\/v2\/types\/product"}],"replies":[{"embeddable":true,"href":"https:\/\/serverhot.vn\/ja\/wp-json\/wp\/v2\/comments?post=14168"}],"wp:featuredmedia":[{"embeddable":true,"href":"https:\/\/serverhot.vn\/ja\/wp-json\/wp\/v2\/media\/14169"}],"wp:attachment":[{"href":"https:\/\/serverhot.vn\/ja\/wp-json\/wp\/v2\/media?parent=14168"}],"wp:term":[{"taxonomy":"pwb-brand","embeddable":true,"href":"https:\/\/serverhot.vn\/ja\/wp-json\/wp\/v2\/pwb-brand?post=14168"},{"taxonomy":"product_cat","embeddable":true,"href":"https:\/\/serverhot.vn\/ja\/wp-json\/wp\/v2\/product_cat?post=14168"},{"taxonomy":"product_tag","embeddable":true,"href":"https:\/\/serverhot.vn\/ja\/wp-json\/wp\/v2\/product_tag?post=14168"}],"curies":[{"name":"wp","href":"https:\/\/api.w.org\/{rel}","templated":true}]}}