{"id":14266,"date":"2024-10-27T17:00:11","date_gmt":"2024-10-27T10:00:11","guid":{"rendered":"https:\/\/serverhot.vn\/-product-\/day-nhay-patch-cord-5m-cat6-blue-npc06uvdb-bl017f-commscope-ma-san-pham-npc06uvdb-bl017f\/"},"modified":"2024-10-27T17:00:13","modified_gmt":"2024-10-27T10:00:13","slug":"day-nhay-patch-cord-5m-cat6-blue-npc06uvdb-bl017f-commscope-ma-san-pham-npc06uvdb-bl017f","status":"publish","type":"product","link":"https:\/\/serverhot.vn\/ja\/-product-\/day-nhay-patch-cord-5m-cat6-blue-npc06uvdb-bl017f-commscope-ma-san-pham-npc06uvdb-bl017f\/","title":{"rendered":"D\u00e2y nh\u1ea3y patch cord 5m Cat6 Blue (NPC06UVDB-BL017F) commscope M\u00e3 s\u1ea3n ph\u1ea9m: NPC06UVDB-BL017F"},"content":{"rendered":"<div class=\"showText tabs\" id=\"tab2\">\n                                    <\/div>","protected":false},"excerpt":{"rendered":"<ul>\n<p>Chi\u1ec1u d\u00e0i d\u00e2y: 5mm\u00e0u xanh<\/p>\n<p>D\u00e2y nh\u1ea3y m\u1ea1ng cat6 c\u00f3 \u0111i\u1ec7n dung: 13.5 pf\/ft. \u1edf 1Mhz.<\/p>\n<p>Tr\u1edf kh\u00e1ng: 100 ohms +\/-15%, 1 MHz to 100 MHz.<\/p>\n<p>D\u00e2y d\u1eabn: \u0111\u1ed3ng d\u1ea1ng d\u00e2y m\u1ec1m \u2013 stranded, \u0111\u01b0\u1eddng k\u00ednh l\u00f5i 24 AWG.<\/p>\n<p>V\u1ecf b\u1ecdc c\u00e1ch \u0111i\u1ec7n: Ch\u1ea5t l\u00e0m ch\u1eadm ph\u00e1t l\u1eeda Polyethylene.<\/p>\n<p>V\u1ecf b\u1ecdc: PVC, .210 dia. Nom. Kh\u00f4ng b\u1ecdc gi\u00e1p ch\u1ed1ng nhi\u1ec5u.\u00a0<\/p>\n<\/ul>","protected":false},"featured_media":14267,"comment_status":"closed","ping_status":"closed","template":"","meta":[],"pwb-brand":[],"product_cat":[2901],"product_tag":[],"class_list":{"0":"post-14266","1":"product","2":"type-product","3":"status-publish","4":"has-post-thumbnail","6":"product_cat-ubiquiti","8":"first","9":"instock","10":"shipping-taxable","11":"product-type-simple"},"brands":[],"_links":{"self":[{"href":"https:\/\/serverhot.vn\/ja\/wp-json\/wp\/v2\/product\/14266","targetHints":{"allow":["GET"]}}],"collection":[{"href":"https:\/\/serverhot.vn\/ja\/wp-json\/wp\/v2\/product"}],"about":[{"href":"https:\/\/serverhot.vn\/ja\/wp-json\/wp\/v2\/types\/product"}],"replies":[{"embeddable":true,"href":"https:\/\/serverhot.vn\/ja\/wp-json\/wp\/v2\/comments?post=14266"}],"wp:featuredmedia":[{"embeddable":true,"href":"https:\/\/serverhot.vn\/ja\/wp-json\/wp\/v2\/media\/14267"}],"wp:attachment":[{"href":"https:\/\/serverhot.vn\/ja\/wp-json\/wp\/v2\/media?parent=14266"}],"wp:term":[{"taxonomy":"pwb-brand","embeddable":true,"href":"https:\/\/serverhot.vn\/ja\/wp-json\/wp\/v2\/pwb-brand?post=14266"},{"taxonomy":"product_cat","embeddable":true,"href":"https:\/\/serverhot.vn\/ja\/wp-json\/wp\/v2\/product_cat?post=14266"},{"taxonomy":"product_tag","embeddable":true,"href":"https:\/\/serverhot.vn\/ja\/wp-json\/wp\/v2\/product_tag?post=14266"}],"curies":[{"name":"wp","href":"https:\/\/api.w.org\/{rel}","templated":true}]}}