{"id":14348,"date":"2024-10-28T17:15:10","date_gmt":"2024-10-28T10:15:10","guid":{"rendered":"https:\/\/serverhot.vn\/-product-\/router-wifi-6-tp-link-archer-ax6000-onemesh-dual-band-ax6000-ma-san-pham-ax6000\/"},"modified":"2024-10-28T17:15:13","modified_gmt":"2024-10-28T10:15:13","slug":"router-wifi-6-tp-link-archer-ax6000-onemesh-dual-band-ax6000-ma-san-pham-ax6000","status":"publish","type":"product","link":"https:\/\/serverhot.vn\/ja\/-product-\/router-wifi-6-tp-link-archer-ax6000-onemesh-dual-band-ax6000-ma-san-pham-ax6000\/","title":{"rendered":"Router WiFi 6 TP-Link Archer AX6000 | OneMesh | Dual-band | AX6000 M\u00e3 s\u1ea3n ph\u1ea9m: AX6000"},"content":{"rendered":"<div class=\"showText tabs\" id=\"tab2\">\n                                    <\/div>","protected":false},"excerpt":{"rendered":"<ul>\n<ul style=\"list-style-type: square\">\n<li>C\u00f4ng ngh\u1ec7 Wi-Fi: 802.11ax (Wi-Fi 6)<\/li>\n<li>T\u1ed1c \u0111\u1ed9: L\u00ean \u0111\u1ebfn 5952 Mbps (4804 Mbps tr\u00ean 5 GHz v\u00e0 1148 Mbps tr\u00ean 2.4 GHz)<\/li>\n<li>B\u1ed9 x\u1eed l\u00fd: CPU l\u00f5i t\u1ee9 1.8 GHz\u00a0<\/li>\n<li>B\u1ed9 nh\u1edb: 512 MB RAM<\/li>\n<li>C\u1ed5ng WAN: 1 c\u1ed5ng 2.5 Gbps<\/li>\n<li>C\u1ed5ng LAN: 8 c\u1ed5ng Gigabit Ethernet<\/li>\n<li>C\u1ed5ng USB: 2 c\u1ed5ng USB 3.0 (lo\u1ea1i A v\u00e0 lo\u1ea1i C)<\/li>\n<li>\u0102ng-ten: 8 \u0103ng-ten ngo\u00e0i c\u00f4ng su\u1ea5t cao<\/li>\n<li>B\u1ea3o m\u1eadt: WPA3, TP-Link HomeCare (Ch\u1ed1ng virus, Ki\u1ec3m so\u00e1t c\u1ee7a cha m\u1eb9, QoS)<\/li>\n<\/ul>\n<\/ul>","protected":false},"featured_media":14349,"comment_status":"closed","ping_status":"closed","template":"","meta":[],"pwb-brand":[],"product_cat":[2896],"product_tag":[],"class_list":{"0":"post-14348","1":"product","2":"type-product","3":"status-publish","4":"has-post-thumbnail","6":"product_cat-tp-link","8":"first","9":"instock","10":"shipping-taxable","11":"product-type-simple"},"brands":[],"_links":{"self":[{"href":"https:\/\/serverhot.vn\/ja\/wp-json\/wp\/v2\/product\/14348","targetHints":{"allow":["GET"]}}],"collection":[{"href":"https:\/\/serverhot.vn\/ja\/wp-json\/wp\/v2\/product"}],"about":[{"href":"https:\/\/serverhot.vn\/ja\/wp-json\/wp\/v2\/types\/product"}],"replies":[{"embeddable":true,"href":"https:\/\/serverhot.vn\/ja\/wp-json\/wp\/v2\/comments?post=14348"}],"wp:featuredmedia":[{"embeddable":true,"href":"https:\/\/serverhot.vn\/ja\/wp-json\/wp\/v2\/media\/14349"}],"wp:attachment":[{"href":"https:\/\/serverhot.vn\/ja\/wp-json\/wp\/v2\/media?parent=14348"}],"wp:term":[{"taxonomy":"pwb-brand","embeddable":true,"href":"https:\/\/serverhot.vn\/ja\/wp-json\/wp\/v2\/pwb-brand?post=14348"},{"taxonomy":"product_cat","embeddable":true,"href":"https:\/\/serverhot.vn\/ja\/wp-json\/wp\/v2\/product_cat?post=14348"},{"taxonomy":"product_tag","embeddable":true,"href":"https:\/\/serverhot.vn\/ja\/wp-json\/wp\/v2\/product_tag?post=14348"}],"curies":[{"name":"wp","href":"https:\/\/api.w.org\/{rel}","templated":true}]}}