{"id":14629,"date":"2025-02-19T16:15:55","date_gmt":"2025-02-19T09:15:55","guid":{"rendered":"https:\/\/serverhot.vn\/-product-\/cap-chuyen-doi-hdmi-to-dvi-241-dai-3m-hd106-chinh-hang-ugreen-10136-ma-san-pham-10136\/"},"modified":"2025-02-19T16:16:08","modified_gmt":"2025-02-19T09:16:08","slug":"cap-chuyen-doi-hdmi-to-dvi-241-dai-3m-hd106-chinh-hang-ugreen-10136-ma-san-pham-10136","status":"publish","type":"product","link":"https:\/\/serverhot.vn\/ja\/-product-\/cap-chuyen-doi-hdmi-to-dvi-241-dai-3m-hd106-chinh-hang-ugreen-10136-ma-san-pham-10136\/","title":{"rendered":"C\u00e1p chuy\u1ec3n \u0111\u1ed5i HDMI to DVI 24+1 d\u00e0i 3m HD106 ch\u00ednh h\u00e3ng Ugreen 10136 M\u00e3 s\u1ea3n ph\u1ea9m: 10136"},"content":{"rendered":"<div class=\"showText tabs\" id=\"tab2\">\n                                    <\/div>","protected":false},"excerpt":{"rendered":"<ul>\n<p>C\u00e1p HDMI to DVI cao c\u1ea5p Ugreen HD106 cho ph\u00e9p b\u1ea1n k\u1ebft n\u1ed1i c\u00e1c thi\u1ebft b\u1ecb HDMI (High Definition Multimedia Interface) v\u1edbi c\u00e1c thi\u1ebft b\u1ecb DVI (Digital Visual Interface) v\u1edbi ch\u1ea5t l\u01b0\u1ee3ng h\u00ecnh \u1ea3nh s\u1eafc n\u00e9t Resolution l\u00ean \u0111\u1ebfn Full-HD 1080p, 3D<\/p>\n<\/ul>","protected":false},"featured_media":14630,"comment_status":"closed","ping_status":"closed","template":"","meta":[],"pwb-brand":[],"product_cat":[2906],"product_tag":[50],"class_list":{"0":"post-14629","1":"product","2":"type-product","3":"status-publish","4":"has-post-thumbnail","6":"product_cat-aten","7":"product_tag-green","9":"first","10":"instock","11":"shipping-taxable","12":"product-type-simple"},"brands":[],"_links":{"self":[{"href":"https:\/\/serverhot.vn\/ja\/wp-json\/wp\/v2\/product\/14629","targetHints":{"allow":["GET"]}}],"collection":[{"href":"https:\/\/serverhot.vn\/ja\/wp-json\/wp\/v2\/product"}],"about":[{"href":"https:\/\/serverhot.vn\/ja\/wp-json\/wp\/v2\/types\/product"}],"replies":[{"embeddable":true,"href":"https:\/\/serverhot.vn\/ja\/wp-json\/wp\/v2\/comments?post=14629"}],"wp:featuredmedia":[{"embeddable":true,"href":"https:\/\/serverhot.vn\/ja\/wp-json\/wp\/v2\/media\/14630"}],"wp:attachment":[{"href":"https:\/\/serverhot.vn\/ja\/wp-json\/wp\/v2\/media?parent=14629"}],"wp:term":[{"taxonomy":"pwb-brand","embeddable":true,"href":"https:\/\/serverhot.vn\/ja\/wp-json\/wp\/v2\/pwb-brand?post=14629"},{"taxonomy":"product_cat","embeddable":true,"href":"https:\/\/serverhot.vn\/ja\/wp-json\/wp\/v2\/product_cat?post=14629"},{"taxonomy":"product_tag","embeddable":true,"href":"https:\/\/serverhot.vn\/ja\/wp-json\/wp\/v2\/product_tag?post=14629"}],"curies":[{"name":"wp","href":"https:\/\/api.w.org\/{rel}","templated":true}]}}