{"id":14761,"date":"2025-03-14T10:15:37","date_gmt":"2025-03-14T03:15:37","guid":{"rendered":"https:\/\/serverhot.vn\/-product-\/may-tinh-ban-all-in-one-dell-inspiron-5430-g5c0d3-intel-core-7-150u-16gb-1tb-23-8-inch-fhd-win-11-office-den-ma-san-pham-g5c0d3\/"},"modified":"2025-03-14T10:15:52","modified_gmt":"2025-03-14T03:15:52","slug":"may-tinh-ban-all-in-one-dell-inspiron-5430-g5c0d3-intel-core-7-150u-16gb-1tb-23-8-inch-fhd-win-11-office-den-ma-san-pham-g5c0d3","status":"publish","type":"product","link":"https:\/\/serverhot.vn\/ja\/-product-\/may-tinh-ban-all-in-one-dell-inspiron-5430-g5c0d3-intel-core-7-150u-16gb-1tb-23-8-inch-fhd-win-11-office-den-ma-san-pham-g5c0d3\/","title":{"rendered":"M\u00e1y t\u00ednh b\u00e0n All in One Dell Inspiron 5430 G5C0D3 (Intel Core 7 150U | 16GB | 1TB | 23.8 inch FHD | Win 11 | Office| \u0110en) M\u00e3 s\u1ea3n ph\u1ea9m: G5C0D3"},"content":{"rendered":"<div class=\"showText tabs\" id=\"tab2\">\n<div class=\"box_right_pro_view\">\n<div class=\"thongso_pro a_technical\" style=\"max-height: fit-content\">\n<p>M\u00e3 s\u1ea3n ph\u1ea9m<span> <\/span><\/p>\n<p>M\u00e1y t\u00ednh b\u00e0n All in One Dell Inspiron 5430 G5C0D3<\/p>\n<p>Ch\u00edp x\u1eed l\u00fd<span> <\/span><\/p>\n<p>\u00a0Intel Core 7 150U(12MB cache, 10 cores, 12 threads, up to 5.4 GHz)<\/p>\n<p>B\u1ed9 nh\u1edb Ram<span> <\/span><\/p>\n<p>2 x 8GB DDR4 3200MHz<\/p>\n<p>\u1ed4 \u0111\u0129a c\u1ee9ng<span> <\/span><\/p>\n<p>1TB SSD<\/p>\n<p>M\u00e0n h\u00ecnh<span> <\/span><\/p>\n<p>23.8-inch FHD (1920 x 1080) Anti-Glare Narrow Border AIT Infinity Non-Touch\u00a0<\/p>\n<p>Card \u0111\u1ed3 h\u1ecda<span> <\/span><\/p>\n<p>Intel\u00ae Graphics<\/p>\n<p>Ph\u1ee5 ki\u1ec7n<span> <\/span><\/p>\n<p>Dell Pro Wireless &#8211; KM5221W Black<\/p>\n<p>C\u1ed5ng giao ti\u1ebfp<span> <\/span><\/p>\n<p>3 USB 3.2 Gen 1 ports with Power on\/Wake-up support<\/p>\n<p>\u00a0<\/p>\n<p>1 USB 3.2 Gen 2 port with PowerShare<\/p>\n<p>\u00a0<\/p>\n<p>1 USB 3.2 Type-C Gen 2 port (Side)<\/p>\n<p>\u00a0<\/p>\n<p>1 HDMI-out 1.4b<\/p>\n<p>\u00a0<\/p>\n<p>1 HDMI-in 1.4b<\/p>\n<p>\u00a0<\/p>\n<p>1 RJ45 Ethernet port<\/p>\n<p>\u00a0<\/p>\n<p>1 Universal headset jack<\/p>\n<p>\u00a0<\/p>\n<p>1 power-adapter<\/p>\n<p>\u00a0<\/p>\n<p>Wifi<span> <\/span><\/p>\n<p>Wifi<\/p>\n<p>Bluetooth<span> <\/span><\/p>\n<p>C\u00f3<\/p>\n<p>K\u1ebft n\u1ed1i m\u1ea1ng LAN<span> <\/span><\/p>\n<p>1 RJ45<\/p>\n<p>\u00c2m thanh<span> <\/span><\/p>\n<p>&#8211;<\/p>\n<p>K\u00edch th\u01b0\u1edbc<span> <\/span><\/p>\n<p>40.20 x 542.70 x 358.54 (mm) (L x W x H)<\/p>\n<p>Kh\u1ed1i l\u01b0\u1ee3ng<span> <\/span><\/p>\n<p>5.29 kg<\/p>\n<p>B\u1ea3o h\u00e0nh<span> <\/span><\/p>\n<p>12 th\u00e1ng<\/p>\n<p>H\u1ec7 \u0111i\u1ec1u h\u00e0nh <span> <\/span><\/p>\n<p>Windows 11 Home 64bit + Office Home and Student 2021<\/p>\n<\/p><\/div>\n<p>                            <!--                            <\/p>\n<div class=\"xemthem_id_r\">--><br \/>\n                            <!--                                <a><!--\/show\/?token=--><br \/>\n                            <!--\"--><br \/>\n                            <!--                                   class=\"preview fancybox fancybox.ajax\" rel=\"nofollow\"&gt;Xem th&#234;m th&#244;ng s&#7889; k&#7929; thu&#7853;t<\/a>--><br \/>\n                            <!--                            <\/div>\n<p>-->\n                        <\/p><\/div>\n<\/p><\/div>","protected":false},"excerpt":{"rendered":"<ul>\n<p>Ch\u00edp x\u1eed l\u00fd: Intel Core 7 150U(12MB cache, 10 cores, 12 threads, up to 5.4 GHz)<\/p>\n<p>B\u1ed9 nh\u1edb Ram: 16GB DDR4 3200MHz (2*8GB) (2khe, t\u1ed1i \u0111a 32GB)<\/p>\n<p>\u1ed4 \u0111\u0129a c\u1ee9ng: 1TB SSD<\/p>\n<p>Card \u0111\u1ed3 h\u1ecda: Intel Graphics<\/p>\n<p>M\u00e0n h\u00ecnh: 23.8-inch FHD (1920 x 1080) Anti-Glare Narrow Border AIT Infinity Non-Touch<\/p>\n<p>Ph\u00edm chu\u1ed9t : Dell Pro Wireless Keyboard and Mouse &#8211; KM5221W<\/p>\n<p>K\u1ebft n\u1ed1i m\u1ea1ng: Lan gigabit, Wifi + Bluetooth<\/p>\n<p>H\u1ec7 \u0111i\u1ec1u h\u00e0nh: Windows 11 Home + Office Home and Student 2021<\/p>\n<\/ul>","protected":false},"featured_media":14762,"comment_status":"closed","ping_status":"closed","template":"","meta":[],"pwb-brand":[],"product_cat":[2886],"product_tag":[2852],"class_list":{"0":"post-14761","1":"product","2":"type-product","3":"status-publish","4":"has-post-thumbnail","6":"product_cat-dell-workstation","7":"product_tag-wireless","9":"first","10":"instock","11":"shipping-taxable","12":"product-type-simple"},"brands":[],"_links":{"self":[{"href":"https:\/\/serverhot.vn\/ja\/wp-json\/wp\/v2\/product\/14761","targetHints":{"allow":["GET"]}}],"collection":[{"href":"https:\/\/serverhot.vn\/ja\/wp-json\/wp\/v2\/product"}],"about":[{"href":"https:\/\/serverhot.vn\/ja\/wp-json\/wp\/v2\/types\/product"}],"replies":[{"embeddable":true,"href":"https:\/\/serverhot.vn\/ja\/wp-json\/wp\/v2\/comments?post=14761"}],"wp:featuredmedia":[{"embeddable":true,"href":"https:\/\/serverhot.vn\/ja\/wp-json\/wp\/v2\/media\/14762"}],"wp:attachment":[{"href":"https:\/\/serverhot.vn\/ja\/wp-json\/wp\/v2\/media?parent=14761"}],"wp:term":[{"taxonomy":"pwb-brand","embeddable":true,"href":"https:\/\/serverhot.vn\/ja\/wp-json\/wp\/v2\/pwb-brand?post=14761"},{"taxonomy":"product_cat","embeddable":true,"href":"https:\/\/serverhot.vn\/ja\/wp-json\/wp\/v2\/product_cat?post=14761"},{"taxonomy":"product_tag","embeddable":true,"href":"https:\/\/serverhot.vn\/ja\/wp-json\/wp\/v2\/product_tag?post=14761"}],"curies":[{"name":"wp","href":"https:\/\/api.w.org\/{rel}","templated":true}]}}