{"id":14859,"date":"2025-04-23T16:45:48","date_gmt":"2025-04-23T09:45:48","guid":{"rendered":"https:\/\/serverhot.vn\/-product-\/managed-switch-stackable-planet-sgs-5220-24t2x-l2-24-port-10-100-1000t-4-port-shared-sfp-2-port-10g-sfp-ma-san-pham-sgs-5220-24t2x\/"},"modified":"2025-04-23T16:46:43","modified_gmt":"2025-04-23T09:46:43","slug":"managed-switch-stackable-planet-sgs-5220-24t2x-l2-24-port-10-100-1000t-4-port-shared-sfp-2-port-10g-sfp-ma-san-pham-sgs-5220-24t2x","status":"publish","type":"product","link":"https:\/\/serverhot.vn\/ja\/-product-\/managed-switch-stackable-planet-sgs-5220-24t2x-l2-24-port-10-100-1000t-4-port-shared-sfp-2-port-10g-sfp-ma-san-pham-sgs-5220-24t2x\/","title":{"rendered":"Managed Switch Stackable PLANET SGS-5220-24T2X , L2+ 24-Port 10\/100\/1000T, 4-Port Shared SFP , 2-Port 10G SFP+ M\u00e3 s\u1ea3n ph\u1ea9m: SGS-5220-24T2X"},"content":{"rendered":"<div class=\"showText tabs\" id=\"tab2\">\n                                    <\/div>","protected":false},"excerpt":{"rendered":"<ul>\n<p>C\u00e1c t\u00ednh n\u0103ng ch\u00ednh Managed Switch Stackable PLANET SGS-5220-24T2X :<\/p>\n<ul>\n<li>24 c\u1ed5ng 10\/100 \/ 1000Base-T RJ-45<\/li>\n<li>4 khe c\u1eafm mini-GBIC \/ SFP 100 \/ 1000Base-X<\/li>\n<li>2 khe c\u1eafm 10GBase-SR \/ LR SFP +<\/li>\n<li>Giao di\u1ec7n b\u1ea3ng \u0111i\u1ec1u khi\u1ec3n RJ-45 \u0111\u1ec3 qu\u1ea3n l\u00fd v\u00e0 thi\u1ebft l\u1eadp c\u01a1 b\u1ea3n<\/li>\n<li>H\u1ed7 tr\u1ee3\u00a0 VLAN, H\u1ed7 tr\u1ee3 giao th\u1ee9c Spanning Tree ,H\u1ed7 tr\u1ee3 ERPS , IGMP snooping ,MLD snooping<\/li>\n<li>\u00a0Qu\u1ea3n l\u00fd\u00a0 d\u00f2ng l\u1ec7nh Console \/ Telnet , Web ,chuy\u1ec3n m\u1ea1ch SNMP v1, v2c v\u00e0 v3<\/li>\n<li>H\u1ed7 tr\u1ee3 ch\u1ee9c n\u0103ng SFP-DDM<\/li>\n<\/ul>\n<\/ul>","protected":false},"featured_media":14860,"comment_status":"closed","ping_status":"closed","template":"","meta":[],"pwb-brand":[],"product_cat":[2903],"product_tag":[25,2849],"class_list":{"0":"post-14859","1":"product","2":"type-product","3":"status-publish","4":"has-post-thumbnail","6":"product_cat-planet","7":"product_tag-man","8":"product_tag-switch","10":"first","11":"instock","12":"shipping-taxable","13":"product-type-simple"},"brands":[],"_links":{"self":[{"href":"https:\/\/serverhot.vn\/ja\/wp-json\/wp\/v2\/product\/14859","targetHints":{"allow":["GET"]}}],"collection":[{"href":"https:\/\/serverhot.vn\/ja\/wp-json\/wp\/v2\/product"}],"about":[{"href":"https:\/\/serverhot.vn\/ja\/wp-json\/wp\/v2\/types\/product"}],"replies":[{"embeddable":true,"href":"https:\/\/serverhot.vn\/ja\/wp-json\/wp\/v2\/comments?post=14859"}],"wp:featuredmedia":[{"embeddable":true,"href":"https:\/\/serverhot.vn\/ja\/wp-json\/wp\/v2\/media\/14860"}],"wp:attachment":[{"href":"https:\/\/serverhot.vn\/ja\/wp-json\/wp\/v2\/media?parent=14859"}],"wp:term":[{"taxonomy":"pwb-brand","embeddable":true,"href":"https:\/\/serverhot.vn\/ja\/wp-json\/wp\/v2\/pwb-brand?post=14859"},{"taxonomy":"product_cat","embeddable":true,"href":"https:\/\/serverhot.vn\/ja\/wp-json\/wp\/v2\/product_cat?post=14859"},{"taxonomy":"product_tag","embeddable":true,"href":"https:\/\/serverhot.vn\/ja\/wp-json\/wp\/v2\/product_tag?post=14859"}],"curies":[{"name":"wp","href":"https:\/\/api.w.org\/{rel}","templated":true}]}}