{"id":14889,"date":"2025-04-25T06:46:48","date_gmt":"2025-04-24T23:46:48","guid":{"rendered":"https:\/\/serverhot.vn\/-product-\/tu-mang-19-12u-d600-c-ma-san-pham-ssn-12u600-c\/"},"modified":"2025-04-25T06:47:21","modified_gmt":"2025-04-24T23:47:21","slug":"tu-mang-19-12u-d600-c-ma-san-pham-ssn-12u600-c","status":"publish","type":"product","link":"https:\/\/serverhot.vn\/ja\/-product-\/tu-mang-19-12u-d600-c-ma-san-pham-ssn-12u600-c\/","title":{"rendered":"T\u1ee7 m\u1ea1ng 19&#8243; 12U D600 C M\u00e3 s\u1ea3n ph\u1ea9m: SSN-12U600-C"},"content":{"rendered":"<div class=\"showText tabs\" id=\"tab2\">\n                                    <\/div>","protected":false},"excerpt":{"rendered":"<ul>\n<ul>\n<li>H665xD600xW600mm<\/li>\n<li>C\u1eeda m\u1edf tr\u01b0\u1edbc sau \u0111\u1ed9t l\u01b0\u1edbi ho\u1eb7c mica<\/li>\n<li>Qu\u1ea1t t\u1ea3n nhi\u1ec7t: 1 c\u00e1i g\u1eafn n\u00f3c t\u1ee7<\/li>\n<li>\u1ed4 \u0111i\u1ec7n: Lioa 4 port<\/li>\n<li>B\u00e1nh xe 5 ph\u00e2n c\u00f3 kh\u00f3a<\/li>\n<li>Thanh m\u00e1ng c\u00e1p : 2<\/li>\n<li>\u1ed0c c\u00e0i: 12 b\u1ed9\u00a0<\/li>\n<li>V\u1eadt li\u1ec7u th\u00e9p s\u1eed d\u1ee5ng : 1.0mm, 1.5mm<\/li>\n<li>S\u01a1n t\u0129nh \u0111i\u1ec7n : TR\u1eaeNG X\u00c1M<\/li>\n<\/ul>\n<\/ul>","protected":false},"featured_media":14890,"comment_status":"closed","ping_status":"closed","template":"","meta":[],"pwb-brand":[],"product_cat":[2915],"product_tag":[],"class_list":{"0":"post-14889","1":"product","2":"type-product","3":"status-publish","4":"has-post-thumbnail","6":"product_cat-tu-rack","8":"first","9":"instock","10":"shipping-taxable","11":"product-type-simple"},"brands":[],"_links":{"self":[{"href":"https:\/\/serverhot.vn\/ja\/wp-json\/wp\/v2\/product\/14889","targetHints":{"allow":["GET"]}}],"collection":[{"href":"https:\/\/serverhot.vn\/ja\/wp-json\/wp\/v2\/product"}],"about":[{"href":"https:\/\/serverhot.vn\/ja\/wp-json\/wp\/v2\/types\/product"}],"replies":[{"embeddable":true,"href":"https:\/\/serverhot.vn\/ja\/wp-json\/wp\/v2\/comments?post=14889"}],"wp:featuredmedia":[{"embeddable":true,"href":"https:\/\/serverhot.vn\/ja\/wp-json\/wp\/v2\/media\/14890"}],"wp:attachment":[{"href":"https:\/\/serverhot.vn\/ja\/wp-json\/wp\/v2\/media?parent=14889"}],"wp:term":[{"taxonomy":"pwb-brand","embeddable":true,"href":"https:\/\/serverhot.vn\/ja\/wp-json\/wp\/v2\/pwb-brand?post=14889"},{"taxonomy":"product_cat","embeddable":true,"href":"https:\/\/serverhot.vn\/ja\/wp-json\/wp\/v2\/product_cat?post=14889"},{"taxonomy":"product_tag","embeddable":true,"href":"https:\/\/serverhot.vn\/ja\/wp-json\/wp\/v2\/product_tag?post=14889"}],"curies":[{"name":"wp","href":"https:\/\/api.w.org\/{rel}","templated":true}]}}