{"id":15078,"date":"2025-06-04T12:00:39","date_gmt":"2025-06-04T05:00:39","guid":{"rendered":"https:\/\/serverhot.vn\/-product-\/laptop-lenovo-thinkpad-e14-gen-7-21sx002yvn-u7-255h-ram-16gb-ssd-512gb-windows-11-home-2y-den-ma-san-pham-21sx002yvn\/"},"modified":"2025-06-04T12:01:09","modified_gmt":"2025-06-04T05:01:09","slug":"laptop-lenovo-thinkpad-e14-gen-7-21sx002yvn-u7-255h-ram-16gb-ssd-512gb-windows-11-home-2y-den-ma-san-pham-21sx002yvn","status":"publish","type":"product","link":"https:\/\/serverhot.vn\/ja\/-product-\/laptop-lenovo-thinkpad-e14-gen-7-21sx002yvn-u7-255h-ram-16gb-ssd-512gb-windows-11-home-2y-den-ma-san-pham-21sx002yvn\/","title":{"rendered":"Laptop Lenovo ThinkPad E14 Gen 7 21SX002YVN (U7-255H\/ Ram 16GB\/ SSD 512GB\/ Windows 11 Home\/ 2Y\/ \u0110en) M\u00e3 s\u1ea3n ph\u1ea9m: 21SX002YVN"},"content":{"rendered":"<div class=\"showText tabs\" id=\"tab2\">\n<div class=\"box_right_pro_view\">\n<div class=\"thongso_pro a_technical\" style=\"max-height: fit-content\">\n<p>\u00a0<\/p>\n<p>CPU<span> <\/span>Intel Core Ultra 7 255H up to 5.1GHz, 24MB<\/p>\n<p>RAM<span> <\/span>16GB DDR5-5600 (1x16GB), 2 khe c\u1eafm Ram, h\u1ed7 tr\u1ee3 64GB<\/p>\n<p>\u1ed4 c\u1ee9ng<span> <\/span>512GB SSD M.2 2242 PCIe 4.0&#215;4 NVMe Opal 2.0<\/p>\n<p>M\u00e0n h\u00ecnh<span> <\/span>14 inch WUXGA (1920&#215;1200) IPS 300nits Anti-glare, 45% NTSC, 60Hz<\/p>\n<p>VGA<span> <\/span>Intel Arc 140T GPU Functions as Intel Graphics<\/p>\n<p>\u1ed4 \u0111\u0129a quang (DVD)<span> <\/span>Kh\u00f4ng DVD<\/p>\n<p>Pin<span> <\/span>48Wh<\/p>\n<p>Wifi<span> <\/span>Intel Wi-Fi 6E AX211, 802.11ax 2&#215;2<\/p>\n<p>Keyboard<span> <\/span>Backlit, English<\/p>\n<p>K\u00edch th\u01b0\u1edbc<span> <\/span>313mm x 220.3mm x 15.25mm (WxDxH)<\/p>\n<p>K\u1ebft n\u1ed1i m\u1ea1ng LAN<span> <\/span>100\/1000M (RJ-45)<\/p>\n<p>C\u1ed5ng k\u1ebft n\u1ed1i<span> <\/span>1 x USB-A (USB 5Gbps \/ USB 3.2 Gen 1), 1 x USB-A (USB 10Gbps \/ USB 3.2 Gen 2), Always On, 1 x USB-C (USB 20Gbps \/ USB 3.2 Gen 2&#215;2), with USB PD 3.1 and DisplayPort 1.4, 1 x USB-C (Thunderbolt 4 \/ USB4 40Gbps), with USB PD 3.1 and DisplayPort 2.1, 1 x HDMI 2.1, up to 4K\/60Hz, 1 x Headphone \/ microphone combo jack (3.5mm), 1 x Ethernet (RJ-45)<\/p>\n<p>Webcam<span> <\/span>FHD 1080p + IR Hybrid with Privacy Shutter<\/p>\n<p>\u00c2m thanh<span> <\/span>Stereo speakers, 2W x2, Dolby Atmos, audio by HARMAN<\/p>\n<p>Ph\u1ee5 ki\u1ec7n k\u00e8m theo<span> <\/span>Full box<\/p>\n<p>OS<span> <\/span>Windows 11 Home Single Language, English (US) \/ English (UK)<\/p>\n<p>Kh\u1ed1i l\u01b0\u1ee3ng<span> <\/span>1.34 kg<\/p>\n<p>Bluetooth<span> <\/span>5.3<\/p>\n<p>B\u1ea3o h\u00e0nh<span> <\/span>24 th\u00e1ng<\/p>\n<p>Ch\u1ea5t li\u1ec7u<span> <\/span>Aluminium (Top), Aluminium (Bottom)<\/p>\n<p>B\u1ea3o m\u1eadt<span> <\/span>Fingerprint<\/p>\n<p>C\u00f4\u0309ng xu\u00e2\u0301t hi\u0300nh<span> <\/span>HDMI<\/p>\n<p>\u0110\u00e8n b\u00e0n ph\u00edm<span> <\/span>C\u00f3 \u0111\u00e8n b\u00e0n ph\u00edm<\/p>\n<p>Chip AI<span> <\/span>Intel AI Boost, up to 13 TOPS<\/p>\n<\/p><\/div>\n<p>                            <!--                            <\/p>\n<div class=\"xemthem_id_r\">--><br \/>\n                            <!--                                <a><!--\/show\/?token=--><br \/>\n                            <!--\"--><br \/>\n                            <!--                                   class=\"preview fancybox fancybox.ajax\" rel=\"nofollow\"&gt;Xem th&#234;m th&#244;ng s&#7889; k&#7929; thu&#7853;t<\/a>--><br \/>\n                            <!--                            <\/div>\n<p>-->\n                        <\/p><\/div>\n<\/p><\/div>","protected":false},"excerpt":{"rendered":"<ul>\n<p>OS: Windows 11 Home Single\u00a0<\/p>\n<p>CPU: Intel Core Ultra 7 255H\u00a0<\/p>\n<p>RAM: 16GB DDR5<\/p>\n<p>\u1ed4 c\u1ee9ng: 512GB SSD M.2<\/p>\n<p>VGA: Intel Arc 140T GPU\u00a0<\/p>\n<p>M\u00e0n h\u00ecnh: 14 inch WUXGA\u00a0<\/p>\n<\/ul>","protected":false},"featured_media":15079,"comment_status":"closed","ping_status":"closed","template":"","meta":[],"pwb-brand":[],"product_cat":[2892],"product_tag":[25],"class_list":{"0":"post-15078","1":"product","2":"type-product","3":"status-publish","4":"has-post-thumbnail","6":"product_cat-lenovo-laptop","7":"product_tag-man","9":"first","10":"instock","11":"shipping-taxable","12":"product-type-simple"},"brands":[],"_links":{"self":[{"href":"https:\/\/serverhot.vn\/ja\/wp-json\/wp\/v2\/product\/15078","targetHints":{"allow":["GET"]}}],"collection":[{"href":"https:\/\/serverhot.vn\/ja\/wp-json\/wp\/v2\/product"}],"about":[{"href":"https:\/\/serverhot.vn\/ja\/wp-json\/wp\/v2\/types\/product"}],"replies":[{"embeddable":true,"href":"https:\/\/serverhot.vn\/ja\/wp-json\/wp\/v2\/comments?post=15078"}],"wp:featuredmedia":[{"embeddable":true,"href":"https:\/\/serverhot.vn\/ja\/wp-json\/wp\/v2\/media\/15079"}],"wp:attachment":[{"href":"https:\/\/serverhot.vn\/ja\/wp-json\/wp\/v2\/media?parent=15078"}],"wp:term":[{"taxonomy":"pwb-brand","embeddable":true,"href":"https:\/\/serverhot.vn\/ja\/wp-json\/wp\/v2\/pwb-brand?post=15078"},{"taxonomy":"product_cat","embeddable":true,"href":"https:\/\/serverhot.vn\/ja\/wp-json\/wp\/v2\/product_cat?post=15078"},{"taxonomy":"product_tag","embeddable":true,"href":"https:\/\/serverhot.vn\/ja\/wp-json\/wp\/v2\/product_tag?post=15078"}],"curies":[{"name":"wp","href":"https:\/\/api.w.org\/{rel}","templated":true}]}}