{"id":15082,"date":"2025-06-04T12:31:08","date_gmt":"2025-06-04T05:31:08","guid":{"rendered":"https:\/\/serverhot.vn\/-product-\/lenovo-thinkpad-t14s-gen-5-21ls0060va-ultra-7-155u-ram-16gb-ssd-512gb-3y-den-ma-san-pham-21ls0060va\/"},"modified":"2025-06-04T12:31:25","modified_gmt":"2025-06-04T05:31:25","slug":"lenovo-thinkpad-t14s-gen-5-21ls0060va-ultra-7-155u-ram-16gb-ssd-512gb-3y-den-ma-san-pham-21ls0060va","status":"publish","type":"product","link":"https:\/\/serverhot.vn\/ja\/-product-\/lenovo-thinkpad-t14s-gen-5-21ls0060va-ultra-7-155u-ram-16gb-ssd-512gb-3y-den-ma-san-pham-21ls0060va\/","title":{"rendered":"Lenovo ThinkPad T14s Gen 5 21LS0060VA (Ultra 7 155U\/ Ram 16GB\/ SSD 512GB\/ 3Y\/ \u0110en) M\u00e3 s\u1ea3n ph\u1ea9m: 21LS0060VA"},"content":{"rendered":"<div class=\"showText tabs\" id=\"tab2\">\n<div class=\"box_right_pro_view\">\n<div class=\"thongso_pro a_technical\" style=\"max-height: fit-content\">\n<p>\u00a0<\/p>\n<p>CPU<span> <\/span>Intel Core Ultra 7 155U, P-core 1.7GHz up to 4.8GHz, E-core 1.2GHz up to 3.8GHz, 12MB<\/p>\n<p>RAM<span> <\/span>16GB LPDDR5x 6400Mhz (onboard)<\/p>\n<p>\u1ed4 c\u1ee9ng<span> <\/span>512GB SSD M.2 2280 PCIe 4.0&#215;4 Performance NVMe Opal 2.0<\/p>\n<p>M\u00e0n h\u00ecnh<span> <\/span>14 inch WUXGA (1920&#215;1200) IPS 400nits Anti-glare, 45% NTSC, DBEF5<\/p>\n<p>VGA<span> <\/span>Integrated Intel Graphics<\/p>\n<p>\u1ed4 \u0111\u0129a quang (DVD)<span> <\/span>Kh\u00f4ng DVD<\/p>\n<p>Pin<span> <\/span>3 Cell &#8211; 58Wh<\/p>\n<p>Wifi<span> <\/span>Intel Wi-Fi 6E AX211, 802.11ax 2&#215;2<\/p>\n<p>Keyboard<span> <\/span>Ti\u00eau chu\u1ea9n<\/p>\n<p>K\u00edch th\u01b0\u1edbc<span> <\/span>313.6mm x 219.4mm x 16.9mm (WxDxH)<\/p>\n<p>K\u1ebft n\u1ed1i m\u1ea1ng LAN<span> <\/span>Kh\u00f4ng LAN<\/p>\n<p>C\u1ed5ng k\u1ebft n\u1ed1i<span> <\/span>1 x USB-A (USB 5Gbps \/ USB 3.2 Gen 1), 1 x USB-A (USB 5Gbps \/ USB 3.2 Gen 1), Always On, 2 x USB-C (Thunderbolt 4 \/ USB4 40Gbps), with USB PD 3.0 and DisplayPort 2.1, 1 x HDMI 2.1, up to 4K\/60Hz, 1 x Headphone \/ microphone combo jack (3.5mm)<\/p>\n<p>Webcam<span> <\/span>5.0MP + IR Discrete with Privacy Shutter<\/p>\n<p>\u00c2m thanh<span> <\/span>Stereo speakers, 2W x2, Dolby Audio<\/p>\n<p>Ph\u1ee5 ki\u1ec7n k\u00e8m theo<span> <\/span>Full box<\/p>\n<p>OS<span> <\/span>No OS<\/p>\n<p>Kh\u1ed1i l\u01b0\u1ee3ng<span> <\/span>1.24 kg<\/p>\n<p>Bluetooth<span> <\/span>5.3<\/p>\n<p>B\u1ea3o h\u00e0nh<span> <\/span>36 th\u00e1ng<\/p>\n<p>Ch\u1ea5t li\u1ec7u<span> <\/span>Carbon Fiber Hybrid (Top), Aluminium (Bottom)<\/p>\n<p>B\u1ea3o m\u1eadt<span> <\/span>Finger Print<\/p>\n<p>C\u00f4\u0309ng xu\u00e2\u0301t hi\u0300nh<span> <\/span>USB-C, HDMI<\/p>\n<p>\u0110\u00e8n b\u00e0n ph\u00edm<span> <\/span>C\u00f3 \u0111\u00e8n b\u00e0n ph\u00edm<\/p>\n<\/p><\/div>\n<p>                            <!--                            <\/p>\n<div class=\"xemthem_id_r\">--><br \/>\n                            <!--                                <a><!--\/show\/?token=--><br \/>\n                            <!--\"--><br \/>\n                            <!--                                   class=\"preview fancybox fancybox.ajax\" rel=\"nofollow\"&gt;Xem th&#234;m th&#244;ng s&#7889; k&#7929; thu&#7853;t<\/a>--><br \/>\n                            <!--                            <\/div>\n<p>-->\n                        <\/p><\/div>\n<\/p><\/div>","protected":false},"excerpt":{"rendered":"<ul>\n<p>CPU: Intel Core Ultra 7 155U<\/p>\n<p>RAM: 16GB LPDDR5<\/p>\n<p>\u1ed4 c\u1ee9ng: 512GB SSD M.2 2280<\/p>\n<p>VGA: Integrated Intel Graphics<\/p>\n<p>M\u00e0n h\u00ecnh: 14 inch WUXGA<\/p>\n<p>OS: No OS<\/p>\n<\/ul>","protected":false},"featured_media":15083,"comment_status":"closed","ping_status":"closed","template":"","meta":[],"pwb-brand":[],"product_cat":[2892],"product_tag":[25],"class_list":{"0":"post-15082","1":"product","2":"type-product","3":"status-publish","4":"has-post-thumbnail","6":"product_cat-lenovo-laptop","7":"product_tag-man","9":"first","10":"instock","11":"shipping-taxable","12":"product-type-simple"},"brands":[],"_links":{"self":[{"href":"https:\/\/serverhot.vn\/ja\/wp-json\/wp\/v2\/product\/15082","targetHints":{"allow":["GET"]}}],"collection":[{"href":"https:\/\/serverhot.vn\/ja\/wp-json\/wp\/v2\/product"}],"about":[{"href":"https:\/\/serverhot.vn\/ja\/wp-json\/wp\/v2\/types\/product"}],"replies":[{"embeddable":true,"href":"https:\/\/serverhot.vn\/ja\/wp-json\/wp\/v2\/comments?post=15082"}],"wp:featuredmedia":[{"embeddable":true,"href":"https:\/\/serverhot.vn\/ja\/wp-json\/wp\/v2\/media\/15083"}],"wp:attachment":[{"href":"https:\/\/serverhot.vn\/ja\/wp-json\/wp\/v2\/media?parent=15082"}],"wp:term":[{"taxonomy":"pwb-brand","embeddable":true,"href":"https:\/\/serverhot.vn\/ja\/wp-json\/wp\/v2\/pwb-brand?post=15082"},{"taxonomy":"product_cat","embeddable":true,"href":"https:\/\/serverhot.vn\/ja\/wp-json\/wp\/v2\/product_cat?post=15082"},{"taxonomy":"product_tag","embeddable":true,"href":"https:\/\/serverhot.vn\/ja\/wp-json\/wp\/v2\/product_tag?post=15082"}],"curies":[{"name":"wp","href":"https:\/\/api.w.org\/{rel}","templated":true}]}}