{"id":10615,"date":"2024-06-29T06:30:12","date_gmt":"2024-06-28T23:30:12","guid":{"rendered":"https:\/\/serverhot.vn\/product\/uncategorized\/may-tinh-intel-nuc-kit-nuc8i3beh-i3-8109u-boxnuc8i3beh2-ma-san-pham-boxnuc8i3beh2\/"},"modified":"2024-06-29T06:30:13","modified_gmt":"2024-06-28T23:30:13","slug":"may-tinh-intel-nuc-kit-nuc8i3beh-i3-8109u-boxnuc8i3beh2-ma-san-pham-boxnuc8i3beh2","status":"publish","type":"product","link":"https:\/\/serverhot.vn\/pt\/-product-\/may-tinh-intel-nuc-kit-nuc8i3beh-i3-8109u-boxnuc8i3beh2-ma-san-pham-boxnuc8i3beh2\/","title":{"rendered":"M\u00e1y t\u00ednh Intel NUC Kit NUC8i3BEH i3-8109U ( BOXNUC8i3BEH2 ) M\u00e3 s\u1ea3n ph\u1ea9m: BOXNUC8I3BEH2"},"content":{"rendered":"<div class=\"showText tabs\" id=\"tab2\">\n                                    <\/div>","protected":false},"excerpt":{"rendered":"<ul>\n<p>BARE BONE (PC MINI) hi\u1ec7u INTEL\u00a0 c\u00f3 B\u1ea3ng m\u1ea1ch ch\u00ednh NUC LITE BOXNUC8I3BEH2 ,<\/p>\n<p>\u00a0 Ch\u00edp onboard\u00a0 Intel Core i3-8109U UP TO 3.60 GHz\u00a0 ,<\/p>\n<p>c\u00f3 Adapter ,<\/p>\n<p>kh\u00f4ng RAM ,<\/p>\n<p>kh\u00f4ng SSD ,<\/p>\n<p>kh\u00f4ng OS<\/p>\n<\/ul>","protected":false},"featured_media":10616,"comment_status":"closed","ping_status":"closed","template":"","meta":[],"pwb-brand":[],"product_cat":[2889],"product_tag":[],"class_list":{"0":"post-10615","1":"product","2":"type-product","3":"status-publish","4":"has-post-thumbnail","6":"product_cat-intel","8":"first","9":"instock","10":"shipping-taxable","11":"product-type-simple"},"brands":[],"_links":{"self":[{"href":"https:\/\/serverhot.vn\/pt\/wp-json\/wp\/v2\/product\/10615","targetHints":{"allow":["GET"]}}],"collection":[{"href":"https:\/\/serverhot.vn\/pt\/wp-json\/wp\/v2\/product"}],"about":[{"href":"https:\/\/serverhot.vn\/pt\/wp-json\/wp\/v2\/types\/product"}],"replies":[{"embeddable":true,"href":"https:\/\/serverhot.vn\/pt\/wp-json\/wp\/v2\/comments?post=10615"}],"wp:featuredmedia":[{"embeddable":true,"href":"https:\/\/serverhot.vn\/pt\/wp-json\/wp\/v2\/media\/10616"}],"wp:attachment":[{"href":"https:\/\/serverhot.vn\/pt\/wp-json\/wp\/v2\/media?parent=10615"}],"wp:term":[{"taxonomy":"pwb-brand","embeddable":true,"href":"https:\/\/serverhot.vn\/pt\/wp-json\/wp\/v2\/pwb-brand?post=10615"},{"taxonomy":"product_cat","embeddable":true,"href":"https:\/\/serverhot.vn\/pt\/wp-json\/wp\/v2\/product_cat?post=10615"},{"taxonomy":"product_tag","embeddable":true,"href":"https:\/\/serverhot.vn\/pt\/wp-json\/wp\/v2\/product_tag?post=10615"}],"curies":[{"name":"wp","href":"https:\/\/api.w.org\/{rel}","templated":true}]}}