{"id":10719,"date":"2024-06-29T10:53:03","date_gmt":"2024-06-29T03:53:03","guid":{"rendered":"https:\/\/serverhot.vn\/product\/uncategorized\/tai-nghe-thonet-vander-klein-ma-san-pham-hk096-03616\/"},"modified":"2024-06-29T10:53:05","modified_gmt":"2024-06-29T03:53:05","slug":"tai-nghe-thonet-vander-klein-ma-san-pham-hk096-03616","status":"publish","type":"product","link":"https:\/\/serverhot.vn\/pt\/-product-\/tai-nghe-thonet-vander-klein-ma-san-pham-hk096-03616\/","title":{"rendered":"Tai Nghe Thonet &amp; Vander KLEIN M\u00e3 s\u1ea3n ph\u1ea9m: HK096-03616"},"content":{"rendered":"<div class=\"showText tabs\" id=\"tab2\">\n<div class=\"box_right_pro_view\">\n<div class=\"thongso_pro a_technical\" style=\"max-height: fit-content\">\n<table border=\"1\" cellspacing=\"0\" cellpadding=\"0\">\n<tbody>\n<tr>\n<td><span>H\u00e3ng s\u1ea3n xu\u1ea5t<\/span><\/td>\n<td><span>Thonet &amp; Vander<\/span><\/td>\n<\/tr>\n<tr>\n<td><span>M\u00e3 s\u1ea3n ph\u1eabm<\/span><\/td>\n<td><span>HK096-03616<\/span><\/td>\n<\/tr>\n<tr>\n<td><span>Lo\u1ea1i s\u1ea3n ph\u1eabm<\/span><\/td>\n<td><span>Tai nghe<\/span><\/td>\n<\/tr>\n<tr>\n<td><span>K\u1ebft n\u1ed1i\u00a0<\/span><\/td>\n<td><span>Jack 3.5 mini<\/span><\/td>\n<\/tr>\n<tr>\n<td><span>Bluetooth<\/span><\/td>\n<td><span>Kh\u00f4ng<\/span><\/td>\n<\/tr>\n<tr>\n<td><span>Microphone<\/span><\/td>\n<td><span>C\u00f3<\/span><\/td>\n<\/tr>\n<tr>\n<td><span>\u0110\u1ed9 nh\u1ea1y dB<\/span><\/td>\n<td><span>95 + 3dB\/MW<\/span><\/td>\n<\/tr>\n<tr>\n<td><span>Chi\u1ec1u d\u00e0i c\u00e1p<\/span><\/td>\n<td><span>1,2m<\/span><\/td>\n<\/tr>\n<tr>\n<td><span>M\u00e0u s\u1eafc<\/span><\/td>\n<td><span>V\u00e0ng,\u0111en<\/span><\/td>\n<\/tr>\n<tr>\n<td><span>C\u00f4ng su\u1ea5t c\u1ef1c \u0111\u1ea1i<\/span><\/td>\n<td><span>5mW<\/span><\/td>\n<\/tr>\n<tr>\n<td><span>K\u00edch th\u01b0\u1edbc h\u1ed9p<\/span><\/td>\n<td><span>75 x 5,8 x 6 cm<\/span><\/td>\n<\/tr>\n<tr>\n<td><span>Tr\u1ecdng l\u01b0\u1ee3ng<\/span><\/td>\n<td><span>0,015kg<\/span><\/td>\n<\/tr>\n<tr>\n<td><span>S\u1ea3n xu\u1ea5t t\u1ea1i<\/span><\/td>\n<td><span>Trung Qu\u1ed1c<\/span><\/td>\n<\/tr>\n<\/tbody>\n<\/table>\n<p>\u00a0<\/p>\n<\/p><\/div>\n<p>                            <!--                            <\/p>\n<div class=\"xemthem_id_r\">--><br \/>\n                            <!--                                <a><!--\/show\/?token=--><br \/>\n                            <!--\"--><br \/>\n                            <!--                                   class=\"preview fancybox fancybox.ajax\" rel=\"nofollow\"&gt;Xem th&#234;m th&#244;ng s&#7889; k&#7929; thu&#7853;t<\/a>--><br \/>\n                            <!--                            <\/div>\n<p>-->\n                        <\/p><\/div>\n<\/p><\/div>","protected":false},"excerpt":{"rendered":"<ul>\n<ul>\n<li style=\"text-align: justify\"><span style=\"font-size: 18px\">C\u00f4ng su\u1ea5t : 5mW\u00a0<\/span><\/li>\n<li style=\"text-align: justify\"><span style=\"font-size: 18px\">Chi\u1ec1u d\u00e0i d\u00e2y c\u00e1p : 1.2m<\/span><\/li>\n<li style=\"text-align: justify\"><span style=\"font-size: 18px\">M\u00e0u s\u1eafc : v\u00e0ng ,\u0111en<\/span><\/li>\n<li style=\"text-align: justify\"><span style=\"font-size: 18px\">K\u1ebft n\u1ed1i : Jack 3.5 mini ,c\u00f3 Micro<\/span><\/li>\n<li style=\"text-align: justify\"><span style=\"font-size: 18px\">K\u00edch th\u01b0\u1edbc h\u1ed9p :75 x 5,8 x 6 cm<br \/><\/span><\/li>\n<\/ul>\n<\/ul>","protected":false},"featured_media":10720,"comment_status":"closed","ping_status":"closed","template":"","meta":[],"pwb-brand":[],"product_cat":[2912],"product_tag":[55],"class_list":{"0":"post-10719","1":"product","2":"type-product","3":"status-publish","4":"has-post-thumbnail","6":"product_cat-loa-thonet-vander","7":"product_tag-run","9":"first","10":"instock","11":"shipping-taxable","12":"product-type-simple"},"brands":[],"_links":{"self":[{"href":"https:\/\/serverhot.vn\/pt\/wp-json\/wp\/v2\/product\/10719","targetHints":{"allow":["GET"]}}],"collection":[{"href":"https:\/\/serverhot.vn\/pt\/wp-json\/wp\/v2\/product"}],"about":[{"href":"https:\/\/serverhot.vn\/pt\/wp-json\/wp\/v2\/types\/product"}],"replies":[{"embeddable":true,"href":"https:\/\/serverhot.vn\/pt\/wp-json\/wp\/v2\/comments?post=10719"}],"wp:featuredmedia":[{"embeddable":true,"href":"https:\/\/serverhot.vn\/pt\/wp-json\/wp\/v2\/media\/10720"}],"wp:attachment":[{"href":"https:\/\/serverhot.vn\/pt\/wp-json\/wp\/v2\/media?parent=10719"}],"wp:term":[{"taxonomy":"pwb-brand","embeddable":true,"href":"https:\/\/serverhot.vn\/pt\/wp-json\/wp\/v2\/pwb-brand?post=10719"},{"taxonomy":"product_cat","embeddable":true,"href":"https:\/\/serverhot.vn\/pt\/wp-json\/wp\/v2\/product_cat?post=10719"},{"taxonomy":"product_tag","embeddable":true,"href":"https:\/\/serverhot.vn\/pt\/wp-json\/wp\/v2\/product_tag?post=10719"}],"curies":[{"name":"wp","href":"https:\/\/api.w.org\/{rel}","templated":true}]}}