{"id":11249,"date":"2024-06-29T14:00:12","date_gmt":"2024-06-29T07:00:12","guid":{"rendered":"https:\/\/serverhot.vn\/product\/uncategorized\/may-tinh-de-ban-dell-optiplex-7010-micro-42oc701002-i5-13500t-ram-8gb-256gb-ssd-ma-san-pham-42oc701002\/"},"modified":"2024-06-29T14:00:13","modified_gmt":"2024-06-29T07:00:13","slug":"may-tinh-de-ban-dell-optiplex-7010-micro-42oc701002-i5-13500t-ram-8gb-256gb-ssd-ma-san-pham-42oc701002","status":"publish","type":"product","link":"https:\/\/serverhot.vn\/pt\/-product-\/may-tinh-de-ban-dell-optiplex-7010-micro-42oc701002-i5-13500t-ram-8gb-256gb-ssd-ma-san-pham-42oc701002\/","title":{"rendered":"M\u00e1y t\u00ednh \u0111\u1ec3 b\u00e0n Dell Optiplex 7010 Micro 42OC701002 &#8211; i5-13500T\/RAM 8GB\/256GB SSD M\u00e3 s\u1ea3n ph\u1ea9m: 42OC701002"},"content":{"rendered":"<div class=\"showText tabs\" id=\"tab2\">\n                                    <\/div>","protected":false},"excerpt":{"rendered":"<ul>\n<p>B\u1ed9 VXL: Intel Core i5-13500T 4,60 GHz (upto 4.6 GHz, 24 MB Intel Smart Cache)<\/p>\n<p>B\u1ed9 nh\u1edb RAM: 8GB DDR4 3200<\/p>\n<p>\u1ed4 c\u1ee9ng: 256Gb SSD<\/p>\n<p>Card \u0111\u1ed3 h\u1ecda: Intel UHD Graphics 770<\/p>\n<p>H\u1ec7 \u0111i\u1ec1u h\u00e0nh: Linux\u00aeready\u00a0<\/p>\n<\/ul>","protected":false},"featured_media":11250,"comment_status":"closed","ping_status":"closed","template":"","meta":[],"pwb-brand":[],"product_cat":[2886],"product_tag":[],"class_list":{"0":"post-11249","1":"product","2":"type-product","3":"status-publish","4":"has-post-thumbnail","6":"product_cat-dell-workstation","8":"first","9":"instock","10":"shipping-taxable","11":"product-type-simple"},"brands":[],"_links":{"self":[{"href":"https:\/\/serverhot.vn\/pt\/wp-json\/wp\/v2\/product\/11249","targetHints":{"allow":["GET"]}}],"collection":[{"href":"https:\/\/serverhot.vn\/pt\/wp-json\/wp\/v2\/product"}],"about":[{"href":"https:\/\/serverhot.vn\/pt\/wp-json\/wp\/v2\/types\/product"}],"replies":[{"embeddable":true,"href":"https:\/\/serverhot.vn\/pt\/wp-json\/wp\/v2\/comments?post=11249"}],"wp:featuredmedia":[{"embeddable":true,"href":"https:\/\/serverhot.vn\/pt\/wp-json\/wp\/v2\/media\/11250"}],"wp:attachment":[{"href":"https:\/\/serverhot.vn\/pt\/wp-json\/wp\/v2\/media?parent=11249"}],"wp:term":[{"taxonomy":"pwb-brand","embeddable":true,"href":"https:\/\/serverhot.vn\/pt\/wp-json\/wp\/v2\/pwb-brand?post=11249"},{"taxonomy":"product_cat","embeddable":true,"href":"https:\/\/serverhot.vn\/pt\/wp-json\/wp\/v2\/product_cat?post=11249"},{"taxonomy":"product_tag","embeddable":true,"href":"https:\/\/serverhot.vn\/pt\/wp-json\/wp\/v2\/product_tag?post=11249"}],"curies":[{"name":"wp","href":"https:\/\/api.w.org\/{rel}","templated":true}]}}