{"id":11552,"date":"2024-06-29T14:38:14","date_gmt":"2024-06-29T07:38:14","guid":{"rendered":"https:\/\/serverhot.vn\/product\/uncategorized\/bo-mo-rong-luu-tru-asustor-as6004u-ma-san-pham-as6004u\/"},"modified":"2024-06-29T14:38:15","modified_gmt":"2024-06-29T07:38:15","slug":"bo-mo-rong-luu-tru-asustor-as6004u-ma-san-pham-as6004u","status":"publish","type":"product","link":"https:\/\/serverhot.vn\/pt\/-product-\/bo-mo-rong-luu-tru-asustor-as6004u-ma-san-pham-as6004u\/","title":{"rendered":"B\u1ed9 M\u1edf R\u1ed9ng L\u01b0u Tr\u1eef Asustor AS6004U M\u00e3 s\u1ea3n ph\u1ea9m: AS6004U"},"content":{"rendered":"<div class=\"showText tabs\" id=\"tab2\">\n<div class=\"box_right_pro_view\">\n<div class=\"thongso_pro a_technical\" style=\"max-height: fit-content\">\n<div>\n<div id=\"tab3\">\n<div>\n<div>\n<div id=\"specifi_left\">\n<div>\n<h3>Th\u00f4ng s\u1ed1 k\u1ef9 thu\u1eadt ph\u1ea7n c\u1ee9ng<\/h3>\n<ul>\n<li>B\u1ed9 nh\u1edb flash: 16MB Flash<\/li>\n<li>M\u1edf r\u1ed9ng: USB 3.0 (USB3.1 Gen-1) Lo\u1ea1i B<\/li>\n<li>\u1ed4 c\u1ee9ng: 4 x SATA3 6Gb \/ s;\u00a03.5 &#8220;\/ 2.5&#8221; HDD \/ SSD\u00a0<strong><a href=\"https:\/\/www.asustor.com\/service\/hd?id=hd&amp;lan=en\" target=\"_blank\" rel=\"noopener\">Kh\u1ea3 n\u0103ng t\u01b0\u01a1ng th\u00edch<\/a><\/strong><\/li>\n<li>Dung l\u01b0\u1ee3ng th\u00f4 b\u00ean trong t\u1ed1i \u0111a: 72 TB (18 TB HDD X 4, Dung l\u01b0\u1ee3ng c\u00f3 th\u1ec3 kh\u00e1c nhau t\u00f9y theo lo\u1ea1i RAID)<\/li>\n<li>AS10, AS-2, AS-3 K\u00edch th\u01b0\u1edbc \u1ed5 \u0111\u0129a \u0111\u01a1n t\u1ed1i \u0111a: 16TB<\/li>\n<li>H\u1ed7 tr\u1ee3 \u1ed4 \u0111\u0129a c\u00f3 th\u1ec3 ho\u00e1n \u0111\u1ed5i n\u00f3ng<\/li>\n<li>Qu\u1ea1t h\u1ec7 th\u1ed1ng: 120mm x1<\/li>\n<li>B\u1ed9 c\u1ea5p ngu\u1ed3n \/ B\u1ed9 \u0111i\u1ec1u h\u1ee3p: 90W x1<\/li>\n<li>\u0110i\u1ec7n \u00e1p ngu\u1ed3n \u0111\u1ea7u v\u00e0o: 100V \u0111\u1ebfn 240V AC<\/li>\n<li>Ch\u1ee9ng nh\u1eadn: FCC, CE, VCCI, BSMI, C-TICK<\/li>\n<\/ul>\n<\/div>\n<div>\n<h3>Ho\u1ea1t \u0111\u1ed9ng<\/h3>\n<ul>\n<li>S\u1ef1 ti\u00eau th\u1ee5 n\u0103ng l\u01b0\u1ee3ng:\n<ul>\n<li>Ho\u1ea1t \u0111\u1ed9ng: 23,6 W<\/li>\n<li>Ch\u1ebf \u0111\u1ed9 ng\u1ee7 \u0111\u00f4ng tr\u00ean \u0111\u0129a: 9,7 W<\/li>\n<li>Ch\u1ebf \u0111\u1ed9 ng\u1ee7: 0,35 W<\/li>\n<\/ul>\n<\/li>\n<li>Nhi\u1ec7t \u0111\u1ed9 ho\u1ea1t \u0111\u1ed9ng: 0 \u00b0 C ~ 40 \u00b0 C (32 \u00b0 F ~ 104 \u00b0 F)<\/li>\n<li>\u0110\u1ed9 \u1ea9m: 5% \u0111\u1ebfn 95% RH<\/li>\n<\/ul>\n<\/div>\n<\/div>\n<div id=\"specifi_right\">\n<div>\n<h3>K\u00edch th\u01b0\u1edbc v\u00e0 tr\u1ecdng l\u01b0\u1ee3ng<\/h3>\n<div>\n<ul>\n<li>K\u00edch th\u01b0\u1edbc: 185,5 (H) x 170 (W) x 230 (D) mm<\/li>\n<li>Tr\u1ecdng l\u01b0\u1ee3ng: 2,7 kg \/ 5,95 lbs<\/li>\n<\/ul>\n<\/div>\n<\/div>\n<\/div>\n<\/div>\n<\/div>\n<div>\n<div>\n<h2>C\u00e1c t\u00ednh n\u0103ng c\u1ee7a ph\u1ea7n m\u1ec1m<\/h2>\n<\/div>\n<\/div>\n<div>\n<div>\n<div id=\"specifi_left\">\n<div>\n<h3>H\u1ec7 \u0111i\u1ec1u h\u00e0nh<\/h3>\n<ul>\n<li>ADM 3.3 tr\u1edf \u0111i<\/li>\n<\/ul>\n<\/div>\n<div>\n<h3>H\u1ec7 th\u1ed1ng t\u1eadp tin<\/h3>\n<ul>\n<li>\u0110\u0129a trong: EXT4, Btrfs<\/li>\n<\/ul>\n<\/div>\n<\/div>\n<div id=\"specifi_right\">\n<div>\n<h3>Qu\u1ea3n l\u00fd l\u01b0u tr\u1eef<\/h3>\n<ul>\n<li>H\u1ed7 tr\u1ee3 nhi\u1ec1u t\u1eadp v\u1edbi \u0111\u0129a d\u1ef1 ph\u00f2ng<\/li>\n<li>Lo\u1ea1i \u1ed5 \u0111\u0129a: \u0110\u0129a \u0111\u01a1n, JBOD, RAID 0, RAID 1, RAID 5, RAID 6, RAID 10<\/li>\n<li>H\u1ed7 tr\u1ee3 di chuy\u1ec3n c\u1ea5p \u0111\u1ed9 RAID tr\u1ef1c tuy\u1ebfn<\/li>\n<\/ul>\n<\/div>\n<div>\n<h3>MyArchive<\/h3>\n<ul>\n<li>Ch\u00e8n \u0111\u0129a c\u1ee9ng &amp; t\u1ec7p truy c\u1eadp ngay l\u1eadp t\u1ee9c<\/li>\n<li>Truy\u1ec1n ho\u1eb7c trao \u0111\u1ed5i h\u00e0ng ch\u1ee5c Terabyte d\u1eef li\u1ec7u qua giao di\u1ec7n SATA trao \u0111\u1ed5i n\u00f3ng n\u1ed9i b\u1ed9<\/li>\n<li>L\u00ean \u0111\u1ebfn N-1 V\u1ecbnh \u0111\u01b0\u1ee3c d\u00e0nh ri\u00eang cho M\u1ee5c \u0111\u00edch c\u1ee7a MyArchive Docking<\/li>\n<\/ul>\n<\/div>\n<\/div>\n<\/div>\n<\/div>\n<\/div>\n<\/div>\n<div id=\"gotop\"><\/div>\n<\/p><\/div>\n<p>                            <!--                            <\/p>\n<div class=\"xemthem_id_r\">--><br \/>\n                            <!--                                <a><!--\/show\/?token=--><br \/>\n                            <!--\"--><br \/>\n                            <!--                                   class=\"preview fancybox fancybox.ajax\" rel=\"nofollow\"&gt;Xem th&#234;m th&#244;ng s&#7889; k&#7929; thu&#7853;t<\/a>--><br \/>\n                            <!--                            <\/div>\n<p>-->\n                        <\/p><\/div>\n<\/p><\/div>","protected":false},"excerpt":{"rendered":"<ul>\n<h2 id=\"banner-sub-title\"><span style=\"font-size: 16px\">B\u1ed9 m\u1edf r\u1ed9ng dung l\u01b0\u1ee3ng l\u01b0u tr\u1eef NAS<\/span><\/h2>\n<ul id=\"feature-list\">\n<li style=\"text-align: justify\">Ch\u1ec9 c\u1ea7n c\u1eafm d\u00e2y v\u00e0 s\u1eed d\u1ee5ng<\/li>\n<li style=\"text-align: justify\">K\u1ebft n\u1ed1i b\u1eb1ng c\u00e1p USB c\u00f3 kho\u00e1 gi\u00fap kh\u00f4ng r\u01a1i c\u00e1p<\/li>\n<li style=\"text-align: justify\">\u0110\u1ed3ng b\u1ed9 ngu\u1ed3n \u0111i\u1ec7n th\u00f4ng minh gi\u00fap ti\u1ebft ki\u1ec7m \u0111i\u1ec7n n\u0103ng<\/li>\n<li style=\"text-align: justify\">Ki\u1ec3m so\u00e1t nhi\u1ec7t \u0111\u1ed9 th\u00f4ng minh \u0111\u1ec3 ho\u1ea1t \u0111\u1ed9ng \u1ed5n \u0111\u1ecbnh<\/li>\n<li style=\"text-align: justify\">H\u1ed7 tr\u1ee3 c\u00f4ng ngh\u1ec7 sao l\u01b0u MyArchive<\/li>\n<li style=\"text-align: justify\">T\u01b0\u01a1ng th\u00edch v\u1edbi \u0111\u0129a c\u1ee9ng dung l\u01b0\u1ee3ng cao 18TB<\/li>\n<\/ul>\n<\/ul>","protected":false},"featured_media":11553,"comment_status":"closed","ping_status":"closed","template":"","meta":[],"pwb-brand":[],"product_cat":[2880],"product_tag":[2841],"class_list":{"0":"post-11552","1":"product","2":"type-product","3":"status-publish","4":"has-post-thumbnail","6":"product_cat-asustor","7":"product_tag-hdd","9":"first","10":"instock","11":"shipping-taxable","12":"product-type-simple"},"brands":[],"_links":{"self":[{"href":"https:\/\/serverhot.vn\/pt\/wp-json\/wp\/v2\/product\/11552","targetHints":{"allow":["GET"]}}],"collection":[{"href":"https:\/\/serverhot.vn\/pt\/wp-json\/wp\/v2\/product"}],"about":[{"href":"https:\/\/serverhot.vn\/pt\/wp-json\/wp\/v2\/types\/product"}],"replies":[{"embeddable":true,"href":"https:\/\/serverhot.vn\/pt\/wp-json\/wp\/v2\/comments?post=11552"}],"wp:featuredmedia":[{"embeddable":true,"href":"https:\/\/serverhot.vn\/pt\/wp-json\/wp\/v2\/media\/11553"}],"wp:attachment":[{"href":"https:\/\/serverhot.vn\/pt\/wp-json\/wp\/v2\/media?parent=11552"}],"wp:term":[{"taxonomy":"pwb-brand","embeddable":true,"href":"https:\/\/serverhot.vn\/pt\/wp-json\/wp\/v2\/pwb-brand?post=11552"},{"taxonomy":"product_cat","embeddable":true,"href":"https:\/\/serverhot.vn\/pt\/wp-json\/wp\/v2\/product_cat?post=11552"},{"taxonomy":"product_tag","embeddable":true,"href":"https:\/\/serverhot.vn\/pt\/wp-json\/wp\/v2\/product_tag?post=11552"}],"curies":[{"name":"wp","href":"https:\/\/api.w.org\/{rel}","templated":true}]}}