{"id":11586,"date":"2024-06-29T14:42:02","date_gmt":"2024-06-29T07:42:02","guid":{"rendered":"https:\/\/serverhot.vn\/product\/uncategorized\/man-hinh-lcd-hp-21-5inch-22fw-3ks61aa-1920x1080-ips-60hz-5ms-ma-san-pham-3ks61aa\/"},"modified":"2024-06-29T14:42:04","modified_gmt":"2024-06-29T07:42:04","slug":"man-hinh-lcd-hp-21-5inch-22fw-3ks61aa-1920x1080-ips-60hz-5ms-ma-san-pham-3ks61aa","status":"publish","type":"product","link":"https:\/\/serverhot.vn\/pt\/-product-\/man-hinh-lcd-hp-21-5inch-22fw-3ks61aa-1920x1080-ips-60hz-5ms-ma-san-pham-3ks61aa\/","title":{"rendered":"M\u00e0n H\u00ecnh LCD HP 21.5inch 22fw 3KS61AA (1920&#215;1080\/IPS\/60Hz\/5ms) M\u00e3 s\u1ea3n ph\u1ea9m: 3KS61AA"},"content":{"rendered":"<div class=\"showText tabs\" id=\"tab2\">\n<div class=\"box_right_pro_view\">\n<div class=\"thongso_pro a_technical\" style=\"max-height: fit-content\">\n<table border=\"1\">\n<tbody>\n<tr>\n<td width=\"177\">Sa\u0309n ph\u00e2\u0309m<\/td>\n<td width=\"514\">Ma\u0300n hi\u0300nh<\/td>\n<\/tr>\n<tr>\n<td>T\u00ean Ha\u0303ng<\/td>\n<td width=\"514\">HP<\/td>\n<\/tr>\n<tr>\n<td>Model<\/td>\n<td width=\"514\">22FW 3KS61AA<\/td>\n<\/tr>\n<tr>\n<td>Ki\u00ea\u0309u ma\u0300n hi\u0300nh<\/td>\n<td width=\"514\">Ma\u0300n hi\u0300nh r\u00f4\u0323ng<\/td>\n<\/tr>\n<tr>\n<td>K\u00edch th\u01b0\u1edbc m\u00e0n h\u00ecnh<\/td>\n<td width=\"514\">21.5Inch IPS<\/td>\n<\/tr>\n<tr>\n<td>\u0110\u1ed9 s\u00e1ng<\/td>\n<td width=\"514\">300cd\/m2<\/td>\n<\/tr>\n<tr>\n<td>T\u1ef7 l\u1ec7 t\u01b0\u01a1ng ph\u1ea3n<\/td>\n<td width=\"514\">Static: 1,000:1; Dynamic:1,000,000:1<\/td>\n<\/tr>\n<tr>\n<td>\u0110\u1ed9 ph\u00e2n gi\u1ea3i<\/td>\n<td width=\"514\">Full HD (1920&#215;1080)<\/td>\n<\/tr>\n<tr>\n<td>Th\u1eddi gian \u0111\u00e1p \u1ee9ng<\/td>\n<td width=\"514\">5ms<\/td>\n<\/tr>\n<tr>\n<td>G\u00f3c nh\u00ecn<\/td>\n<td width=\"514\">178\u00b0\/178\u00b0<\/td>\n<\/tr>\n<tr>\n<td>T\u1ea7n s\u1ed1 qu\u00e9t<\/td>\n<td width=\"514\">60HZ<\/td>\n<\/tr>\n<tr>\n<td>C\u1ed5ng giao ti\u1ebfp<\/td>\n<td width=\"514\">\n<p>VGA + HDMI<\/p>\n<p>Ph\u1ee5 ki\u1ec7n \u0111i k\u00e8m : 1 C\u00e1p HDMI,\u00a0 1 C\u00e1p VGA<\/p>\n<\/td>\n<\/tr>\n<\/tbody>\n<\/table><\/div>\n<p>                            <!--                            <\/p>\n<div class=\"xemthem_id_r\">--><br \/>\n                            <!--                                <a><!--\/show\/?token=--><br \/>\n                            <!--\"--><br \/>\n                            <!--                                   class=\"preview fancybox fancybox.ajax\" rel=\"nofollow\"&gt;Xem th&#234;m th&#244;ng s&#7889; k&#7929; thu&#7853;t<\/a>--><br \/>\n                            <!--                            <\/div>\n<p>-->\n                        <\/p><\/div>\n<\/p><\/div>","protected":false},"excerpt":{"rendered":"<ul>\n<ul>\n<li>K\u00edch th\u01b0\u1edbc: 21.5 inch<\/li>\n<li>T\u1ea5m n\u1ec1n: IPS<\/li>\n<li>\u0110\u1ed9 ph\u00e2n gi\u1ea3i: Full HD (1920&#215;1080)<\/li>\n<li>T\u1ed1c \u0111\u1ed9 l\u00e0m m\u1edbi: 60Hz<\/li>\n<li>Th\u1eddi gian \u0111\u00e1p \u1ee9ng: 5ms<\/li>\n<li>C\u1ed5ng k\u1ebft n\u1ed1i: 1 x VGA,1 x HDMI<\/li>\n<li>\u0110\u1ed9 s\u00e1ng: 300 nits<\/li>\n<li>\u0110\u1ed9 t\u01b0\u01a1ng ph\u1ea3n: 10000000:1<\/li>\n<\/ul>\n<\/ul>","protected":false},"featured_media":11587,"comment_status":"closed","ping_status":"closed","template":"","meta":[],"pwb-brand":[],"product_cat":[2909],"product_tag":[],"class_list":{"0":"post-11586","1":"product","2":"type-product","3":"status-publish","4":"has-post-thumbnail","6":"product_cat-man-hinh-may-tinh","8":"first","9":"instock","10":"shipping-taxable","11":"product-type-simple"},"brands":[],"_links":{"self":[{"href":"https:\/\/serverhot.vn\/pt\/wp-json\/wp\/v2\/product\/11586","targetHints":{"allow":["GET"]}}],"collection":[{"href":"https:\/\/serverhot.vn\/pt\/wp-json\/wp\/v2\/product"}],"about":[{"href":"https:\/\/serverhot.vn\/pt\/wp-json\/wp\/v2\/types\/product"}],"replies":[{"embeddable":true,"href":"https:\/\/serverhot.vn\/pt\/wp-json\/wp\/v2\/comments?post=11586"}],"wp:featuredmedia":[{"embeddable":true,"href":"https:\/\/serverhot.vn\/pt\/wp-json\/wp\/v2\/media\/11587"}],"wp:attachment":[{"href":"https:\/\/serverhot.vn\/pt\/wp-json\/wp\/v2\/media?parent=11586"}],"wp:term":[{"taxonomy":"pwb-brand","embeddable":true,"href":"https:\/\/serverhot.vn\/pt\/wp-json\/wp\/v2\/pwb-brand?post=11586"},{"taxonomy":"product_cat","embeddable":true,"href":"https:\/\/serverhot.vn\/pt\/wp-json\/wp\/v2\/product_cat?post=11586"},{"taxonomy":"product_tag","embeddable":true,"href":"https:\/\/serverhot.vn\/pt\/wp-json\/wp\/v2\/product_tag?post=11586"}],"curies":[{"name":"wp","href":"https:\/\/api.w.org\/{rel}","templated":true}]}}