{"id":11598,"date":"2024-06-29T14:43:55","date_gmt":"2024-06-29T07:43:55","guid":{"rendered":"https:\/\/serverhot.vn\/product\/uncategorized\/microsoft-sql-server-2022-1-device-cal-ma-san-pham-ms-sqlserver2022-devcal\/"},"modified":"2024-06-29T14:44:00","modified_gmt":"2024-06-29T07:44:00","slug":"microsoft-sql-server-2022-1-device-cal-ma-san-pham-ms-sqlserver2022-devcal","status":"publish","type":"product","link":"https:\/\/serverhot.vn\/pt\/-product-\/microsoft-sql-server-2022-1-device-cal-ma-san-pham-ms-sqlserver2022-devcal\/","title":{"rendered":"Microsoft SQL Server 2022 &#8211; 1 Device CAL M\u00e3 s\u1ea3n ph\u1ea9m: MS-SQLSERVER2022-DEVCAL"},"content":{"rendered":"<div class=\"showText tabs\" id=\"tab2\">\n<div class=\"box_right_pro_view\">\n<div class=\"thongso_pro a_technical\" style=\"max-height: fit-content\">\n<p>\u00a0<\/p>\n<table border=\"1\" cellpadding=\"5px\">\n<tbody>\n<tr>\n<td>Phi\u00ean b\u1ea3n<\/td>\n<td><span>Microsoft SQL Server\u00a0<\/span><span>2022\u00a0<\/span><span>&#8211; Device CAL<\/span><\/td>\n<\/tr>\n<tr>\n<td>Th\u1eddi h\u1ea1n<\/td>\n<td>Hi\u1ec7u l\u1ef1c V\u0129nh vi\u1ec5n<\/td>\n<\/tr>\n<tr>\n<td>S\u1ed1 m\u00e1y c\u00e0i \u0111\u1eb7t<\/td>\n<td>.<\/td>\n<\/tr>\n<tr>\n<td>Ph\u1ea1m vi s\u1eed d\u1ee5ng<\/td>\n<td>.<\/td>\n<\/tr>\n<tr>\n<td>H\u00ecnh th\u1ee9c c\u1ea5p ph\u00e9p<\/td>\n<td>Th\u01b0 \u0111i\u1ec7n t\u1eed<\/td>\n<\/tr>\n<tr>\n<td>Kh\u00e1ch h\u00e0ng<\/td>\n<td>Gi\u00e1o d\u1ee5c\u00a0<\/td>\n<\/tr>\n<\/tbody>\n<\/table><\/div>\n<p>                            <!--                            <\/p>\n<div class=\"xemthem_id_r\">--><br \/>\n                            <!--                                <a><!--\/show\/?token=--><br \/>\n                            <!--\"--><br \/>\n                            <!--                                   class=\"preview fancybox fancybox.ajax\" rel=\"nofollow\"&gt;Xem th&#234;m th&#244;ng s&#7889; k&#7929; thu&#7853;t<\/a>--><br \/>\n                            <!--                            <\/div>\n<p>-->\n                        <\/p><\/div>\n<\/p><\/div>","protected":false},"excerpt":{"rendered":"<ul>\n<p><strong style=\"font-size: 16px;line-height: var(--cib-type-subtitle2-stronger-line-height);font-weight: var(--cib-type-subtitle2-stronger-font-weight);color: #111111;font-family: -apple-system, Roboto, SegoeUI, 'Segoe UI', 'Helvetica Neue', Helvetica, 'Microsoft YaHei', 'Meiryo UI', Meiryo, 'Arial Unicode MS', sans-serif;font-style: normal;letter-spacing: normal;text-align: start;text-indent: 0px;text-transform: none;background-color: #ffffff\">Microsoft SQL Server 2022 &#8211; 1 Device CAL<\/strong><span style=\"color: #111111;font-family: -apple-system, Roboto, SegoeUI, 'Segoe UI', 'Helvetica Neue', Helvetica, 'Microsoft YaHei', 'Meiryo UI', Meiryo, 'Arial Unicode MS', sans-serif;font-size: 16px;font-style: normal;font-weight: 400;letter-spacing: normal;text-align: start;text-indent: 0px;text-transform: none;background-color: #ffffff;float: none\">\u00a0l\u00e0 m\u1ed9t gi\u1ea5y ph\u00e9p c\u1ee7a Microsoft cho ph\u00e9p\u00a0<\/span><strong style=\"font-size: 16px;line-height: var(--cib-type-subtitle2-stronger-line-height);font-weight: var(--cib-type-subtitle2-stronger-font-weight);color: #111111;font-family: -apple-system, Roboto, SegoeUI, 'Segoe UI', 'Helvetica Neue', Helvetica, 'Microsoft YaHei', 'Meiryo UI', Meiryo, 'Arial Unicode MS', sans-serif;font-style: normal;letter-spacing: normal;text-align: start;text-indent: 0px;text-transform: none;background-color: #ffffff\">m\u1ed9t thi\u1ebft b\u1ecb c\u1ee5 th\u1ec3<\/strong><span style=\"color: #111111;font-family: -apple-system, Roboto, SegoeUI, 'Segoe UI', 'Helvetica Neue', Helvetica, 'Microsoft YaHei', 'Meiryo UI', Meiryo, 'Arial Unicode MS', sans-serif;font-size: 16px;font-style: normal;font-weight: 400;letter-spacing: normal;text-align: start;text-indent: 0px;text-transform: none;background-color: #ffffff;float: none\">\u00a0truy c\u1eadp v\u00e0 s\u1eed d\u1ee5ng SQL Server 2022<\/span><\/p>\n<\/ul>","protected":false},"featured_media":11599,"comment_status":"closed","ping_status":"closed","template":"","meta":[],"pwb-brand":[],"product_cat":[2917],"product_tag":[],"class_list":{"0":"post-11598","1":"product","2":"type-product","3":"status-publish","4":"has-post-thumbnail","6":"product_cat-microsoft","8":"first","9":"instock","10":"shipping-taxable","11":"product-type-simple"},"brands":[],"_links":{"self":[{"href":"https:\/\/serverhot.vn\/pt\/wp-json\/wp\/v2\/product\/11598","targetHints":{"allow":["GET"]}}],"collection":[{"href":"https:\/\/serverhot.vn\/pt\/wp-json\/wp\/v2\/product"}],"about":[{"href":"https:\/\/serverhot.vn\/pt\/wp-json\/wp\/v2\/types\/product"}],"replies":[{"embeddable":true,"href":"https:\/\/serverhot.vn\/pt\/wp-json\/wp\/v2\/comments?post=11598"}],"wp:featuredmedia":[{"embeddable":true,"href":"https:\/\/serverhot.vn\/pt\/wp-json\/wp\/v2\/media\/11599"}],"wp:attachment":[{"href":"https:\/\/serverhot.vn\/pt\/wp-json\/wp\/v2\/media?parent=11598"}],"wp:term":[{"taxonomy":"pwb-brand","embeddable":true,"href":"https:\/\/serverhot.vn\/pt\/wp-json\/wp\/v2\/pwb-brand?post=11598"},{"taxonomy":"product_cat","embeddable":true,"href":"https:\/\/serverhot.vn\/pt\/wp-json\/wp\/v2\/product_cat?post=11598"},{"taxonomy":"product_tag","embeddable":true,"href":"https:\/\/serverhot.vn\/pt\/wp-json\/wp\/v2\/product_tag?post=11598"}],"curies":[{"name":"wp","href":"https:\/\/api.w.org\/{rel}","templated":true}]}}