{"id":11684,"date":"2024-06-29T14:54:15","date_gmt":"2024-06-29T07:54:15","guid":{"rendered":"https:\/\/serverhot.vn\/product\/uncategorized\/thiet-bi-mang-bo-kich-song-wifi-repeater-300mbps-tp-link-tl-wa850re-ma-san-pham-wa850re\/"},"modified":"2024-06-29T14:54:16","modified_gmt":"2024-06-29T07:54:16","slug":"thiet-bi-mang-bo-kich-song-wifi-repeater-300mbps-tp-link-tl-wa850re-ma-san-pham-wa850re","status":"publish","type":"product","link":"https:\/\/serverhot.vn\/pt\/-product-\/thiet-bi-mang-bo-kich-song-wifi-repeater-300mbps-tp-link-tl-wa850re-ma-san-pham-wa850re\/","title":{"rendered":"Thi\u1ebft B\u1ecb M\u1ea1ng B\u1ed9 K\u00edch S\u00f3ng Wifi Repeater 300Mbps TP-Link TL-WA850RE M\u00e3 s\u1ea3n ph\u1ea9m: WA850RE"},"content":{"rendered":"<div class=\"showText tabs\" id=\"tab2\">\n<div class=\"box_right_pro_view\">\n<div class=\"thongso_pro a_technical\" style=\"max-height: fit-content\">\n<table border=\"1\">\n<thead>\n<tr id=\"tr_603\">\n<th colspan=\"2\"><a>T\u00cdNH N\u0102NG PH\u1ea6N C\u1ee8NG<\/a><\/th>\n<\/tr>\n<\/thead>\n<tbody>\n<tr id=\"tr_1080\">\n<th width=\"35%\">D\u1ea1ng c\u1eafm<\/th>\n<td width=\"65%\">Ch\u00e2u \u00c2u, Anh, M\u1ef9<\/td>\n<\/tr>\n<tr id=\"tr_694\">\n<th width=\"35%\">Giao di\u1ec7n<\/th>\n<td width=\"65%\">1 x c\u1ed5ng Ethernet 10\/100M (RJ45)<\/td>\n<\/tr>\n<tr id=\"tr_695\">\n<th width=\"35%\">N\u00fat<\/th>\n<td width=\"65%\">N\u00fat RE (M\u1edf r\u1ed9ng s\u00f3ng),N\u00fat Reset<\/td>\n<\/tr>\n<tr id=\"tr_1083\">\n<th width=\"35%\">\u0110i\u1ec7n n\u0103ng ti\u00eau th\u1ee5<\/th>\n<td width=\"65%\">Kho\u1ea3ng 3W<\/td>\n<\/tr>\n<tr id=\"tr_693\">\n<th width=\"35%\">Chu\u1ea9n Wi-Fi<\/th>\n<td width=\"65%\">IEEE 802.11n, IEEE 802.11g, IEEE 802.11b<\/td>\n<\/tr>\n<tr id=\"tr_697\">\n<th width=\"35%\">K\u00edch th\u01b0\u1edbc ( R x D x C )<\/th>\n<td width=\"65%\">4.3x 2.6 x 3.0in. (110.0 x 65.8 x 75.2mm)<\/td>\n<\/tr>\n<tr id=\"tr_696\">\n<th width=\"35%\">\u0102ng ten<\/th>\n<td width=\"65%\">2 x \u0103ng ten trong<\/td>\n<\/tr>\n<\/tbody>\n<\/table>\n<table border=\"1\">\n<thead>\n<tr id=\"tr_604\">\n<th colspan=\"2\"><a>T\u00cdNH N\u0102NG WI-FI<\/a><\/th>\n<\/tr>\n<\/thead>\n<tbody>\n<tr id=\"tr_698\">\n<th width=\"35%\">B\u0103ng t\u1ea7n<\/th>\n<td width=\"65%\">2.4~2.4835GHz<\/td>\n<\/tr>\n<tr id=\"tr_699\">\n<th width=\"35%\">T\u1ed1c \u0111\u1ed9 t\u00edn hi\u1ec7u<\/th>\n<td width=\"65%\">11n: l\u00ean \u0111\u1ebfn 300Mbps (\u0111\u1ed9ng)<br \/>11g: l\u00ean \u0111\u1ebfn 54Mbps (\u0111\u1ed9ng)<br \/>11b: l\u00ean \u0111\u1ebfn 11Mbps (\u0111\u1ed9ng)<\/td>\n<\/tr>\n<tr id=\"tr_701\">\n<th width=\"35%\">Reception Sensitivity<\/th>\n<td width=\"65%\">270M: -68dBm@10% PER<br \/>130M: -68dBm@10% PER<br \/>108M: -68dBm@10% PER<br \/>54M: -68dBm@10% PER<br \/>11M: -85dBm@8% PER<br \/>6M: -88dBm@10% PER<br \/>1M: -90dBm@8% PER<\/td>\n<\/tr>\n<tr id=\"tr_700\">\n<th width=\"35%\">C\u00f4ng su\u1ea5t truy\u1ec1n t\u1ea3i<\/th>\n<td width=\"65%\">&lt; 20 dBm (EIRP)<\/td>\n<\/tr>\n<tr id=\"tr_702\">\n<th width=\"35%\">Ch\u1ebf \u0111\u1ed9 Wi-Fi<\/th>\n<td width=\"65%\">M\u1edf r\u1ed9ng s\u00f3ng\/\u0110i\u00ea\u0309m truy c\u00e2\u0323p<\/td>\n<\/tr>\n<tr id=\"tr_703\">\n<th width=\"35%\">T\u00ednh n\u0103ng Wi-Fi<\/th>\n<td width=\"65%\">WMM (Wi-Fi \u0111a ph\u01b0\u01a1ng ti\u1ec7n)<br \/>L\u1ecdc \u0111\u1ecba ch\u1ec9 MAC Wi-Fi<br \/>Th\u1ed1ng k\u00ea Wi-Fi<br \/>Ch\u1ee9c n\u0103ng \u0111\u0103ng nh\u1eadp t\u00ean mi\u1ec1n<\/td>\n<\/tr>\n<tr id=\"tr_704\">\n<th width=\"35%\">B\u1ea3o m\u1eadt Wi-Fi<\/th>\n<td width=\"65%\">64\/128\/152-bit WEP<br \/>WPA-PSK \/ WPA2-PSK<\/td>\n<\/tr>\n<\/tbody>\n<\/table>\n<table border=\"1\">\n<thead>\n<tr id=\"tr_606\">\n<th colspan=\"2\"><a>KH\u00c1C<\/a><\/th>\n<\/tr>\n<\/thead>\n<tbody>\n<tr id=\"tr_714\">\n<th width=\"35%\">Ch\u1ee9ng ch\u1ec9<\/th>\n<td width=\"65%\">CE, RoHS<\/td>\n<\/tr>\n<tr id=\"tr_715\">\n<th width=\"35%\">S\u1ea3n ph\u1ea9m bao g\u1ed3m<\/th>\n<td width=\"65%\">B\u1ed9 m\u1edf r\u1ed9ng s\u00f3ng Wi-Fi t\u1ed1c \u0111\u1ed9 300Mbps TL-WA850RE<br \/>H\u01b0\u1edbng d\u1eabn c\u00e0i \u0111\u1eb7t nhanh<\/td>\n<\/tr>\n<tr id=\"tr_716\">\n<th width=\"35%\">System Requirements<\/th>\n<td width=\"65%\">Microsoft\u00ae Windows\u00ae 98SE, NT, 2000, XP, Vista ho\u1eb7c Windows 7, 8, 10, Mac\u00ae OS, NetWare\u00ae, UNIX\u00ae ho\u1eb7c Linux.<\/td>\n<\/tr>\n<tr id=\"tr_717\">\n<th width=\"35%\">M\u00f4i tr\u01b0\u1eddng<\/th>\n<td width=\"65%\">Nhi\u1ec7t \u0111\u1ed9 ho\u1ea1t \u0111\u1ed9ng: 0\u2103~40 \u2103 (32 \u2109~104\u2109)<br \/>Nhi\u1ec7t \u0111\u1ed9 l\u01b0u tr\u1eef: -40\u2103~70 \u2103 (-40 \u2109~158\u2109)<br \/>\u0110\u1ed9 \u1ea9m ho\u1ea1t \u0111\u1ed9ng: 10%~90% kh\u00f4ng ng\u01b0ng t\u1ee5<br \/>\u0110\u1ed9 \u1ea9m l\u01b0u tr\u1eef: 5%~90% kh\u00f4ng ng\u01b0ng t\u1ee5<\/td>\n<\/tr>\n<\/tbody>\n<\/table><\/div>\n<p>                            <!--                            <\/p>\n<div class=\"xemthem_id_r\">--><br \/>\n                            <!--                                <a><!--\/show\/?token=--><br \/>\n                            <!--\"--><br \/>\n                            <!--                                   class=\"preview fancybox fancybox.ajax\" rel=\"nofollow\"&gt;Xem th&#234;m th&#244;ng s&#7889; k&#7929; thu&#7853;t<\/a>--><br \/>\n                            <!--                            <\/div>\n<p>-->\n                        <\/p><\/div>\n<\/p><\/div>","protected":false},"excerpt":{"rendered":"<ul>\n<ul>\n<li style=\"text-align: justify\">Ch\u1ebf \u0111\u1ed9 m\u1edf r\u1ed9ng s\u00f3ng t\u0103ng c\u01b0\u1eddng t\u00edn hi\u1ec7u Wi-Fi \u0111\u1ebfn c\u00e1c \u0111i\u1ec3m kh\u00f4ng th\u1ec3 ho\u1eb7c kh\u00f3 \u0111i d\u00e2y tr\u01b0\u1edbc \u0111\u00e2y m\u1ed9t c\u00e1ch ho\u00e0n h\u1ea3o<\/li>\n<li style=\"text-align: justify\">K\u00edch th\u01b0\u1edbc nh\u1ecf g\u1ecdn v\u00e0 thi\u1ebft k\u1ebf g\u1eafn t\u01b0\u1eddng gi\u00fap vi\u1ec7c tri\u1ec3n khai v\u00e0 di chuy\u1ec3n linh ho\u1ea1t<\/li>\n<li style=\"text-align: justify\">D\u1ec5 d\u00e0ng m\u1edf r\u1ed9ng ph\u1ea1m vi ph\u1ee7 s\u00f3ng Wi-Fi ch\u1ec9 b\u1eb1ng n\u00fat nh\u1ea5n c\u1ee7a b\u1ed9 m\u1edf r\u1ed9ng s\u00f3ng<\/li>\n<li style=\"text-align: justify\">C\u1ed5ng Ethernet cho ph\u00e9p b\u1ed9 m\u1edf r\u1ed9ng s\u00f3ng ho\u1ea1t \u0111\u1ed9ng nh\u01b0 m\u1ed9t b\u1ed9 chuy\u1ec3n \u0111\u1ed5i Wi-Fi \u0111\u1ec3 k\u1ebft n\u1ed1i v\u1edbi c\u00e1c thi\u1ebft b\u1ecb c\u00f3 d\u00e2y<\/li>\n<li style=\"text-align: justify\">\u1ee8ng d\u1ee5ng Tether cho ph\u00e9p truy c\u1eadp v\u00e0 qu\u1ea3n l\u00fd d\u1ec5 d\u00e0ng b\u1eb1ng b\u1ea5t c\u1ee9 thi\u1ebft b\u1ecb di \u0111\u1ed9ng n\u00e0o<\/li>\n<li style=\"text-align: justify\">Ch\u1ee9c n\u0103ng \u0111i\u1ec1u khi\u1ec3n LED bao g\u1ed3m ch\u1ebf \u0111\u1ed9 ban \u0111\u00eam cho gi\u1ea5c ng\u1ee7 y\u00ean b\u00ecnh<\/li>\n<\/ul>\n<\/ul>","protected":false},"featured_media":11685,"comment_status":"closed","ping_status":"closed","template":"","meta":[],"pwb-brand":[],"product_cat":[2896],"product_tag":[37],"class_list":{"0":"post-11684","1":"product","2":"type-product","3":"status-publish","4":"has-post-thumbnail","6":"product_cat-tp-link","7":"product_tag-fit","9":"first","10":"instock","11":"shipping-taxable","12":"product-type-simple"},"brands":[],"_links":{"self":[{"href":"https:\/\/serverhot.vn\/pt\/wp-json\/wp\/v2\/product\/11684","targetHints":{"allow":["GET"]}}],"collection":[{"href":"https:\/\/serverhot.vn\/pt\/wp-json\/wp\/v2\/product"}],"about":[{"href":"https:\/\/serverhot.vn\/pt\/wp-json\/wp\/v2\/types\/product"}],"replies":[{"embeddable":true,"href":"https:\/\/serverhot.vn\/pt\/wp-json\/wp\/v2\/comments?post=11684"}],"wp:featuredmedia":[{"embeddable":true,"href":"https:\/\/serverhot.vn\/pt\/wp-json\/wp\/v2\/media\/11685"}],"wp:attachment":[{"href":"https:\/\/serverhot.vn\/pt\/wp-json\/wp\/v2\/media?parent=11684"}],"wp:term":[{"taxonomy":"pwb-brand","embeddable":true,"href":"https:\/\/serverhot.vn\/pt\/wp-json\/wp\/v2\/pwb-brand?post=11684"},{"taxonomy":"product_cat","embeddable":true,"href":"https:\/\/serverhot.vn\/pt\/wp-json\/wp\/v2\/product_cat?post=11684"},{"taxonomy":"product_tag","embeddable":true,"href":"https:\/\/serverhot.vn\/pt\/wp-json\/wp\/v2\/product_tag?post=11684"}],"curies":[{"name":"wp","href":"https:\/\/api.w.org\/{rel}","templated":true}]}}