{"id":11704,"date":"2024-06-29T14:57:00","date_gmt":"2024-06-29T07:57:00","guid":{"rendered":"https:\/\/serverhot.vn\/product\/uncategorized\/trendmicro-worry-free-business-security-services-subscription-ma-san-pham-wfsbe0041bl12\/"},"modified":"2024-06-29T14:57:03","modified_gmt":"2024-06-29T07:57:03","slug":"trendmicro-worry-free-business-security-services-subscription-ma-san-pham-wfsbe0041bl12","status":"publish","type":"product","link":"https:\/\/serverhot.vn\/pt\/-product-\/trendmicro-worry-free-business-security-services-subscription-ma-san-pham-wfsbe0041bl12\/","title":{"rendered":"TrendMicro Worry-Free Business Security Services Subscription M\u00e3 s\u1ea3n ph\u1ea9m: WFSBE0041BL12"},"content":{"rendered":"<div class=\"showText tabs\" id=\"tab2\">\n                                    <\/div>","protected":false},"excerpt":{"rendered":"<ul>\n<ul>\n<li style=\"text-align: justify\">\n<p style=\"font-family: 'Open Sans', sans-serif;text-align: start;margin-top: 0px;margin-bottom: 1rem;color: #52575d;line-height: 1.78571rem;font-size: 14px\"><span style=\"font-size: 12pt\"><span style=\"font-family: 'Times New Roman', serif\"><span style=\"font-weight: bolder\">Worry &#8211; Free Bussiness Security Services<\/span><\/span><\/span><\/p>\n<p style=\"font-family: 'Open Sans', sans-serif;text-align: start;margin-top: 0px;margin-bottom: 1rem;color: #52575d;line-height: 1.78571rem;font-size: 14px\"><span style=\"font-size: 12pt\"><span style=\"font-family: 'Times New Roman', serif\"><span style=\"font-size: 11.5pt\">Ch\u1eb7n ph\u1ea7n m\u1ec1m t\u1ed1ng ti\u1ec1n v\u00e0 t\u1ea5n c\u00f4ng \u0111\u01b0\u1ee3c nh\u1eafm m\u1ee5c ti\u00eau v\u1edbi b\u1ea3o m\u1eadt \u0111i\u1ec3m cu\u1ed1i \u0111\u01b0\u1ee3c l\u01b0u tr\u1eef cho t\u1ea5t c\u1ea3 c\u00e1c thi\u1ebft b\u1ecb c\u1ee7a b\u1ea1n<\/span><\/span><\/span><\/p>\n<p style=\"font-family: 'Open Sans', sans-serif;text-align: start;margin-top: 0px;margin-bottom: 1rem;color: #52575d;line-height: 1.78571rem;font-size: 14px\"><span style=\"font-size: 12pt\"><span style=\"font-family: 'Times New Roman', serif\"><span style=\"font-weight: bolder\"><em>Kh\u00f4ng c\u1ea7n b\u1ea3o tr\u00ec<\/em><\/span><\/span><\/span><\/p>\n<p style=\"font-family: 'Open Sans', sans-serif;text-align: start;margin-top: 0px;margin-bottom: 1rem;color: #52575d;line-height: 1.78571rem;font-size: 14px\"><span style=\"font-size: 12pt\"><span style=\"font-family: 'Times New Roman', serif\"><span style=\"font-weight: bolder\"><span style=\"font-size: 11.5pt\"><span style=\"font-family: Arial, 'sans-serif'\"><span>Trend Micro\u2122 Worry &#8211; Free\u00a0Business Security Services<\/span><\/span><\/span><\/span><span style=\"font-size: 11.5pt\"><span style=\"font-family: Arial, 'sans-serif'\"><span>\u00a0\u0111\u01b0\u1ee3c l\u01b0u tr\u1eef tr\u00ean cloud v\u00e0 \u0111\u01b0\u1ee3c Trend duy tr\u00ec. Ch\u00fang t\u00f4i \u0111\u1ea3m b\u1ea3o r\u1eb1ng b\u1ea1n lu\u00f4n \u0111\u01b0\u1ee3c c\u1eadp nh\u1eadt gi\u1ea3i ph\u00e1p b\u1ea3o v\u1ec7 nhanh nh\u1ea5t, v\u00ec v\u1eady b\u1ea1n c\u00f3 th\u1ec3 t\u1eadp trung v\u00e0o doanh nghi\u1ec7p c\u1ee7a m\u00ecnh v\u00e0 ch\u00fang t\u00f4i t\u1eadp trung v\u00e0o vi\u1ec7c b\u1ea3o v\u1ec7 doanh nghi\u1ec7p c\u1ee7a b\u1ea1n.\u00a0<\/span><\/span><\/span><\/span><\/span><\/p>\n<\/li>\n<\/ul>\n<\/ul>","protected":false},"featured_media":11705,"comment_status":"closed","ping_status":"closed","template":"","meta":[],"pwb-brand":[],"product_cat":[2924],"product_tag":[55],"class_list":{"0":"post-11704","1":"product","2":"type-product","3":"status-publish","4":"has-post-thumbnail","6":"product_cat-antivirus-security","7":"product_tag-run","9":"first","10":"instock","11":"shipping-taxable","12":"product-type-simple"},"brands":[],"_links":{"self":[{"href":"https:\/\/serverhot.vn\/pt\/wp-json\/wp\/v2\/product\/11704","targetHints":{"allow":["GET"]}}],"collection":[{"href":"https:\/\/serverhot.vn\/pt\/wp-json\/wp\/v2\/product"}],"about":[{"href":"https:\/\/serverhot.vn\/pt\/wp-json\/wp\/v2\/types\/product"}],"replies":[{"embeddable":true,"href":"https:\/\/serverhot.vn\/pt\/wp-json\/wp\/v2\/comments?post=11704"}],"wp:featuredmedia":[{"embeddable":true,"href":"https:\/\/serverhot.vn\/pt\/wp-json\/wp\/v2\/media\/11705"}],"wp:attachment":[{"href":"https:\/\/serverhot.vn\/pt\/wp-json\/wp\/v2\/media?parent=11704"}],"wp:term":[{"taxonomy":"pwb-brand","embeddable":true,"href":"https:\/\/serverhot.vn\/pt\/wp-json\/wp\/v2\/pwb-brand?post=11704"},{"taxonomy":"product_cat","embeddable":true,"href":"https:\/\/serverhot.vn\/pt\/wp-json\/wp\/v2\/product_cat?post=11704"},{"taxonomy":"product_tag","embeddable":true,"href":"https:\/\/serverhot.vn\/pt\/wp-json\/wp\/v2\/product_tag?post=11704"}],"curies":[{"name":"wp","href":"https:\/\/api.w.org\/{rel}","templated":true}]}}