{"id":11859,"date":"2024-06-29T15:18:50","date_gmt":"2024-06-29T08:18:50","guid":{"rendered":"https:\/\/serverhot.vn\/product\/uncategorized\/man-hinh-cong-gaming-samsung-lc32jg51fdexxv-32inch-fullhd-4ms-144hz-va-ma-san-pham-lc32jg51fdexxv\/"},"modified":"2024-06-29T15:18:52","modified_gmt":"2024-06-29T08:18:52","slug":"man-hinh-cong-gaming-samsung-lc32jg51fdexxv-32inch-fullhd-4ms-144hz-va-ma-san-pham-lc32jg51fdexxv","status":"publish","type":"product","link":"https:\/\/serverhot.vn\/pt\/-product-\/man-hinh-cong-gaming-samsung-lc32jg51fdexxv-32inch-fullhd-4ms-144hz-va-ma-san-pham-lc32jg51fdexxv\/","title":{"rendered":"M\u00e0n H\u00ecnh Cong Gaming Samsung LC32JG51FDEXXV 32inch FullHD 4ms 144Hz VA M\u00e3 s\u1ea3n ph\u1ea9m: LC32JG51FDEXXV"},"content":{"rendered":"<div class=\"showText tabs\" id=\"tab2\">\n<div class=\"box_right_pro_view\">\n<div class=\"thongso_pro a_technical\" style=\"max-height: fit-content\">\n<table border=\"1\">\n<tbody>\n<tr>\n<td width=\"177\">Sa\u0309n ph\u00e2\u0309m<\/td>\n<td width=\"514\">Ma\u0300n hi\u0300nh<\/td>\n<\/tr>\n<tr>\n<td>T\u00ean Ha\u0303ng<\/td>\n<td width=\"514\">Samsung<\/td>\n<\/tr>\n<tr>\n<td>Model<\/td>\n<td width=\"514\">LC32JG51FDEXXV<\/td>\n<\/tr>\n<tr>\n<td>Ki\u00ea\u0309u ma\u0300n hi\u0300nh<\/td>\n<td width=\"514\">Ma\u0300n hi\u0300nh gaming<\/td>\n<\/tr>\n<tr>\n<td>K\u00edch th\u01b0\u1edbc m\u00e0n h\u00ecnh<\/td>\n<td width=\"514\">32Inch\u00a0<\/td>\n<\/tr>\n<tr>\n<td>\u0110\u1ed9 s\u00e1ng<\/td>\n<td width=\"514\">250cd\/m2<\/td>\n<\/tr>\n<tr>\n<td>T\u1ef7 l\u1ec7 t\u01b0\u01a1ng ph\u1ea3n<\/td>\n<td width=\"514\">3.000:1<\/td>\n<\/tr>\n<tr>\n<td>\u0110\u1ed9 ph\u00e2n gi\u1ea3i<\/td>\n<td width=\"514\">Full HD (1920&#215;1080)<\/td>\n<\/tr>\n<tr>\n<td>Th\u1eddi gian \u0111\u00e1p \u1ee9ng<\/td>\n<td width=\"514\">4ms<\/td>\n<\/tr>\n<tr>\n<td>G\u00f3c nh\u00ecn<\/td>\n<td width=\"514\">178\u00b0\/178\u00b0<\/td>\n<\/tr>\n<tr>\n<td>T\u1ea7n s\u1ed1 qu\u00e9t<\/td>\n<td width=\"514\">144HZ<\/td>\n<\/tr>\n<tr>\n<td>C\u1ed5ng giao ti\u1ebfp<\/td>\n<td width=\"514\">\n<p>HDMI x2, Display-Port<\/p>\n<p>Ph\u1ee5 ki\u1ec7n \u0111i k\u00e8m: C\u00e1p HDMI<\/p>\n<\/td>\n<\/tr>\n<tr>\n<td>T\u00ednh n\u0103ng kh\u00e1c<\/td>\n<td width=\"514\">\u00a0Thi\u1ebft k\u1ebf m\u00e0n h\u00ecnh cong cao c\u1ea5p k\u1ebft s\u1eed d\u1ee5ng m\u00e0u s\u1eafc ch\u1ee7 \u0111\u1ea1o l\u00e0 m\u00e0u xanh \u0111en c\u0169ng ch\u00e2n \u0111\u1ebf ch\u1eef T kh\u1ecfe kho\u1eafn r\u1ea5t ph\u00f9 h\u1ee3p v\u1edbi Gamer.\u00a0\u00a0\u00a0\u00a0\u00a0\u00a0<\/td>\n<\/tr>\n<tr>\n<td>Xu\u1ea5t x\u1ee9<\/td>\n<td width=\"514\">Chi\u0301nh ha\u0303ng<\/td>\n<\/tr>\n<\/tbody>\n<\/table><\/div>\n<p>                            <!--                            <\/p>\n<div class=\"xemthem_id_r\">--><br \/>\n                            <!--                                <a><!--\/show\/?token=--><br \/>\n                            <!--\"--><br \/>\n                            <!--                                   class=\"preview fancybox fancybox.ajax\" rel=\"nofollow\"&gt;Xem th&#234;m th&#244;ng s&#7889; k&#7929; thu&#7853;t<\/a>--><br \/>\n                            <!--                            <\/div>\n<p>-->\n                        <\/p><\/div>\n<\/p><\/div>","protected":false},"excerpt":{"rendered":"<ul>\n<ul>\n<li>K\u00edch th\u01b0\u1edbc m\u00e0n h\u00ecnh: 32Inch VA<\/li>\n<li>\u0110\u1ed9 ph\u00e2n gi\u1ea3i: Full HD (1920&#215;1080)<\/li>\n<li>C\u1ed5ng giao ti\u1ebfp: HDMI x2, Display-Port<\/li>\n<\/ul>\n<\/ul>","protected":false},"featured_media":11860,"comment_status":"closed","ping_status":"closed","template":"","meta":[],"pwb-brand":[],"product_cat":[2909],"product_tag":[],"class_list":{"0":"post-11859","1":"product","2":"type-product","3":"status-publish","4":"has-post-thumbnail","6":"product_cat-man-hinh-may-tinh","8":"first","9":"instock","10":"shipping-taxable","11":"product-type-simple"},"brands":[],"_links":{"self":[{"href":"https:\/\/serverhot.vn\/pt\/wp-json\/wp\/v2\/product\/11859","targetHints":{"allow":["GET"]}}],"collection":[{"href":"https:\/\/serverhot.vn\/pt\/wp-json\/wp\/v2\/product"}],"about":[{"href":"https:\/\/serverhot.vn\/pt\/wp-json\/wp\/v2\/types\/product"}],"replies":[{"embeddable":true,"href":"https:\/\/serverhot.vn\/pt\/wp-json\/wp\/v2\/comments?post=11859"}],"wp:featuredmedia":[{"embeddable":true,"href":"https:\/\/serverhot.vn\/pt\/wp-json\/wp\/v2\/media\/11860"}],"wp:attachment":[{"href":"https:\/\/serverhot.vn\/pt\/wp-json\/wp\/v2\/media?parent=11859"}],"wp:term":[{"taxonomy":"pwb-brand","embeddable":true,"href":"https:\/\/serverhot.vn\/pt\/wp-json\/wp\/v2\/pwb-brand?post=11859"},{"taxonomy":"product_cat","embeddable":true,"href":"https:\/\/serverhot.vn\/pt\/wp-json\/wp\/v2\/product_cat?post=11859"},{"taxonomy":"product_tag","embeddable":true,"href":"https:\/\/serverhot.vn\/pt\/wp-json\/wp\/v2\/product_tag?post=11859"}],"curies":[{"name":"wp","href":"https:\/\/api.w.org\/{rel}","templated":true}]}}