{"id":12076,"date":"2024-06-29T16:12:57","date_gmt":"2024-06-29T09:12:57","guid":{"rendered":"https:\/\/serverhot.vn\/product\/uncategorized\/thiet-bi-mang-router-wifi-linksys-ea8500-max-stream-ac2600-mu-mimo-smart-ea8500-ma-san-pham-ea8500\/"},"modified":"2024-06-29T16:12:58","modified_gmt":"2024-06-29T09:12:58","slug":"thiet-bi-mang-router-wifi-linksys-ea8500-max-stream-ac2600-mu-mimo-smart-ea8500-ma-san-pham-ea8500","status":"publish","type":"product","link":"https:\/\/serverhot.vn\/pt\/-product-\/thiet-bi-mang-router-wifi-linksys-ea8500-max-stream-ac2600-mu-mimo-smart-ea8500-ma-san-pham-ea8500\/","title":{"rendered":"Thi\u1ebft B\u1ecb M\u1ea1ng Router WiFi Linksys EA8500 Max-Stream AC2600 MU-MIMO Smart EA8500 M\u00e3 s\u1ea3n ph\u1ea9m: EA8500"},"content":{"rendered":"<div class=\"showText tabs\" id=\"tab2\">\n                                    <\/div>","protected":false},"excerpt":{"rendered":"<ul>\n<div class=\"attribute-item py10 mx20\">\n<p class=\"w40 ml10\">Linksys EA8500 &#8211;\u00a0Router\u00a0Wifi Chu\u1ea9n AC 2600Mbps\u00a0s\u1eed d\u1ee5ng chu\u1ea9n k\u1ebft n\u1ed1i AC v\u1edbi c\u00f4ng ngh\u1ec7 ph\u00e1t s\u00f3ng \u0111a lu\u1ed3ng nhanh g\u1ea5p 4 l\u1ea7n chu\u1ea9n N v\u1edbi t\u1ea7m ph\u1ee7 s\u00f3ng v\u00e0 t\u1ed1c \u0111\u1ed9 cao nh\u1ea5t l\u00ean t\u1edbi 2600Mbps. Thi\u1ebft b\u1ecb thu\u1ed9c d\u00f2ng Smart WiFi\u00a0Router\u00a0Linksys EA-Series cao c\u1ea5p d\u00e0nh cho gia \u0111\u00ecnh, qu\u00e1n cafe, nh\u00e0 h\u00e0ng v\u00e0 c\u00f4ng ty.<\/p>\n<p class=\"w40 ml10\"><span class=\"item\">&#8211; Wi-Fi chu\u1ea9n AC m\u1edbi nh\u1ea5t v\u1edbi MU-MIMO \u0111\u1ed9t ph\u00e1\u00a0<span>nhanh g\u1ea5p 4 l\u1ea7n chu\u1ea9n Wi-Fi c\u0169<\/span><\/span><\/p>\n<p class=\"w40 ml10\"><span class=\"item\">\u00a0<\/span><span class=\"item\">&#8211; T\u1ed1c \u0111\u1ed9 cao 2600Mbps (N800 + AC1733) <\/span><\/p>\n<p class=\"w40 ml10\"><span class=\"item\">&#8211; Vi s\u1eed l\u00fd l\u00f5i k\u00e9p @1.4 GHz, RAM 512 MB, Flash 128 MB<\/span><\/p>\n<p class=\"w40 ml10\">&#8211; B\u0103ng t\u1ea7n h\u1ed7 tr\u1ee3: 2.4 GHz \/ 5 GHz<\/p>\n<\/div>\n<div class=\"attribute-item py10 mx20\">\n<p class=\"w40 ml10\">&#8211; Chu\u1ea9n k\u1ebft n\u1ed1i: 802.11 a\/b\/g\/n\/ac<\/p>\n<\/div>\n<div class=\"attribute-item py10 mx20\">\n<p class=\"w40 ml10\">&#8211; C\u1ed5ng k\u1ebft n\u1ed1i: 1x USB 2.0, 1x USB 3.0, 4x LAN Gigabit<\/p>\n<\/div>\n<div class=\"attribute-item py10 mx20\">\n<p class=\"w40 ml10\">&#8211; \u0102ng ten: 4x ngo\u00e0i<\/p>\n<\/div>\n<div class=\"attribute-item py10 mx20\">\n<p class=\"w40 ml10\">&#8211; Ngu\u1ed3n \u0111i\u1ec7n c\u1ea5p: 12V DC\/ 3.5A<\/p>\n<\/div>\n<p>\u00a0<\/p>\n<ul class=\"a-unordered-list a-vertical a-spacing-none\">\n<\/ul>\n<\/ul>","protected":false},"featured_media":12077,"comment_status":"closed","ping_status":"closed","template":"","meta":[],"pwb-brand":[],"product_cat":[2907],"product_tag":[],"class_list":{"0":"post-12076","1":"product","2":"type-product","3":"status-publish","4":"has-post-thumbnail","6":"product_cat-linksys","8":"first","9":"instock","10":"shipping-taxable","11":"product-type-simple"},"brands":[],"_links":{"self":[{"href":"https:\/\/serverhot.vn\/pt\/wp-json\/wp\/v2\/product\/12076","targetHints":{"allow":["GET"]}}],"collection":[{"href":"https:\/\/serverhot.vn\/pt\/wp-json\/wp\/v2\/product"}],"about":[{"href":"https:\/\/serverhot.vn\/pt\/wp-json\/wp\/v2\/types\/product"}],"replies":[{"embeddable":true,"href":"https:\/\/serverhot.vn\/pt\/wp-json\/wp\/v2\/comments?post=12076"}],"wp:featuredmedia":[{"embeddable":true,"href":"https:\/\/serverhot.vn\/pt\/wp-json\/wp\/v2\/media\/12077"}],"wp:attachment":[{"href":"https:\/\/serverhot.vn\/pt\/wp-json\/wp\/v2\/media?parent=12076"}],"wp:term":[{"taxonomy":"pwb-brand","embeddable":true,"href":"https:\/\/serverhot.vn\/pt\/wp-json\/wp\/v2\/pwb-brand?post=12076"},{"taxonomy":"product_cat","embeddable":true,"href":"https:\/\/serverhot.vn\/pt\/wp-json\/wp\/v2\/product_cat?post=12076"},{"taxonomy":"product_tag","embeddable":true,"href":"https:\/\/serverhot.vn\/pt\/wp-json\/wp\/v2\/product_tag?post=12076"}],"curies":[{"name":"wp","href":"https:\/\/api.w.org\/{rel}","templated":true}]}}