{"id":12394,"date":"2024-06-29T17:22:43","date_gmt":"2024-06-29T10:22:43","guid":{"rendered":"https:\/\/serverhot.vn\/product\/uncategorized\/tu-server-hq-20u-d1000-ma-san-pham-hq-20u-d1000\/"},"modified":"2024-06-29T17:22:44","modified_gmt":"2024-06-29T10:22:44","slug":"tu-server-hq-20u-d1000-ma-san-pham-hq-20u-d1000","status":"publish","type":"product","link":"https:\/\/serverhot.vn\/pt\/-product-\/tu-server-hq-20u-d1000-ma-san-pham-hq-20u-d1000\/","title":{"rendered":"T\u1ee7 server HQ 20U-D1000 M\u00e3 s\u1ea3n ph\u1ea9m: HQ-20U-D1000"},"content":{"rendered":"<div class=\"showText tabs\" id=\"tab2\">\n                                    <\/div>","protected":false},"excerpt":{"rendered":"<ul>\n<p><strong>K\u00edch th\u01b0\u1edbc<\/strong><strong> \u00a0<\/strong>: Cao 1100* R\u1ed9ng 600 * S\u00e2u 1000 (mm)<\/p>\n<p><strong>K\u1ebft c\u1ea5u<\/strong><strong> \u00a0 \u00a0 \u00a0 \u00a0<\/strong>: D\u1ea1ng \u0111\u1ee9ng, c\u00f3 th\u1ec3 th\u00e1o r\u1eddi<\/p>\n<p><strong>M\u00e0u s\u1eafc<\/strong><strong> \u00a0 \u00a0 \u00a0<\/strong><strong> <\/strong>: M\u00e0u \u0111en s\u1ea7n ho\u1eb7c Ghi s\u1ea7n<\/p>\n<p><strong>C\u00e1nh tr\u01b0\u1edbc<\/strong><strong> \u00a0<\/strong>: C\u1eeda l\u01b0\u1edbi ho\u1eb7c Mika<\/p>\n<p><strong>T\u1ea3i tr\u1ecdng<\/strong>\u00a0 \u00a0 \u00a0 : 150kg<\/p>\n<p><strong>C\u00e1nh h\u00f4ng<\/strong><strong> \u00a0 <\/strong>: 02 C\u00e1nh h\u00f4ng b\u1eaft v\u00edt, d\u1ec5 d\u00e0ng th\u00e1o l\u1eafp<\/p>\n<p><strong>Di chuy\u1ec3n \u00a0 \u00a0\u00a0<\/strong>: 04 B\u00e1nh xe \u0111i\u1ec1u h\u01b0\u1edbng, xoay 360 \u0111\u1ed9. C\u1ed1 \u0111\u1ecbnh b\u1eb1ng 04 ch\u00e2n t\u0103ng c\u1ee9ng<\/p>\n<p><strong>Ph\u1ee5 ki\u1ec7n<\/strong><strong> \u00a0 \u00a0 \u00a0 <\/strong>: 02 Qu\u1ea1t h\u00fat gi\u00f3 c\u00f4ng su\u1ea5t 24W, \u1ed4 c\u1eafm ngu\u1ed3n 6 ch\u1ea5u \u0111a n\u0103ng.<\/p>\n<\/ul>","protected":false},"featured_media":12395,"comment_status":"closed","ping_status":"closed","template":"","meta":[],"pwb-brand":[],"product_cat":[2915],"product_tag":[],"class_list":{"0":"post-12394","1":"product","2":"type-product","3":"status-publish","4":"has-post-thumbnail","6":"product_cat-tu-rack","8":"first","9":"instock","10":"shipping-taxable","11":"product-type-simple"},"brands":[],"_links":{"self":[{"href":"https:\/\/serverhot.vn\/pt\/wp-json\/wp\/v2\/product\/12394","targetHints":{"allow":["GET"]}}],"collection":[{"href":"https:\/\/serverhot.vn\/pt\/wp-json\/wp\/v2\/product"}],"about":[{"href":"https:\/\/serverhot.vn\/pt\/wp-json\/wp\/v2\/types\/product"}],"replies":[{"embeddable":true,"href":"https:\/\/serverhot.vn\/pt\/wp-json\/wp\/v2\/comments?post=12394"}],"wp:featuredmedia":[{"embeddable":true,"href":"https:\/\/serverhot.vn\/pt\/wp-json\/wp\/v2\/media\/12395"}],"wp:attachment":[{"href":"https:\/\/serverhot.vn\/pt\/wp-json\/wp\/v2\/media?parent=12394"}],"wp:term":[{"taxonomy":"pwb-brand","embeddable":true,"href":"https:\/\/serverhot.vn\/pt\/wp-json\/wp\/v2\/pwb-brand?post=12394"},{"taxonomy":"product_cat","embeddable":true,"href":"https:\/\/serverhot.vn\/pt\/wp-json\/wp\/v2\/product_cat?post=12394"},{"taxonomy":"product_tag","embeddable":true,"href":"https:\/\/serverhot.vn\/pt\/wp-json\/wp\/v2\/product_tag?post=12394"}],"curies":[{"name":"wp","href":"https:\/\/api.w.org\/{rel}","templated":true}]}}