{"id":12430,"date":"2024-06-29T17:27:15","date_gmt":"2024-06-29T10:27:15","guid":{"rendered":"https:\/\/serverhot.vn\/product\/uncategorized\/thiet-bi-kvm-aten-switch-16-port-man-hinh-lcd-19inch-cl1316-ma-san-pham-cl1316n-ata-ae\/"},"modified":"2024-06-29T17:27:16","modified_gmt":"2024-06-29T10:27:16","slug":"thiet-bi-kvm-aten-switch-16-port-man-hinh-lcd-19inch-cl1316-ma-san-pham-cl1316n-ata-ae","status":"publish","type":"product","link":"https:\/\/serverhot.vn\/pt\/-product-\/thiet-bi-kvm-aten-switch-16-port-man-hinh-lcd-19inch-cl1316-ma-san-pham-cl1316n-ata-ae\/","title":{"rendered":"Thi\u1ebft B\u1ecb KVM Aten Switch 16 Port M\u00e0n H\u00ecnh LCD 19inch CL1316 M\u00e3 s\u1ea3n ph\u1ea9m: CL1316N-ATA-AE"},"content":{"rendered":"<div class=\"showText tabs\" id=\"tab2\">\n                                    <\/div>","protected":false},"excerpt":{"rendered":"<ul>\n<p style=\"font-size: 13px;margin: 0px 0px 8px;padding: 0px;border: 0px;background: #ffffff;cursor: default;color: #333333;font-family: Arial\">\u00a0CL1316N cung c\u1ea5p giao di\u1ec7n \u0111i\u1ec1u khi\u1ec3n duy nh\u1ea5t ki\u1ec3m so\u00e1t l\u00ean \u0111\u1ebfn 128 m\u00e1y t\u00ednh th\u00f4ng qua 2 c\u1ea5p \u0111\u1ed9 v\u00e0 k\u1ebft n\u1ed1i l\u00ean \u0111\u1ebfn 8 thi\u1ebft b\u1ecb chuy\u1ec3n m\u1ea1ch.<\/p>\n<ul style=\"font-size: 13px;padding: 0px;border: 0px;background: #ffffff;color: #333333;font-family: Arial;margin: 0px 0px 0px 18px !important\">\n<li style=\"margin: 0px;padding: 0px;border: 0px;background: transparent\">KVM giao di\u1ec7n \u0111i\u1ec1u khi\u1ec3n t\u00edch h\u1ee3p v\u1edbi 19 &#8220;m\u00e0n h\u00ecnh LCD<\/li>\n<li style=\"margin: 0px;padding: 0px;border: 0px;background: transparent\">Giao di\u1ec7n Dual &#8211; h\u1ed7 tr\u1ee3 m\u00e1y t\u00ednh v\u1edbi PS \/ 2 ho\u1eb7c USB b\u00e0n ph\u00edm v\u00e0 chu\u1ed9t<\/li>\n<li style=\"margin: 0px;padding: 0px;border: 0px;background: transparent\">H\u1ed7 tr\u1ee3 \u0111a n\u1ec1n t\u1ea3ng &#8211; Windows 2000 \/ XP \/ Vista, Linux, Mac, v\u00e0 Sun<\/li>\n<li style=\"margin: 0px;padding: 0px;border: 0px;background: transparent\">H\u1ed7 tr\u1ee3 b\u00e0n ph\u00edm USB cho PC, Mac v\u00e0 Sun<\/li>\n<li style=\"margin: 0px;padding: 0px;border: 0px;background: transparent\">T\u1ef1 \u0111\u1ed9ng ph\u00e1t hi\u1ec7n PS \/ 2 v\u00e0 giao di\u1ec7n USB<\/li>\n<li style=\"margin: 0px;padding: 0px;border: 0px;background: transparent\">USB ho\u1eb7c PS \/ 2 b\u00e0n ph\u00edm v\u00e0 chu\u1ed9t thi \u0111ua &#8211; m\u00e1y t\u00ednh kh\u1edfi \u0111\u1ed9ng ngay c\u1ea3 khi giao di\u1ec7n \u0111i\u1ec1u khi\u1ec3n t\u1eadp trung \u1edf nh\u1eefng n\u01a1i kh\u00e1c<\/li>\n<li style=\"margin: 0px;padding: 0px;border: 0px;background: transparent\">Ch\u1ea5t l\u01b0\u1ee3ng video cao &#8211; l\u00ean \u0111\u1ebfn 1280 x 1024 @ 75 Hz; DDC2B<\/li>\n<li style=\"margin: 0px;padding: 0px;border: 0px;background: transparent\">Chuy\u1ec3n \u0111\u1ed5i m\u00e1y t\u00ednh thu\u1eadn ti\u1ec7n th\u00f4ng qua b\u1ea3ng \u0111i\u1ec1u khi\u1ec3n ph\u00eda tr\u01b0\u1edbc n\u00fat b\u1ea5m, ph\u00edm n\u00f3ng, ho\u1eb7c \u0111a ng\u00f4n ng\u1eef hi\u1ec3n th\u1ecb (OSD) menu tr\u00ean m\u00e0n h\u00ecnh<\/li>\n<li style=\"margin: 0px;padding: 0px;border: 0px;background: transparent\">B\u1ea3o m\u1eadt m\u1eadt kh\u1ea9u hai c\u1ea5p \u0111\u1ed9 &#8211; ch\u1ec9 nh\u1eefng ng\u01b0\u1eddi d\u00f9ng c\u00f3 th\u1ea9m quy\u1ec1n xem v\u00e0 ki\u1ec3m so\u00e1t m\u00e1y t\u00ednh; l\u00ean \u0111\u1ebfn b\u1ed1n ng\u01b0\u1eddi s\u1eed d\u1ee5ng v\u00e0 ng\u01b0\u1eddi qu\u1ea3n tr\u1ecb v\u1edbi m\u1ed9t profi le ri\u00eang bi\u1ec7t cho m\u1ed7i<\/li>\n<li style=\"margin: 0px;padding: 0px;border: 0px;background: transparent\">Auto Scan t\u00ednh n\u0103ng theo d\u00f5i m\u00e1y t\u00ednh ng\u01b0\u1eddi d\u00f9ng l\u1ef1a ch\u1ecdn<\/li>\n<li style=\"margin: 0px;padding: 0px;border: 0px;background: transparent\">\u00a0Broadcast ch\u1ebf \u0111\u1ed9 &#8211; c\u00e1c ho\u1ea1t \u0111\u1ed9ng \u0111\u1ed3ng th\u1eddi th\u1ef1c hi\u1ec7n tr\u00ean t\u1ea5t c\u1ea3 c\u00e1c m\u00e1y t\u00ednh l\u1ef1a ch\u1ecdn<\/li>\n<li style=\"margin: 0px;padding: 0px;border: 0px;background: transparent\">\u00a0Pluggable n\u00f3ng &#8211; th\u00eam ho\u1eb7c lo\u1ea1i b\u1ecf c\u00e1c m\u00e1y t\u00ednh m\u00e0 kh\u00f4ng c\u1ea7n ph\u1ea3i t\u1eaft \u0111i\u1ec7n chuy\u1ec3n \u0111\u1ed5i<\/li>\n<li style=\"margin: 0px;padding: 0px;border: 0px;background: transparent\">\u00a0Buzzer on \/ off th\u00f4ng qua ph\u00edm n\u00f3ng v\u00e0 OSD<\/li>\n<li style=\"margin: 0px;padding: 0px;border: 0px;background: transparent\">\u00a0Rack mountable 1U<\/li>\n<\/ul>\n<\/ul>","protected":false},"featured_media":12431,"comment_status":"closed","ping_status":"closed","template":"","meta":[],"pwb-brand":[],"product_cat":[2906],"product_tag":[55,2849],"class_list":{"0":"post-12430","1":"product","2":"type-product","3":"status-publish","4":"has-post-thumbnail","6":"product_cat-aten","7":"product_tag-run","8":"product_tag-switch","10":"first","11":"instock","12":"shipping-taxable","13":"product-type-simple"},"brands":[],"_links":{"self":[{"href":"https:\/\/serverhot.vn\/pt\/wp-json\/wp\/v2\/product\/12430","targetHints":{"allow":["GET"]}}],"collection":[{"href":"https:\/\/serverhot.vn\/pt\/wp-json\/wp\/v2\/product"}],"about":[{"href":"https:\/\/serverhot.vn\/pt\/wp-json\/wp\/v2\/types\/product"}],"replies":[{"embeddable":true,"href":"https:\/\/serverhot.vn\/pt\/wp-json\/wp\/v2\/comments?post=12430"}],"wp:featuredmedia":[{"embeddable":true,"href":"https:\/\/serverhot.vn\/pt\/wp-json\/wp\/v2\/media\/12431"}],"wp:attachment":[{"href":"https:\/\/serverhot.vn\/pt\/wp-json\/wp\/v2\/media?parent=12430"}],"wp:term":[{"taxonomy":"pwb-brand","embeddable":true,"href":"https:\/\/serverhot.vn\/pt\/wp-json\/wp\/v2\/pwb-brand?post=12430"},{"taxonomy":"product_cat","embeddable":true,"href":"https:\/\/serverhot.vn\/pt\/wp-json\/wp\/v2\/product_cat?post=12430"},{"taxonomy":"product_tag","embeddable":true,"href":"https:\/\/serverhot.vn\/pt\/wp-json\/wp\/v2\/product_tag?post=12430"}],"curies":[{"name":"wp","href":"https:\/\/api.w.org\/{rel}","templated":true}]}}