{"id":12499,"date":"2024-06-29T17:37:12","date_gmt":"2024-06-29T10:37:12","guid":{"rendered":"https:\/\/serverhot.vn\/product\/uncategorized\/thiet-bi-mang-tplink-access-point-wi-fi-gan-tran-chuan-n-toc-do-300mbps-eap115-ma-san-pham-eap115\/"},"modified":"2024-06-29T17:37:13","modified_gmt":"2024-06-29T10:37:13","slug":"thiet-bi-mang-tplink-access-point-wi-fi-gan-tran-chuan-n-toc-do-300mbps-eap115-ma-san-pham-eap115","status":"publish","type":"product","link":"https:\/\/serverhot.vn\/pt\/-product-\/thiet-bi-mang-tplink-access-point-wi-fi-gan-tran-chuan-n-toc-do-300mbps-eap115-ma-san-pham-eap115\/","title":{"rendered":"Thi\u1ebft B\u1ecb M\u1ea1ng TPLink Access Point Wi-Fi G\u1eafn Tr\u1ea7n Chu\u1ea9n N T\u1ed1c \u0110\u1ed9 300Mbps EAP115 M\u00e3 s\u1ea3n ph\u1ea9m: EAP115"},"content":{"rendered":"<div class=\"showText tabs\" id=\"tab2\">\n<div class=\"box_right_pro_view\">\n<div class=\"thongso_pro a_technical\" style=\"max-height: fit-content\">\n<table border=\"1\">\n<thead>\n<tr id=\"tr_603\">\n<th colspan=\"2\"><a>HARDWARE FEATURES<\/a><\/th>\n<\/tr>\n<\/thead>\n<tbody>\n<tr id=\"tr_694\">\n<th width=\"35%\">Interface<\/th>\n<td width=\"65%\">Fast Ethernet (RJ-45) Port *1\uff08Support IEEE802.3af PoE\uff09<\/td>\n<\/tr>\n<tr id=\"tr_695\">\n<th width=\"35%\">Button<\/th>\n<td width=\"65%\">Reset<\/td>\n<\/tr>\n<tr id=\"tr_1111\">\n<th width=\"35%\">Power Supply<\/th>\n<td width=\"65%\">PoE or external 12VDC\/1.0A power supply<\/td>\n<\/tr>\n<tr id=\"tr_1083\">\n<th width=\"35%\">Power Consumption<\/th>\n<td width=\"65%\">5W<\/td>\n<\/tr>\n<tr id=\"tr_693\">\n<th width=\"35%\">Wireless Standards<\/th>\n<td width=\"65%\">IEEE 802.11n, IEEE 802.11g, IEEE 802.11b<\/td>\n<\/tr>\n<tr id=\"tr_697\">\n<th width=\"35%\">Dimensions ( W x D x H )<\/th>\n<td width=\"65%\">7.1 x 7.1 x 1.9 in. (180*180*47.5mm)<\/td>\n<\/tr>\n<tr id=\"tr_1056\">\n<th width=\"35%\">Antenna Type<\/th>\n<td width=\"65%\">Internal 2* 3dBi Omni<\/td>\n<\/tr>\n<tr id=\"tr_4029\">\n<th width=\"35%\">Mounting<\/th>\n<td width=\"65%\">Ceiling \/Wall Mounting (Kits included)<\/td>\n<\/tr>\n<tr id=\"tr_4027\">\n<th width=\"35%\">Physical Security Lock<\/th>\n<td width=\"65%\">Kensington Lock Slot<\/td>\n<\/tr>\n<tr id=\"tr_4028\">\n<th width=\"35%\">Watch Dog<\/th>\n<td width=\"65%\">Yes<\/td>\n<\/tr>\n<\/tbody>\n<\/table>\n<table border=\"1\">\n<thead>\n<tr id=\"tr_604\">\n<th colspan=\"2\"><a>WIRELESS FEATURES<\/a><\/th>\n<\/tr>\n<\/thead>\n<tbody>\n<tr id=\"tr_1058\">\n<th width=\"35%\">Wireless Standards<\/th>\n<td width=\"65%\">IEEE 802.11n, IEEE 802.11g, IEEE 802.11b<\/td>\n<\/tr>\n<tr id=\"tr_698\">\n<th width=\"35%\">Frequency<\/th>\n<td width=\"65%\">2.4-2.4835GHz<\/td>\n<\/tr>\n<tr id=\"tr_699\">\n<th width=\"35%\">Signal Rate<\/th>\n<td width=\"65%\">11n: Up to 300Mbps(dynamic)<br \/>11g: Up to 54Mbps(dynamic)<br \/>11b: Up to 11Mbps(dynamic)<\/td>\n<\/tr>\n<tr id=\"tr_701\">\n<th width=\"35%\">Reception Sensitivity<\/th>\n<td width=\"65%\">300M: -71dBm@10% PER<br \/>150M: -75dBm@10% PER<br \/>54M: -78dBm@10% PER<br \/>11M: -93dBm@8% PER<br \/>6M: -92dBm@10% PER<br \/>1M: -96dBm@8% PER<\/td>\n<\/tr>\n<tr id=\"tr_703\">\n<th width=\"35%\">Wireless Functions<\/th>\n<td width=\"65%\">Multiple SSIDs \uff08Up to 8 SSIDs\uff09<br \/>Enable\/Disable Wireless Radio<br \/>Automatic Channel Assignment<br \/>Transmit Power Control \uff08Adjust Transmit Power on dBm\uff09<br \/>QoS(WMM)<br \/>Rate Limit<br \/>Reboot Schedule<br \/>Wireless Schedule<br \/>Wireless Statistics based on SSID\/AP\/Client<\/td>\n<\/tr>\n<tr id=\"tr_704\">\n<th width=\"35%\">Wireless Security<\/th>\n<td width=\"65%\">Captive Portal Authentication<br \/>Access Control<br \/>Wireless Mac Address Filtering<br \/>Wireless Isolation Between Clients<br \/>SSID to VLAN Mapping<br \/>Rogue AP Detection<br \/>802.1X Support<br \/>64\/128\/152-bit WEP \/ WPA \/ WPA2-Enterprise,WPA-PSK \/ WPA2-PSK<\/td>\n<\/tr>\n<tr id=\"tr_2853\">\n<th width=\"35%\">Transmission Power<\/th>\n<td width=\"65%\">CE:<br \/>&lt;20dBm<br \/>FCC:<br \/>&lt;26dBm<\/td>\n<\/tr>\n<\/tbody>\n<\/table>\n<table border=\"1\">\n<thead>\n<tr id=\"tr_1626\">\n<th colspan=\"2\"><a>MANAGEMENT<\/a><\/th>\n<\/tr>\n<\/thead>\n<tbody>\n<tr id=\"tr_5647\">\n<th width=\"35%\">Auranet Controller Software<\/th>\n<td width=\"65%\">Yes<\/td>\n<\/tr>\n<tr id=\"tr_5648\">\n<th width=\"35%\">Cluster Mode<\/th>\n<td width=\"65%\">Yes<\/td>\n<\/tr>\n<tr id=\"tr_4031\">\n<th width=\"35%\">EAP Controller Software<\/th>\n<td width=\"65%\">\u00a0<\/td>\n<\/tr>\n<tr id=\"tr_4039\">\n<th width=\"35%\">Email Alerts<\/th>\n<td width=\"65%\">Yes<\/td>\n<\/tr>\n<tr id=\"tr_4032\">\n<th width=\"35%\">LED ON\/OFF Control<\/th>\n<td width=\"65%\">Yes<\/td>\n<\/tr>\n<tr id=\"tr_4033\">\n<th width=\"35%\">Management MAC Access Control<\/th>\n<td width=\"65%\">Yes<\/td>\n<\/tr>\n<tr id=\"tr_4037\">\n<th width=\"35%\">SNMP<\/th>\n<td width=\"65%\">v1,v2c<\/td>\n<\/tr>\n<tr id=\"tr_4038\">\n<th width=\"35%\">System Logging Local\/Remote Syslog<\/th>\n<td width=\"65%\">Local\/Remote Syslog<\/td>\n<\/tr>\n<tr id=\"tr_4035\">\n<th width=\"35%\">Telnet<\/th>\n<td width=\"65%\">Yes<\/td>\n<\/tr>\n<tr id=\"tr_4034\">\n<th width=\"35%\">Web-based Management<\/th>\n<td width=\"65%\">HTTP\/HTTPS<\/td>\n<\/tr>\n<tr id=\"tr_5708\">\n<th width=\"35%\">Management VLAN<\/th>\n<td width=\"65%\">Yes<\/td>\n<\/tr>\n<\/tbody>\n<\/table>\n<table border=\"1\">\n<thead>\n<tr id=\"tr_606\">\n<th colspan=\"2\"><a>OTHERS<\/a><\/th>\n<\/tr>\n<\/thead>\n<tbody>\n<tr id=\"tr_714\">\n<th width=\"35%\">Certification<\/th>\n<td width=\"65%\">CE, FCC, RoHS<\/td>\n<\/tr>\n<tr id=\"tr_715\">\n<th width=\"35%\">Package Contents<\/th>\n<td width=\"65%\">300Mbps Wireless N Ceiling Mount Access Point EAP115<br \/>Power Adapter<br \/>Mounting Kits,<br \/>Installation Guide<\/td>\n<\/tr>\n<tr id=\"tr_716\">\n<th width=\"35%\">System Requirements<\/th>\n<td width=\"65%\">Microsoft Windows 10\/8\/7\/Vista\/XP<\/td>\n<\/tr>\n<tr id=\"tr_717\">\n<th width=\"35%\">Environment<\/th>\n<td width=\"65%\">Operating Temperature: 0\u2103~40\u2103 (32\u2109~104\u2109)<br \/>Storage Temperature: -40\u2103~70\u2103 (-40\u2109~158\u2109)<br \/>Operating Humidity: 10%~90% non-condensing<br \/>Storage Humidity: 5%~90% non-condensing<\/td>\n<\/tr>\n<\/tbody>\n<\/table><\/div>\n<p>                            <!--                            <\/p>\n<div class=\"xemthem_id_r\">--><br \/>\n                            <!--                                <a><!--\/show\/?token=--><br \/>\n                            <!--\"--><br \/>\n                            <!--                                   class=\"preview fancybox fancybox.ajax\" rel=\"nofollow\"&gt;Xem th&#234;m th&#244;ng s&#7889; k&#7929; thu&#7853;t<\/a>--><br \/>\n                            <!--                            <\/div>\n<p>-->\n                        <\/p><\/div>\n<\/p><\/div>","protected":false},"excerpt":{"rendered":"<ul>\n<ul>\n<li style=\"margin: 0px 0px 0.5em;padding: 0px;background: 0px 0px\"><span style=\"font-style: inherit;font-weight: bold\">T\u00edch h\u1ee3p v\u00e0o Omada SDN<\/span>: Qu\u1ea3n l\u00fd cloud t\u1eadp trung v\u00e0 Gi\u00e1m s\u00e1t th\u00f4ng minh.<\/li>\n<li style=\"margin: 0px 0px 0.5em;padding: 0px;background: 0px 0px\"><span style=\"font-style: inherit;font-weight: bold\">Qu\u1ea3n l\u00fd t\u1eadp trung<\/span>: Truy c\u1eadp cloud v\u00e0 \u1ee9ng d\u1ee5ng Omada \u0111\u1ec3 qu\u1ea3n l\u00fd c\u1ef1c k\u1ef3 ti\u1ec7n l\u1ee3i v\u00e0 d\u1ec5 d\u00e0ng.*<\/li>\n<li style=\"margin: 0px 0px 0.5em;padding: 0px;background: 0px 0px\"><span style=\"font-style: inherit;font-weight: bold\">H\u1ed7 tr\u1ee3 PoE<\/span>:\u00a0H\u1ed7 tr\u1ee3 c\u1ea5p ngu\u1ed3n qua Ethernet (802.3af \/ at) \u0111\u1ec3 tri\u1ec3n khai thu\u1eadn ti\u1ec7n.<\/li>\n<li style=\"margin: 0px 0px 0.5em;padding: 0px;background: 0px 0px\"><span style=\"font-style: inherit;font-weight: bold\">D\u1ec5 d\u00e0ng l\u1eafp \u0111\u1eb7t:<\/span>\u00a0Thi\u1ebft k\u1ebf l\u1eafp \u0111\u1eb7t \u0111\u01a1n gi\u1ea3n \u0111\u1ec3 d\u1ec5 d\u00e0ng g\u1eafn v\u00e0o t\u01b0\u1eddng ho\u1eb7c tr\u1ea7n nh\u00e0.<\/li>\n<li style=\"margin: 0px 0px 0.5em;padding: 0px;background: 0px 0px\"><span style=\"font-weight: bold\">B\u1ea3o m\u1eadt m\u1ea1ng kh\u00e1ch<\/span>: C\u00f9ng v\u1edbi nhi\u1ec1u t\u00f9y ch\u1ecdn x\u00e1c th\u1ef1c (SMS \/ Facebook Wi-Fi \/ Voucher, v.v.) v\u00e0 c\u00e1c c\u00f4ng ngh\u1ec7 b\u1ea3o m\u1eadt kh\u00f4ng d\u00e2y phong ph\u00fa.*<\/li>\n<li style=\"margin: 0px 0px 0.5em;padding: 0px;background: 0px 0px\"><span style=\"font-style: inherit;font-weight: bold\">C\u00e2n B\u1eb1ng T\u1ea3i<\/span>: Gi\u1edbi h\u1ea1n s\u1ed1 l\u01b0\u1ee3ng ng\u01b0\u1eddi d\u00f9ng tr\u00ean m\u1ed7i \u0111i\u1ec3m truy c\u1eadp v\u00e0 lo\u1ea1i b\u1ecf c\u00e1c thi\u1ebft b\u1ecb b\u1eaft s\u00f3ng y\u1ebfu \u0111\u1ec3 gi\u1eef cho Wi-Fi c\u1ee7a b\u1ea1n lu\u00f4n ho\u1ea1t \u0111\u1ed9ng \u1edf hi\u1ec7u su\u1ea5t cao nh\u1ea5t.<\/li>\n<li><span style=\"font-style: inherit;font-weight: bold\">L\u1eadp l\u1ecbch<\/span>: T\u1ef1 \u0111\u1ed9ng kh\u1edfi \u0111\u1ed9ng l\u1ea1i \u0111i\u1ec3m truy c\u1eadp v\u00e0 b\u1eadt ho\u1eb7c t\u1eaft Wi-Fi t\u1ea1i th\u1eddi \u0111i\u1ec3m b\u1ea1n \u0111\u00e3 \u0111\u1eb7t.<\/li>\n<\/ul>\n<\/ul>","protected":false},"featured_media":12500,"comment_status":"closed","ping_status":"closed","template":"","meta":[],"pwb-brand":[],"product_cat":[2896],"product_tag":[2853,25,55,2852],"class_list":{"0":"post-12499","1":"product","2":"type-product","3":"status-publish","4":"has-post-thumbnail","6":"product_cat-tp-link","7":"product_tag-access-point","8":"product_tag-man","9":"product_tag-run","10":"product_tag-wireless","12":"first","13":"instock","14":"shipping-taxable","15":"product-type-simple"},"brands":[],"_links":{"self":[{"href":"https:\/\/serverhot.vn\/pt\/wp-json\/wp\/v2\/product\/12499","targetHints":{"allow":["GET"]}}],"collection":[{"href":"https:\/\/serverhot.vn\/pt\/wp-json\/wp\/v2\/product"}],"about":[{"href":"https:\/\/serverhot.vn\/pt\/wp-json\/wp\/v2\/types\/product"}],"replies":[{"embeddable":true,"href":"https:\/\/serverhot.vn\/pt\/wp-json\/wp\/v2\/comments?post=12499"}],"wp:featuredmedia":[{"embeddable":true,"href":"https:\/\/serverhot.vn\/pt\/wp-json\/wp\/v2\/media\/12500"}],"wp:attachment":[{"href":"https:\/\/serverhot.vn\/pt\/wp-json\/wp\/v2\/media?parent=12499"}],"wp:term":[{"taxonomy":"pwb-brand","embeddable":true,"href":"https:\/\/serverhot.vn\/pt\/wp-json\/wp\/v2\/pwb-brand?post=12499"},{"taxonomy":"product_cat","embeddable":true,"href":"https:\/\/serverhot.vn\/pt\/wp-json\/wp\/v2\/product_cat?post=12499"},{"taxonomy":"product_tag","embeddable":true,"href":"https:\/\/serverhot.vn\/pt\/wp-json\/wp\/v2\/product_tag?post=12499"}],"curies":[{"name":"wp","href":"https:\/\/api.w.org\/{rel}","templated":true}]}}