{"id":12881,"date":"2024-06-29T18:44:41","date_gmt":"2024-06-29T11:44:41","guid":{"rendered":"https:\/\/serverhot.vn\/product\/uncategorized\/microsoft-defender-for-identity-ma-san-pham-ms-def-identity\/"},"modified":"2024-06-29T18:44:46","modified_gmt":"2024-06-29T11:44:46","slug":"microsoft-defender-for-identity-ma-san-pham-ms-def-identity","status":"publish","type":"product","link":"https:\/\/serverhot.vn\/pt\/-product-\/microsoft-defender-for-identity-ma-san-pham-ms-def-identity\/","title":{"rendered":"Microsoft Defender for Identity M\u00e3 s\u1ea3n ph\u1ea9m: MS-DEF-IDENTITY"},"content":{"rendered":"<div class=\"showText tabs\" id=\"tab2\">\n                                    <\/div>","protected":false},"excerpt":{"rendered":"<ul>\n<p>Microsoft Defender for Identity l\u00e0 m\u1ed9t gi\u1ea3i ph\u00e1p b\u1ea3o m\u1eadt d\u1ef1a tr\u00ean \u0111\u00e1m m\u00e2y, \u0111\u01b0\u1ee3c thi\u1ebft k\u1ebf \u0111\u1ec3 gi\u00e1m s\u00e1t v\u00e0 b\u1ea3o v\u1ec7 danh t\u00ednh trong t\u1ed5 ch\u1ee9c c\u1ee7a b\u1ea1n.\u00a0\u00a0\u00a0 <br \/>&#8211; B\u1ea3o v\u1ec7 danh t\u00ednh<br \/>&#8211; T\u00edch h\u1ee3p v\u1edbi Microsoft Defender XDR<br \/>&#8211; Gi\u1ea3m di\u1ec7n t\u00edch t\u1ea5n c\u00f4ng<\/p>\n<\/ul>","protected":false},"featured_media":12882,"comment_status":"closed","ping_status":"closed","template":"","meta":[],"pwb-brand":[],"product_cat":[2917],"product_tag":[],"class_list":{"0":"post-12881","1":"product","2":"type-product","3":"status-publish","4":"has-post-thumbnail","6":"product_cat-microsoft","8":"first","9":"instock","10":"shipping-taxable","11":"product-type-simple"},"brands":[],"_links":{"self":[{"href":"https:\/\/serverhot.vn\/pt\/wp-json\/wp\/v2\/product\/12881","targetHints":{"allow":["GET"]}}],"collection":[{"href":"https:\/\/serverhot.vn\/pt\/wp-json\/wp\/v2\/product"}],"about":[{"href":"https:\/\/serverhot.vn\/pt\/wp-json\/wp\/v2\/types\/product"}],"replies":[{"embeddable":true,"href":"https:\/\/serverhot.vn\/pt\/wp-json\/wp\/v2\/comments?post=12881"}],"wp:featuredmedia":[{"embeddable":true,"href":"https:\/\/serverhot.vn\/pt\/wp-json\/wp\/v2\/media\/12882"}],"wp:attachment":[{"href":"https:\/\/serverhot.vn\/pt\/wp-json\/wp\/v2\/media?parent=12881"}],"wp:term":[{"taxonomy":"pwb-brand","embeddable":true,"href":"https:\/\/serverhot.vn\/pt\/wp-json\/wp\/v2\/pwb-brand?post=12881"},{"taxonomy":"product_cat","embeddable":true,"href":"https:\/\/serverhot.vn\/pt\/wp-json\/wp\/v2\/product_cat?post=12881"},{"taxonomy":"product_tag","embeddable":true,"href":"https:\/\/serverhot.vn\/pt\/wp-json\/wp\/v2\/product_tag?post=12881"}],"curies":[{"name":"wp","href":"https:\/\/api.w.org\/{rel}","templated":true}]}}