{"id":13077,"date":"2024-06-29T19:09:03","date_gmt":"2024-06-29T12:09:03","guid":{"rendered":"https:\/\/serverhot.vn\/product\/uncategorized\/smart-tivi-panasonic-4k-32inch-th-32gs655v-ma-san-pham-th-32gs655v\/"},"modified":"2024-06-29T19:09:05","modified_gmt":"2024-06-29T12:09:05","slug":"smart-tivi-panasonic-4k-32inch-th-32gs655v-ma-san-pham-th-32gs655v","status":"publish","type":"product","link":"https:\/\/serverhot.vn\/pt\/-product-\/smart-tivi-panasonic-4k-32inch-th-32gs655v-ma-san-pham-th-32gs655v\/","title":{"rendered":"Smart Tivi Panasonic 4K 32inch TH-32GS655V M\u00e3 s\u1ea3n ph\u1ea9m: TH-32GS655V"},"content":{"rendered":"<div class=\"showText tabs\" id=\"tab2\">\n<div class=\"box_right_pro_view\">\n<div class=\"thongso_pro a_technical\" style=\"max-height: fit-content\">\n<table border=\"1\">\n<tbody>\n<tr>\n<th colspan=\"1\" rowspan=\"23\" scope=\"rowgroup\">Ch\u1ea5t l\u01b0\u1ee3ng h\u00ecnh \u1ea3nh<\/th>\n<th colspan=\"1\" rowspan=\"19\" scope=\"rowgroup\">Hi\u1ec3n th\u1ecb<\/th>\n<th colspan=\"1\" rowspan=\"1\" scope=\"row\">M\u00e0n h\u00ecnh<\/th>\n<td>HD LED LCD<\/td>\n<\/tr>\n<tr>\n<th colspan=\"1\" rowspan=\"1\" scope=\"row\">M\u00e0n h\u00ecnh si\u00eau s\u00e1ng<\/th>\n<td>\u2014<\/td>\n<\/tr>\n<tr>\n<th colspan=\"1\" rowspan=\"1\" scope=\"row\">G\u00f3c nh\u00ecn r\u1ed9ng<\/th>\n<td>\u2014<\/td>\n<\/tr>\n<tr>\n<th colspan=\"1\" rowspan=\"1\" scope=\"row\">\u0110\u1ed9 ph\u00e2n gi\u1ea3i m\u00e0n h\u00ecnh<\/th>\n<td>1.366 (R) x 768 (C)<\/td>\n<\/tr>\n<tr>\n<th colspan=\"1\" rowspan=\"1\" scope=\"row\">C\u00f4ng ngh\u1ec7 m\u00e0n h\u00ecnh<\/th>\n<td>C\u00f4ng ngh\u1ec7 DLED &#8211; Vivid Digital Pro<\/td>\n<\/tr>\n<tr>\n<th colspan=\"1\" rowspan=\"1\" scope=\"row\">Ch\u1ebf \u0111\u1ed9 h\u00ecnh \u1ea3nh<\/th>\n<td>Ng\u01b0\u1eddi d\u00f9ng \/ Ti\u00eau chu\u1ea9n \/ S\u1ed1ng \u0111\u1ed9ng \/ Th\u1ec3 thao \/ Phim \u1ea3nh \/ Tr\u00f2 ch\u01a1i \/ Ti\u1ebft ki\u1ec7m n\u0103ng l\u01b0\u1ee3ng<\/td>\n<\/tr>\n<tr>\n<th colspan=\"1\" rowspan=\"1\" scope=\"row\">B\u1ed9 x\u1eed l\u00fd chuy\u00ean nghi\u1ec7p<\/th>\n<td>\u2014<\/td>\n<\/tr>\n<tr>\n<th colspan=\"1\" rowspan=\"1\" scope=\"row\">Hexa Chroma Drive<\/th>\n<td>\u2014<\/td>\n<\/tr>\n<tr>\n<th colspan=\"1\" rowspan=\"1\" scope=\"row\">N\u00e2ng c\u1ea5p l\u00ean 4K<\/th>\n<td>\u2014<\/td>\n<\/tr>\n<tr>\n<th colspan=\"1\" rowspan=\"1\" scope=\"row\">Ultra HD Premium*\u00b9<\/th>\n<td>\u2014<\/td>\n<\/tr>\n<tr>\n<th colspan=\"1\" rowspan=\"1\" scope=\"row\">H\u1ed7 tr\u1ee3 nhi\u1ec1u \u0111\u1ecbnh d\u1ea1ng HDR*\u00b2<\/th>\n<td>\u2014<\/td>\n<\/tr>\n<tr>\n<th colspan=\"1\" rowspan=\"1\" scope=\"row\">Dolby Vision IQ<\/th>\n<td>\u2014<\/td>\n<\/tr>\n<tr>\n<th colspan=\"1\" rowspan=\"1\" scope=\"row\">Ch\u1ebf \u0111\u1ed9 l\u00e0m phim<\/th>\n<td>\u2014<\/td>\n<\/tr>\n<tr>\n<th colspan=\"1\" rowspan=\"1\" scope=\"row\">Ch\u1ee9c n\u0103ng t\u0103ng c\u01b0\u1eddng \u0111\u1ed9 s\u00e1ng HDR<\/th>\n<td>\u2014<\/td>\n<\/tr>\n<tr>\n<th colspan=\"1\" rowspan=\"1\" scope=\"row\">Hi\u1ec7u \u1ee9ng HDR \u0111\u1ed9ng<\/th>\n<td>\u2014<\/td>\n<\/tr>\n<tr>\n<th colspan=\"1\" rowspan=\"1\" scope=\"row\">C\u00f4ng ngh\u1ec7 l\u00e0m m\u1edd c\u1ee5c b\u1ed9<\/th>\n<td>\u2014<\/td>\n<\/tr>\n<tr>\n<th colspan=\"1\" rowspan=\"1\" scope=\"row\">T\u1ef1 \u0111\u1ed9ng \u0111i\u1ec1u ch\u1ec9nh l\u00e0m m\u1edd \u0111\u00e8n n\u1ec1n c\u1ee5c b\u1ed9<\/th>\n<td>C\u00f3<\/td>\n<\/tr>\n<tr>\n<th colspan=\"1\" rowspan=\"1\" scope=\"row\">4K Pure Direct<\/th>\n<td>\u2014<\/td>\n<\/tr>\n<tr>\n<th colspan=\"1\" rowspan=\"1\" scope=\"row\">Ch\u1ebf \u0111\u1ed9 isf<\/th>\n<td>\u2014<\/td>\n<\/tr>\n<tr>\n<th colspan=\"1\" rowspan=\"4\" scope=\"rowgroup\">Ch\u1ea5t l\u01b0\u1ee3ng \u00e2m thanh<\/th>\n<th colspan=\"1\" rowspan=\"1\" scope=\"row\">C\u00f4ng ngh\u1ec7 Dolby Atmos<\/th>\n<td>\u2014<\/td>\n<\/tr>\n<tr>\n<th colspan=\"1\" rowspan=\"1\" scope=\"row\">Loa v\u00f2m<\/th>\n<td>Dolby Audio (DD+)<\/td>\n<\/tr>\n<tr>\n<th colspan=\"1\" rowspan=\"1\" scope=\"row\">C\u00f4ng su\u1ea5t loa<\/th>\n<td>16 W (8 W x 2)<\/td>\n<\/tr>\n<tr>\n<th colspan=\"1\" rowspan=\"1\" scope=\"row\">Ch\u1ebf \u0111\u1ed9 \u00e2m thanh<\/th>\n<td>Ng\u01b0\u1eddi d\u00f9ng \/ Ti\u00eau chu\u1ea9n \/ S\u1ed1ng \u0111\u1ed9ng \/ Th\u1ec3 thao \/ Phim \u1ea3nh \/ Nh\u1ea1c \/ Tin t\u1ee9c<\/td>\n<\/tr>\n<tr>\n<th colspan=\"2\" rowspan=\"27\" scope=\"rowgroup\">T\u00ednh n\u0103ng th\u00f4ng minh<\/th>\n<th colspan=\"1\" rowspan=\"1\" scope=\"row\">Smart TV<\/th>\n<td>Android TV<\/td>\n<\/tr>\n<tr>\n<th colspan=\"1\" rowspan=\"1\" scope=\"row\">H\u01b0\u1edbng d\u1eabn b\u1eb1ng gi\u1ecdng n\u00f3i<\/th>\n<td>\u2014<\/td>\n<\/tr>\n<tr>\n<th colspan=\"1\" rowspan=\"1\" scope=\"row\">Tr\u1ee3 l\u00fd \u1ea3o h\u1ed7 tr\u1ee3 t\u00ecm ki\u1ebfm b\u1eb1ng gi\u1ecdng n\u00f3i<\/th>\n<td>\u2014<\/td>\n<\/tr>\n<tr>\n<th colspan=\"1\" rowspan=\"1\" scope=\"row\">T\u01b0\u01a1ng th\u00edch v\u1edbi Google Assistant*\u00b3<\/th>\n<td>\u2014<\/td>\n<\/tr>\n<tr>\n<th colspan=\"1\" rowspan=\"1\" scope=\"row\">T\u01b0\u01a1ng th\u00edch v\u1edbi Alexa*\u2074<\/th>\n<td>\u2014<\/td>\n<\/tr>\n<tr>\n<th colspan=\"1\" rowspan=\"1\" scope=\"row\">EPG<\/th>\n<td>C\u00f3<\/td>\n<\/tr>\n<tr>\n<th colspan=\"1\" rowspan=\"1\" scope=\"row\">Ng\u00f4n ng\u1eef hi\u1ec3n th\u1ecb tr\u00ean m\u00e0n h\u00ecnh<\/th>\n<td>41 ng\u00f4n ng\u1eef*<\/td>\n<\/tr>\n<tr>\n<th colspan=\"1\" rowspan=\"1\" scope=\"row\">T\u00edch h\u1ee3p m\u1ea1ng LAN\/kh\u00f4ng d\u00e2y<\/th>\n<td>C\u00f3<\/td>\n<\/tr>\n<tr>\n<th colspan=\"1\" rowspan=\"1\" scope=\"row\">TV Anytime*\u2075<\/th>\n<td>\u2014<\/td>\n<\/tr>\n<tr>\n<th colspan=\"1\" rowspan=\"1\" scope=\"row\">Ghi USB-HDD*\u2076<\/th>\n<td>\u2014<\/td>\n<\/tr>\n<tr>\n<th colspan=\"1\" rowspan=\"1\" scope=\"row\">C\u00e1c \u1ee9ng d\u1ee5ng t\u1eeb xa c\u1ee7a TV Panasonic<\/th>\n<td>\u2014<\/td>\n<\/tr>\n<tr>\n<th colspan=\"1\" rowspan=\"1\" scope=\"row\">L\u01b0\u1edbt v\u00e0 chia s\u1ebb<\/th>\n<td>\u2014<\/td>\n<\/tr>\n<tr>\n<th colspan=\"1\" rowspan=\"1\" scope=\"row\">C\u00e1c \u1ee9ng d\u1ee5ng Internet<\/th>\n<td>C\u00f3<\/td>\n<\/tr>\n<tr>\n<th colspan=\"1\" rowspan=\"1\" scope=\"row\">Tr\u00ecnh duy\u1ec7t Web*\u2077<\/th>\n<td>Y (T\u1ea3i xu\u1ed1ng t\u1eeb C\u1eeda h\u00e0ng Google Play)<\/td>\n<\/tr>\n<tr>\n<th colspan=\"1\" rowspan=\"1\" scope=\"row\">Hbb TV<\/th>\n<td>\u2014<\/td>\n<\/tr>\n<tr>\n<th colspan=\"1\" rowspan=\"1\" scope=\"row\">Hi\u1ec3n th\u1ecb song song<\/th>\n<td>Y (Chromecast built-in)<\/td>\n<\/tr>\n<tr>\n<th colspan=\"1\" rowspan=\"1\" scope=\"row\">M\u1ea1ng gia \u0111\u00ecnh*\u2078<\/th>\n<td>\u2014<\/td>\n<\/tr>\n<tr>\n<th colspan=\"1\" rowspan=\"1\" scope=\"row\">Bluetooth*\u2079<\/th>\n<td>Y (BT5.0)<br \/>Loa\/Tay c\u1ea7m ch\u01a1i game\/Tai nghe<\/td>\n<\/tr>\n<tr>\n<th colspan=\"1\" rowspan=\"1\" scope=\"row\">Bluetooth Audio Link*\u00b9\u2070<\/th>\n<td>C\u00f3<\/td>\n<\/tr>\n<tr>\n<th colspan=\"1\" rowspan=\"1\" scope=\"row\">Ph\u00e1t \u0111a ph\u01b0\u01a1ng ti\u1ec7n<\/th>\n<td>C\u00f3<\/td>\n<\/tr>\n<tr>\n<th colspan=\"1\" rowspan=\"1\" scope=\"row\">\u0110\u1ecbnh d\u1ea1ng \u0111\u01b0\u1ee3c h\u1ed7 tr\u1ee3<\/th>\n<td>MPEG1\/MPEG2\/MPEG4\/H.264\/VC1\/HEVC\/JPEG\/BMP\/PNG\/MP3\/WMA<\/td>\n<\/tr>\n<tr>\n<th colspan=\"1\" rowspan=\"1\" scope=\"row\">Nh\u1eadn ph\u1ee5 \u0111\u1ec1<\/th>\n<td>\u2014<\/td>\n<\/tr>\n<tr>\n<th colspan=\"1\" rowspan=\"1\" scope=\"row\">Nhi\u1ec1u c\u1eeda s\u1ed5<\/th>\n<td>\u2014<\/td>\n<\/tr>\n<tr>\n<th colspan=\"1\" rowspan=\"1\" scope=\"row\">Ch\u1ebf \u0111\u1ed9 kh\u00e1ch s\u1ea1n<\/th>\n<td>\u2014<\/td>\n<\/tr>\n<tr>\n<th colspan=\"1\" rowspan=\"1\" scope=\"row\">TV \u0111\u01b0\u1ee3c Netflix khuy\u00ean d\u00f9ng<\/th>\n<td>\u2014<\/td>\n<\/tr>\n<tr>\n<th colspan=\"1\" rowspan=\"1\" scope=\"row\">HDAVI Control<\/th>\n<td>\u2014<\/td>\n<\/tr>\n<tr>\n<th colspan=\"1\" rowspan=\"1\" scope=\"row\">DDR \/ B\u1ed9 nh\u1edb flash<\/th>\n<td>1,25 GB\/ 8,0 GB<\/td>\n<\/tr>\n<tr>\n<th colspan=\"2\" rowspan=\"5\" scope=\"rowgroup\">D\u1eef li\u1ec7u n\u0103ng l\u01b0\u1ee3ng<\/th>\n<th colspan=\"1\" rowspan=\"1\" scope=\"row\">K\u00edch th\u01b0\u1edbc m\u00e0n h\u00ecnh (\u0111\u01b0\u1eddng ch\u00e9o)<\/th>\n<td>81cm<\/td>\n<\/tr>\n<tr>\n<th colspan=\"1\" rowspan=\"1\" scope=\"row\">C\u00f4ng su\u1ea5t ti\u00eau th\u1ee5 danh \u0111\u1ecbnh<\/th>\n<td>60W<\/td>\n<\/tr>\n<tr>\n<th colspan=\"1\" rowspan=\"1\" scope=\"row\">C\u00f4ng su\u1ea5t ti\u00eau th\u1ee5 \u1edf ch\u1ebf \u0111\u1ed9 ch\u1edd<\/th>\n<td>&lt;0,5 W<\/td>\n<\/tr>\n<tr>\n<th colspan=\"1\" rowspan=\"1\" scope=\"row\">Ngu\u1ed3n \u0111i\u1ec7n<\/th>\n<td>AC 110 &#8211; 240 V, 50\/60 Hz<\/td>\n<\/tr>\n<tr>\n<th colspan=\"1\" rowspan=\"1\" scope=\"row\">C\u1ea3m bi\u1ebfn xung quanh (CATS)<\/th>\n<td>\u2014<\/td>\n<\/tr>\n<tr>\n<th colspan=\"2\" rowspan=\"4\" scope=\"rowgroup\">Thi\u1ebft k\u1ebf<\/th>\n<th colspan=\"1\" rowspan=\"1\" scope=\"row\">Thi\u1ebft k\u1ebf xoay<\/th>\n<td>\u2014<\/td>\n<\/tr>\n<tr>\n<th colspan=\"1\" rowspan=\"1\" scope=\"row\">Thi\u1ebft k\u1ebf linh ho\u1ea1t<\/th>\n<td>\u2014<\/td>\n<\/tr>\n<tr>\n<th colspan=\"1\" rowspan=\"1\" scope=\"row\">Thi\u1ebft k\u1ebf si\u00eau m\u1ecfng<\/th>\n<td>\u2014<\/td>\n<\/tr>\n<tr>\n<th colspan=\"1\" rowspan=\"1\" scope=\"row\">Thi\u1ebft k\u1ebf tr\u00e0n vi\u1ec1n<\/th>\n<td>C\u00f3<\/td>\n<\/tr>\n<tr>\n<th colspan=\"2\" rowspan=\"12\" scope=\"rowgroup\">C\u1ed5ng k\u1ebft n\u1ed1i<\/th>\n<th colspan=\"1\" rowspan=\"1\" scope=\"row\">Thu \u0111\u00e0i ph\u00e1t k\u1ef9 thu\u1eadt s\u1ed1<\/th>\n<td>DVB-T2 (MPEG1\/2\/4, H.264\/H.265\/HEVC)\/DVB-T\/DVB-C<\/td>\n<\/tr>\n<tr>\n<th colspan=\"1\" rowspan=\"1\" scope=\"row\">B\u1ed9 d\u00f2 \u0111\u00e0i Analog<\/th>\n<td>PAL B\/G\/H, I, D\/K: SECAM B\/G, D\/K<\/td>\n<\/tr>\n<tr>\n<th colspan=\"1\" rowspan=\"1\" scope=\"row\">HDMI*\u00b9\u00b9<\/th>\n<td>2 (c\u1ea1nh b\u00ean)<\/td>\n<\/tr>\n<tr>\n<th colspan=\"1\" rowspan=\"1\" scope=\"row\">HDMI (4K 60\/50p v\u1edbi HDCP2.2)<\/th>\n<td>\u2014<\/td>\n<\/tr>\n<tr>\n<th colspan=\"1\" rowspan=\"1\" scope=\"row\">T\u00ednh n\u0103ng h\u1ed7 tr\u1ee3<\/th>\n<td>HDMI 1.4 : 2<\/td>\n<\/tr>\n<tr>\n<th colspan=\"1\" rowspan=\"1\" scope=\"row\">USB<\/th>\n<td>2 (2 c\u1ea1nh b\u00ean; USB 2.0 x 2)<\/td>\n<\/tr>\n<tr>\n<th colspan=\"1\" rowspan=\"1\" scope=\"row\">Ethernet<\/th>\n<td>1<\/td>\n<\/tr>\n<tr>\n<th colspan=\"1\" rowspan=\"1\" scope=\"row\">C\u1ed5ng AV<\/th>\n<td>1 (m\u1eb7t b\u00ean)<\/td>\n<\/tr>\n<tr>\n<th colspan=\"1\" rowspan=\"1\" scope=\"row\">C\u1ed5ng component<\/th>\n<td>\u2014<\/td>\n<\/tr>\n<tr>\n<th colspan=\"1\" rowspan=\"1\" scope=\"row\">C\u1ed5ng ra \u00e2m thanh k\u1ef9 thu\u1eadt s\u1ed1 (Quang)<\/th>\n<td>1 (m\u1eb7t b\u00ean)<\/td>\n<\/tr>\n<tr>\n<th colspan=\"1\" rowspan=\"1\" scope=\"row\">C\u1ed5ng ra \u00e2m thanh analog<\/th>\n<td>\u2014<\/td>\n<\/tr>\n<tr>\n<th colspan=\"1\" rowspan=\"1\" scope=\"row\">C\u1ed5ng ra tai nghe<\/th>\n<td>\u2014<\/td>\n<\/tr>\n<tr>\n<th colspan=\"2\" rowspan=\"6\" scope=\"rowgroup\">T\u1ed5ng qu\u00e1t<\/th>\n<th colspan=\"1\" rowspan=\"1\" scope=\"row\">Ph\u1ee5 ki\u1ec7n \u0111i k\u00e8m*\u00b9\u00b2<\/th>\n<td>\u0110i\u1ec1u khi\u1ec3n TV Bluetooth<\/td>\n<\/tr>\n<tr>\n<th colspan=\"1\" rowspan=\"1\" scope=\"row\">K\u00edch th\u01b0\u1edbc (R x C x S) (kh\u00f4ng bao g\u1ed3m ch\u00e2n \u0111\u1ebf)<\/th>\n<td>732 x 439 x 83mm<\/td>\n<\/tr>\n<tr>\n<th colspan=\"1\" rowspan=\"1\" scope=\"row\">K\u00edch th\u01b0\u1edbc (R x C x S) (bao g\u1ed3m ch\u00e2n \u0111\u1ebf)*13<\/th>\n<td>732 x 479 x 178mm<\/td>\n<\/tr>\n<tr>\n<th colspan=\"1\" rowspan=\"1\" scope=\"row\">Tr\u1ecdng l\u01b0\u1ee3ng (kh\u00f4ng bao g\u1ed3m ch\u00e2n \u0111\u1ebf)<\/th>\n<td>3,5 kg<\/td>\n<\/tr>\n<tr>\n<th colspan=\"1\" rowspan=\"1\" scope=\"row\">Tr\u1ecdng l\u01b0\u1ee3ng (bao g\u1ed3m ch\u00e2n \u0111\u1ebf)<\/th>\n<td>3,6 kg<\/td>\n<\/tr>\n<tr>\n<th colspan=\"1\" rowspan=\"1\" scope=\"row\">T\u01b0\u01a1ng th\u00edch VESA<\/th>\n<td>C\u00f3<\/td>\n<\/tr>\n<\/tbody>\n<\/table><\/div>\n<p>                            <!--                            <\/p>\n<div class=\"xemthem_id_r\">--><br \/>\n                            <!--                                <a><!--\/show\/?token=--><br \/>\n                            <!--\"--><br \/>\n                            <!--                                   class=\"preview fancybox fancybox.ajax\" rel=\"nofollow\"&gt;Xem th&#234;m th&#244;ng s&#7889; k&#7929; thu&#7853;t<\/a>--><br \/>\n                            <!--                            <\/div>\n<p>-->\n                        <\/p><\/div>\n<\/p><\/div>","protected":false},"excerpt":{"rendered":"<ul>\n<ul>\n<li><span style=\"color: #000000;font-family: Roboto, Helvetica, Arial, sans-serif;font-size: 16px;text-align: justify;background-color: #ffffff\">Lo\u1ea1i tivi : Android Tivi<\/span><\/li>\n<li><span style=\"color: #000000;font-family: Roboto, Helvetica, Arial, sans-serif;font-size: 16px;text-align: justify;background-color: #ffffff\">K\u00edch c\u1ee1 m\u00e0n h\u00ecnh : 32 inch<\/span><\/li>\n<li><span style=\"color: #000000;font-family: Roboto, Helvetica, Arial, sans-serif;font-size: 16px;text-align: justify;background-color: #ffffff\">\u0110\u1ed9 ph\u00e2n gi\u1ea3i : HD<\/span><\/li>\n<li><span style=\"color: #000000;font-family: Roboto, Helvetica, Arial, sans-serif;font-size: 16px;text-align: justify;background-color: #ffffff\">K\u1ebft n\u1ed1i internet C\u1ed5ng LAN, Wifi<\/span><\/li>\n<li><span style=\"color: #000000;font-size: 16px\">Lo\u1ea1i tivi :\u00a0<a style=\"color: #000000;background-color: transparent\">Android Tivi<\/a><\/span><\/li>\n<li><span style=\"color: #000000;font-size: 16px\">K\u00edch c\u1ee1 m\u00e0n h\u00ecnh:\u00a0<a style=\"color: #000000;background-color: transparent\">32 inch<\/a><\/span><\/li>\n<li><span style=\"color: #000000;font-size: 16px\">\u0110\u1ed9 ph\u00e2n gi\u1ea3i :\u00a0<a style=\"color: #000000;background-color: transparent\">HD<\/a><\/span><\/li>\n<li><span style=\"color: #000000;font-size: 16px\">K\u1ebft n\u1ed1i internet :\u00a0<a style=\"color: #000000;background-color: transparent\">C\u1ed5ng LAN, Wifi<\/a><\/span><\/li>\n<li><span style=\"color: #000000;font-size: 16px\">C\u00f4ng ngh\u1ec7 x\u1eed l\u00fd h\u00ecnh \u1ea3nh :\u00a0<a style=\"color: #000000;background-color: transparent\">Adaptive Backlight Dimming, HDR<\/a><\/span><\/li>\n<\/ul>\n<\/ul>","protected":false},"featured_media":13078,"comment_status":"closed","ping_status":"closed","template":"","meta":[],"pwb-brand":[],"product_cat":[2909],"product_tag":[2839,2841],"class_list":{"0":"post-13077","1":"product","2":"type-product","3":"status-publish","4":"has-post-thumbnail","6":"product_cat-man-hinh-may-tinh","7":"product_tag-choi-game","8":"product_tag-hdd","10":"first","11":"instock","12":"shipping-taxable","13":"product-type-simple"},"brands":[],"_links":{"self":[{"href":"https:\/\/serverhot.vn\/pt\/wp-json\/wp\/v2\/product\/13077","targetHints":{"allow":["GET"]}}],"collection":[{"href":"https:\/\/serverhot.vn\/pt\/wp-json\/wp\/v2\/product"}],"about":[{"href":"https:\/\/serverhot.vn\/pt\/wp-json\/wp\/v2\/types\/product"}],"replies":[{"embeddable":true,"href":"https:\/\/serverhot.vn\/pt\/wp-json\/wp\/v2\/comments?post=13077"}],"wp:featuredmedia":[{"embeddable":true,"href":"https:\/\/serverhot.vn\/pt\/wp-json\/wp\/v2\/media\/13078"}],"wp:attachment":[{"href":"https:\/\/serverhot.vn\/pt\/wp-json\/wp\/v2\/media?parent=13077"}],"wp:term":[{"taxonomy":"pwb-brand","embeddable":true,"href":"https:\/\/serverhot.vn\/pt\/wp-json\/wp\/v2\/pwb-brand?post=13077"},{"taxonomy":"product_cat","embeddable":true,"href":"https:\/\/serverhot.vn\/pt\/wp-json\/wp\/v2\/product_cat?post=13077"},{"taxonomy":"product_tag","embeddable":true,"href":"https:\/\/serverhot.vn\/pt\/wp-json\/wp\/v2\/product_tag?post=13077"}],"curies":[{"name":"wp","href":"https:\/\/api.w.org\/{rel}","templated":true}]}}