{"id":13880,"date":"2024-10-10T03:30:12","date_gmt":"2024-10-09T20:30:12","guid":{"rendered":"https:\/\/serverhot.vn\/-product-\/man-hinh-samsung-ls22a336nhexxv-21-5-inch-fhd-va-ma-san-pham-ls22a336nhexxv\/"},"modified":"2024-10-10T03:30:14","modified_gmt":"2024-10-09T20:30:14","slug":"man-hinh-samsung-ls22a336nhexxv-21-5-inch-fhd-va-ma-san-pham-ls22a336nhexxv","status":"publish","type":"product","link":"https:\/\/serverhot.vn\/pt\/-product-\/man-hinh-samsung-ls22a336nhexxv-21-5-inch-fhd-va-ma-san-pham-ls22a336nhexxv\/","title":{"rendered":"M\u00e0n h\u00ecnh SAMSUNG LS22A336NHEXXV ( 21.5 inch &#8211; FHD &#8211; VA ) M\u00e3 s\u1ea3n ph\u1ea9m: LS22A336NHEXXV"},"content":{"rendered":"<div class=\"showText tabs\" id=\"tab2\">\n                                    <\/div>","protected":false},"excerpt":{"rendered":"<ul>\n<ul>\n<li>\u0110\u1ed9 ph\u00e2n gi\u1ea3i 1,920 x 1,080<\/li>\n<li>T\u1ef7 l\u1ec7 khung h\u00ecnh 16:9<\/li>\n<li>\u0110\u1ed9 s\u00e1ng 250cd\/\u33a1<\/li>\n<li>T\u1ef7 l\u1ec7 t\u01b0\u01a1ng ph\u1ea3n 3000:1(Typical)<\/li>\n<li>Th\u1eddi gian ph\u1ea3n h\u1ed3i 5(GTG\uff09<\/li>\n<li>T\u1ea7n s\u1ed1 qu\u00e9t Max 60Hz<\/li>\n<\/ul>\n<\/ul>","protected":false},"featured_media":13881,"comment_status":"closed","ping_status":"closed","template":"","meta":[],"pwb-brand":[],"product_cat":[2909],"product_tag":[],"class_list":{"0":"post-13880","1":"product","2":"type-product","3":"status-publish","4":"has-post-thumbnail","6":"product_cat-man-hinh-may-tinh","8":"first","9":"instock","10":"shipping-taxable","11":"product-type-simple"},"brands":[],"_links":{"self":[{"href":"https:\/\/serverhot.vn\/pt\/wp-json\/wp\/v2\/product\/13880","targetHints":{"allow":["GET"]}}],"collection":[{"href":"https:\/\/serverhot.vn\/pt\/wp-json\/wp\/v2\/product"}],"about":[{"href":"https:\/\/serverhot.vn\/pt\/wp-json\/wp\/v2\/types\/product"}],"replies":[{"embeddable":true,"href":"https:\/\/serverhot.vn\/pt\/wp-json\/wp\/v2\/comments?post=13880"}],"wp:featuredmedia":[{"embeddable":true,"href":"https:\/\/serverhot.vn\/pt\/wp-json\/wp\/v2\/media\/13881"}],"wp:attachment":[{"href":"https:\/\/serverhot.vn\/pt\/wp-json\/wp\/v2\/media?parent=13880"}],"wp:term":[{"taxonomy":"pwb-brand","embeddable":true,"href":"https:\/\/serverhot.vn\/pt\/wp-json\/wp\/v2\/pwb-brand?post=13880"},{"taxonomy":"product_cat","embeddable":true,"href":"https:\/\/serverhot.vn\/pt\/wp-json\/wp\/v2\/product_cat?post=13880"},{"taxonomy":"product_tag","embeddable":true,"href":"https:\/\/serverhot.vn\/pt\/wp-json\/wp\/v2\/product_tag?post=13880"}],"curies":[{"name":"wp","href":"https:\/\/api.w.org\/{rel}","templated":true}]}}