{"id":14228,"date":"2024-10-25T12:45:14","date_gmt":"2024-10-25T05:45:14","guid":{"rendered":"https:\/\/serverhot.vn\/-product-\/thiet-bi-mang-switch-poe-8-ports-10-100mbps-hikvision-ds-3e0109p-e-mb-layer-2-ma-san-pham-ds-3e0109p-e-mb\/"},"modified":"2024-10-25T12:45:19","modified_gmt":"2024-10-25T05:45:19","slug":"thiet-bi-mang-switch-poe-8-ports-10-100mbps-hikvision-ds-3e0109p-e-mb-layer-2-ma-san-pham-ds-3e0109p-e-mb","status":"publish","type":"product","link":"https:\/\/serverhot.vn\/pt\/-product-\/thiet-bi-mang-switch-poe-8-ports-10-100mbps-hikvision-ds-3e0109p-e-mb-layer-2-ma-san-pham-ds-3e0109p-e-mb\/","title":{"rendered":"Thi\u1ebft B\u1ecb M\u1ea1ng Switch PoE 8 Ports 10\/100Mbps Hikvision DS-3E0109P-E\/M(B) Layer 2 M\u00e3 s\u1ea3n ph\u1ea9m: DS-3E0109P-E\/M(B)"},"content":{"rendered":"<div class=\"showText tabs\" id=\"tab2\">\n<div class=\"box_right_pro_view\">\n<div class=\"thongso_pro a_technical\" style=\"max-height: fit-content\">\n<table border=\"1\" cellspacing=\"0\" cellpadding=\"0\">\n<tbody>\n<tr>\n<td><span>H\u00e3ng s\u1ea3n xu\u1ea5t<\/span><\/td>\n<td><span>Hikvision<\/span><\/td>\n<\/tr>\n<tr>\n<td><span>M\u00e3 s\u1ea3n ph\u1eabm<\/span><\/td>\n<td><span>DS-3E0109P-E\/M(B)<\/span><\/td>\n<\/tr>\n<tr>\n<td colspan=\"2\"><span>Network parameters<\/span><\/td>\n<\/tr>\n<tr>\n<td><span>Port number<\/span><\/td>\n<td><span>8 x 100M PoE ports, 1 x 100M Ethernet port.<\/span><\/td>\n<\/tr>\n<tr>\n<td><span>Port type<\/span><\/td>\n<td><span>RJ45 port, Full duplex, MDI\/MDI-X adaptive<\/span><\/td>\n<\/tr>\n<tr>\n<td><span>Standard\u00a0<\/span><\/td>\n<td><span>IEEE802.3, IEEE802.3u, IEEE802.3x<\/span><\/td>\n<\/tr>\n<tr>\n<td><span>Processing type<\/span><\/td>\n<td><span>Store-and-forward switching<\/span><\/td>\n<\/tr>\n<tr>\n<td><span>Ports with high priority<\/span><\/td>\n<td><span>1 to 2 ports<\/span><\/td>\n<\/tr>\n<tr>\n<td><span>Ports for long-distance transmission<\/span><\/td>\n<td><span>1 to 8 ports<\/span><\/td>\n<\/tr>\n<tr>\n<td><span>MAC address table<\/span><\/td>\n<td><span>2K<\/span><\/td>\n<\/tr>\n<tr>\n<td><span>Exchange capacity<\/span><\/td>\n<td><span>1.8 Gbps<\/span><\/td>\n<\/tr>\n<tr>\n<td><span>Packet forwarding rate<\/span><\/td>\n<td><span>1.339 Mpps<\/span><\/td>\n<\/tr>\n<tr>\n<td><span>Internal cache<\/span><\/td>\n<td><span>1 Mbits<\/span><\/td>\n<\/tr>\n<tr>\n<td colspan=\"2\"><span>PoE power supply<\/span><\/td>\n<\/tr>\n<tr>\n<td><span>Power supply standard<\/span><\/td>\n<td><span>IEEE 802.3af, IEEE 802.3at<\/span><\/td>\n<\/tr>\n<tr>\n<td><span>Power supply cable core<\/span><\/td>\n<td><span>Supports 8-core power supply,\u00a0 Ethernet cable 1\/2\/3\/6 and 4\/5\/7\/8 provide simultaneous power supply\u00a0<\/span><\/td>\n<\/tr>\n<tr>\n<td><span>PoE port<\/span><\/td>\n<td><span>1 to 8<\/span><\/td>\n<\/tr>\n<tr>\n<td><span>Max. port power<\/span><\/td>\n<td><span>30W<\/span><\/td>\n<\/tr>\n<tr>\n<td><span>Max. machine power<\/span><\/td>\n<td><span>60W<\/span><\/td>\n<\/tr>\n<tr>\n<td colspan=\"2\"><span>Mechanical structure<\/span><\/td>\n<\/tr>\n<tr>\n<td><span>Shell\u00a0<\/span><\/td>\n<td><span>Metal material, fan-free design<\/span><\/td>\n<\/tr>\n<tr>\n<td><span>weight<\/span><\/td>\n<td><span>0.35 kg (0.77 lb)<\/span><\/td>\n<\/tr>\n<tr>\n<td><span>Dimensions (L \u00d7 H \u00d7 D)<\/span><\/td>\n<td><span>170 mm \u00d7 27.6 mm \u00d7 93.1 mm (6.7inch \u00d7 1.1inch \u00d7 3.7inch)<\/span><\/td>\n<\/tr>\n<tr>\n<td colspan=\"2\"><span>Environment<\/span><\/td>\n<\/tr>\n<tr>\n<td><span>Operating temperature<\/span><\/td>\n<td><span>0 \u02daC to 40 \u02daC (32 \u02daF to 104 \u02daF)<\/span><\/td>\n<\/tr>\n<tr>\n<td><span>Storage temperature<\/span><\/td>\n<td><span>\u201340 \u02daC to 85 \u02daC (\u201340 \u02daF to 185 \u02daF)<\/span><\/td>\n<\/tr>\n<tr>\n<td><span>Relative humidity<\/span><\/td>\n<td><span>5% to 95% (no condensation)<\/span><\/td>\n<\/tr>\n<tr>\n<td colspan=\"2\"><span>Power supply<\/span><\/td>\n<\/tr>\n<tr>\n<td><span>Power supply specification<\/span><\/td>\n<td><span>48 VDC, 1.35 A<\/span><\/td>\n<\/tr>\n<tr>\n<td><span>Made in\u00a0<\/span><\/td>\n<td><span>China<\/span><\/td>\n<\/tr>\n<\/tbody>\n<\/table><\/div>\n<p>                            <!--                            <\/p>\n<div class=\"xemthem_id_r\">--><br \/>\n                            <!--                                <a><!--\/show\/?token=--><br \/>\n                            <!--\"--><br \/>\n                            <!--                                   class=\"preview fancybox fancybox.ajax\" rel=\"nofollow\"&gt;Xem th&#234;m th&#244;ng s&#7889; k&#7929; thu&#7853;t<\/a>--><br \/>\n                            <!--                            <\/div>\n<p>-->\n                        <\/p><\/div>\n<\/p><\/div>","protected":false},"excerpt":{"rendered":"<ul>\n<ul>\n<li style=\"text-align: justify\"><span style=\"font-size: 18px\">Switch L2, 8 c\u00f4\u0309ng PoE 100M, 1 c\u00f4\u0309ng uplink 100M<\/span><\/li>\n<li style=\"text-align: justify\"><span style=\"font-size: 18px\">T\u01b0\u0323 t\u01b0\u01a1ng thi\u0301ch chu\u00e2\u0309n 802.3af\/at, T\u00f4\u0309ng c\u00f4ng su\u00e2\u0301t PoE 58W<\/span><\/li>\n<li style=\"text-align: justify\"><span style=\"font-size: 18px\">Truy\u00ea\u0300n d\u00e2\u0303n khoa\u0309ng ca\u0301ch xa: T\u00f4\u0301i \u0111a 250m \u01a1\u0309 ch\u00ea\u0301 \u0111\u00f4\u0323 m\u01a1\u0309 r\u00f4\u0323ng<\/span><\/li>\n<li style=\"text-align: justify\"><span style=\"font-size: 18px\">C\u00f4\u0309ng \u01b0u ti\u00ean: C\u00f4\u0309ng 1 , 2 , \u01afu ti\u00ean ch\u00e2\u0301t l\u01b0\u01a1\u0323ng di\u0323ch vu\u0323<\/span><\/li>\n<li style=\"text-align: justify\"><span style=\"font-size: 18px\">Ch\u00f4\u0301ng se\u0301t: 6KV cho m\u00f4\u0303i c\u00f4\u0309ng<\/span><\/li>\n<li style=\"text-align: justify\"><span style=\"font-size: 18px\">Vo\u0309 kim loa\u0323i<\/span><\/li>\n<\/ul>\n<\/ul>","protected":false},"featured_media":14229,"comment_status":"closed","ping_status":"closed","template":"","meta":[],"pwb-brand":[],"product_cat":[2902],"product_tag":[2849],"class_list":{"0":"post-14228","1":"product","2":"type-product","3":"status-publish","4":"has-post-thumbnail","6":"product_cat-hikvison","7":"product_tag-switch","9":"first","10":"instock","11":"shipping-taxable","12":"product-type-simple"},"brands":[],"_links":{"self":[{"href":"https:\/\/serverhot.vn\/pt\/wp-json\/wp\/v2\/product\/14228","targetHints":{"allow":["GET"]}}],"collection":[{"href":"https:\/\/serverhot.vn\/pt\/wp-json\/wp\/v2\/product"}],"about":[{"href":"https:\/\/serverhot.vn\/pt\/wp-json\/wp\/v2\/types\/product"}],"replies":[{"embeddable":true,"href":"https:\/\/serverhot.vn\/pt\/wp-json\/wp\/v2\/comments?post=14228"}],"wp:featuredmedia":[{"embeddable":true,"href":"https:\/\/serverhot.vn\/pt\/wp-json\/wp\/v2\/media\/14229"}],"wp:attachment":[{"href":"https:\/\/serverhot.vn\/pt\/wp-json\/wp\/v2\/media?parent=14228"}],"wp:term":[{"taxonomy":"pwb-brand","embeddable":true,"href":"https:\/\/serverhot.vn\/pt\/wp-json\/wp\/v2\/pwb-brand?post=14228"},{"taxonomy":"product_cat","embeddable":true,"href":"https:\/\/serverhot.vn\/pt\/wp-json\/wp\/v2\/product_cat?post=14228"},{"taxonomy":"product_tag","embeddable":true,"href":"https:\/\/serverhot.vn\/pt\/wp-json\/wp\/v2\/product_tag?post=14228"}],"curies":[{"name":"wp","href":"https:\/\/api.w.org\/{rel}","templated":true}]}}