{"id":14336,"date":"2024-10-28T15:45:14","date_gmt":"2024-10-28T08:45:14","guid":{"rendered":"https:\/\/serverhot.vn\/-product-\/bo-phat-wifi-6-router-mesh-wifi-atlas-pro-6-bang-tan-kep-ax5400-linksys-mx5502-ah-2-pack-ma-san-pham-mx5502-ah\/"},"modified":"2024-10-28T15:45:30","modified_gmt":"2024-10-28T08:45:30","slug":"bo-phat-wifi-6-router-mesh-wifi-atlas-pro-6-bang-tan-kep-ax5400-linksys-mx5502-ah-2-pack-ma-san-pham-mx5502-ah","status":"publish","type":"product","link":"https:\/\/serverhot.vn\/pt\/-product-\/bo-phat-wifi-6-router-mesh-wifi-atlas-pro-6-bang-tan-kep-ax5400-linksys-mx5502-ah-2-pack-ma-san-pham-mx5502-ah\/","title":{"rendered":"B\u1ed9 ph\u00e1t wifi 6 Router Mesh WiFi Atlas Pro 6 B\u0103ng t\u1ea7n k\u00e9p AX5400 Linksys MX5502-AH (2 Pack) M\u00e3 s\u1ea3n ph\u1ea9m: MX5502-AH"},"content":{"rendered":"<div class=\"showText tabs\" id=\"tab2\">\n                                    <\/div>","protected":false},"excerpt":{"rendered":"<ul>\n<ul style=\"list-style-type: square\">\n<li>Chu\u00e2\u0309n Wi-Fi 6 AX: MU-MIMO, OFDMA v\u00e0 Intelligent Mesh\u2122<\/li>\n<li>T\u1ed1c \u0111\u1ed9 m\u1ea1ng: 5400Mbps (600 + 4800 Mbps)<\/li>\n<li>CPU: B\u1ed9 x\u1eed l\u00fd l\u00f5i k\u00e9p Qualcomm 1 GHz (256 MB Flash, 512 MB RAM)<\/li>\n<li>C\u1ed5ng Gigabit Ethernet: 4 c\u1ed5ng t\u1ef1 \u0111\u1ed9ng k\u1ebft n\u1ed1i (1 WAN v\u00e0 3 LAN)<\/li>\n<li>Ph\u00e1t s\u00f3ng b\u0103ng t\u1ea7n k\u00e9p: 2.4 GHz + 5 GHz v\u1edbi 160MHz<\/li>\n<li>C\u00f4ng ngh\u1ec7 Beamforming: Ph\u00e1t s\u00f3ng t\u1eadp trung<\/li>\n<li>Chuy\u1ec3n v\u00f9ng kh\u00f4ng gi\u00e1n \u0111o\u1ea1n: Seamless Roaming<\/li>\n<li>5 \u0102ng-ten ng\u1ea7m c\u00f4ng su\u1ea5t cao: M\u1edf r\u1ed9ng v\u00f9ng ph\u1ee7 s\u00f3ng t\u1edbi 250m\u00b2<\/li>\n<li>H\u1ed7 tr\u1ee3 ch\u1ecdn c\u00f4ng su\u1ea5t s\u00f3ng ph\u00e1t: Theo khu v\u1ef1c<\/li>\n<li>Thi\u1ebft k\u1ebf ph\u00f9 h\u1ee3p m\u1ecdi phong c\u00e1ch: H\u1ec7 th\u1ed1ng WiFi Mesh c\u00f3 th\u1ec3 m\u1edf r\u1ed9ng d\u1ec5 d\u00e0ng<\/li>\n<li>C\u00e0i \u0111\u1eb7t: D\u1ec5 d\u00e0ng v\u1edbi Linksys App tr\u00ean iOS &amp; Android<\/li>\n<\/ul>\n<\/ul>","protected":false},"featured_media":14337,"comment_status":"closed","ping_status":"closed","template":"","meta":[],"pwb-brand":[],"product_cat":[2907],"product_tag":[55],"class_list":{"0":"post-14336","1":"product","2":"type-product","3":"status-publish","4":"has-post-thumbnail","6":"product_cat-linksys","7":"product_tag-run","9":"first","10":"instock","11":"shipping-taxable","12":"product-type-simple"},"brands":[],"_links":{"self":[{"href":"https:\/\/serverhot.vn\/pt\/wp-json\/wp\/v2\/product\/14336","targetHints":{"allow":["GET"]}}],"collection":[{"href":"https:\/\/serverhot.vn\/pt\/wp-json\/wp\/v2\/product"}],"about":[{"href":"https:\/\/serverhot.vn\/pt\/wp-json\/wp\/v2\/types\/product"}],"replies":[{"embeddable":true,"href":"https:\/\/serverhot.vn\/pt\/wp-json\/wp\/v2\/comments?post=14336"}],"wp:featuredmedia":[{"embeddable":true,"href":"https:\/\/serverhot.vn\/pt\/wp-json\/wp\/v2\/media\/14337"}],"wp:attachment":[{"href":"https:\/\/serverhot.vn\/pt\/wp-json\/wp\/v2\/media?parent=14336"}],"wp:term":[{"taxonomy":"pwb-brand","embeddable":true,"href":"https:\/\/serverhot.vn\/pt\/wp-json\/wp\/v2\/pwb-brand?post=14336"},{"taxonomy":"product_cat","embeddable":true,"href":"https:\/\/serverhot.vn\/pt\/wp-json\/wp\/v2\/product_cat?post=14336"},{"taxonomy":"product_tag","embeddable":true,"href":"https:\/\/serverhot.vn\/pt\/wp-json\/wp\/v2\/product_tag?post=14336"}],"curies":[{"name":"wp","href":"https:\/\/api.w.org\/{rel}","templated":true}]}}