{"id":14807,"date":"2025-03-28T17:45:08","date_gmt":"2025-03-28T10:45:08","guid":{"rendered":"https:\/\/serverhot.vn\/-product-\/may-tinh-xach-may-tinh-xach-tay-lenovo-ideapad-slim-3-15irh10-15-3-wuxga-core-i5_13420h-24gb_ddr5-ssd-512gb-win-11-xamtay-lenovo-ideapad-slim-3-15irh10-15-3-ma-san-pham-83k1000gvn\/"},"modified":"2025-03-28T17:45:10","modified_gmt":"2025-03-28T10:45:10","slug":"may-tinh-xach-may-tinh-xach-tay-lenovo-ideapad-slim-3-15irh10-15-3-wuxga-core-i5_13420h-24gb_ddr5-ssd-512gb-win-11-xamtay-lenovo-ideapad-slim-3-15irh10-15-3-ma-san-pham-83k1000gvn","status":"publish","type":"product","link":"https:\/\/serverhot.vn\/pt\/-product-\/may-tinh-xach-may-tinh-xach-tay-lenovo-ideapad-slim-3-15irh10-15-3-wuxga-core-i5_13420h-24gb_ddr5-ssd-512gb-win-11-xamtay-lenovo-ideapad-slim-3-15irh10-15-3-ma-san-pham-83k1000gvn\/","title":{"rendered":"M\u00e1y t\u00ednh x\u00e1ch M\u00e1y t\u00ednh x\u00e1ch tay Lenovo Ideapad Slim 3 &#8211; 15IRH10, 15.3&#8243; WUXGA , CORE I5_13420H, 24GB_DDR5, SSD 512GB, Win 11, X\u00e1mtay Lenovo Ideapad Slim 3 &#8211; 15IRH10, 15.3 M\u00e3 s\u1ea3n ph\u1ea9m: 83K1000GVN"},"content":{"rendered":"<div class=\"showText tabs\" id=\"tab2\">\n                                    <\/div>","protected":false},"excerpt":{"rendered":"<ul>\n<ul>\n<li>CPU: Intel\u00ae Core\u2122 i5-13420H (12MB, up to 4.60GHz)<\/li>\n<li>RAM: 24GB DDR5-4800 (8GB + 16GB)<\/li>\n<li>SSD: 512GB M.2 2242 PCIe 4.0&#215;4 NVMe<\/li>\n<li>Display: 15.3 inch WUXGA, IPS, 300nits, Anti-glare, 45% NTSC, 60Hz<\/li>\n<li>Color: Luna Grey (X\u00e1m)<\/li>\n<li>OS: Windows 11\u00a0<\/li>\n<\/ul>\n<\/ul>","protected":false},"featured_media":14808,"comment_status":"closed","ping_status":"closed","template":"","meta":[],"pwb-brand":[],"product_cat":[2892],"product_tag":[],"class_list":{"0":"post-14807","1":"product","2":"type-product","3":"status-publish","4":"has-post-thumbnail","6":"product_cat-lenovo-laptop","8":"first","9":"instock","10":"shipping-taxable","11":"product-type-simple"},"brands":[],"_links":{"self":[{"href":"https:\/\/serverhot.vn\/pt\/wp-json\/wp\/v2\/product\/14807","targetHints":{"allow":["GET"]}}],"collection":[{"href":"https:\/\/serverhot.vn\/pt\/wp-json\/wp\/v2\/product"}],"about":[{"href":"https:\/\/serverhot.vn\/pt\/wp-json\/wp\/v2\/types\/product"}],"replies":[{"embeddable":true,"href":"https:\/\/serverhot.vn\/pt\/wp-json\/wp\/v2\/comments?post=14807"}],"wp:featuredmedia":[{"embeddable":true,"href":"https:\/\/serverhot.vn\/pt\/wp-json\/wp\/v2\/media\/14808"}],"wp:attachment":[{"href":"https:\/\/serverhot.vn\/pt\/wp-json\/wp\/v2\/media?parent=14807"}],"wp:term":[{"taxonomy":"pwb-brand","embeddable":true,"href":"https:\/\/serverhot.vn\/pt\/wp-json\/wp\/v2\/pwb-brand?post=14807"},{"taxonomy":"product_cat","embeddable":true,"href":"https:\/\/serverhot.vn\/pt\/wp-json\/wp\/v2\/product_cat?post=14807"},{"taxonomy":"product_tag","embeddable":true,"href":"https:\/\/serverhot.vn\/pt\/wp-json\/wp\/v2\/product_tag?post=14807"}],"curies":[{"name":"wp","href":"https:\/\/api.w.org\/{rel}","templated":true}]}}