{"id":14873,"date":"2025-04-23T18:45:52","date_gmt":"2025-04-23T11:45:52","guid":{"rendered":"https:\/\/serverhot.vn\/-product-\/may-tinh-ban-dell-inspiron-3030-intel-core-i5-14400-1x8gb-ssd-512gb-wifi-bt-win11-sl-180w-psu-1-year-wty-kyhd-ma-san-pham-mti50101w1-8g-512g\/"},"modified":"2025-04-23T18:45:55","modified_gmt":"2025-04-23T11:45:55","slug":"may-tinh-ban-dell-inspiron-3030-intel-core-i5-14400-1x8gb-ssd-512gb-wifi-bt-win11-sl-180w-psu-1-year-wty-kyhd-ma-san-pham-mti50101w1-8g-512g","status":"publish","type":"product","link":"https:\/\/serverhot.vn\/pt\/-product-\/may-tinh-ban-dell-inspiron-3030-intel-core-i5-14400-1x8gb-ssd-512gb-wifi-bt-win11-sl-180w-psu-1-year-wty-kyhd-ma-san-pham-mti50101w1-8g-512g\/","title":{"rendered":"M\u00e1y t\u00ednh b\u00e0n Dell Inspiron 3030 Intel Core i5-14400, 1x8GB, SSD 512Gb, Wifi + BT, Win11 SL, 180W PSU, 1 year WTY, KYHD M\u00e3 s\u1ea3n ph\u1ea9m: MTI50101W1-8G-512G"},"content":{"rendered":"<div class=\"showText tabs\" id=\"tab2\">\n                                    <\/div>","protected":false},"excerpt":{"rendered":"<ul>\n                                                    <\/ul>","protected":false},"featured_media":14874,"comment_status":"closed","ping_status":"closed","template":"","meta":[],"pwb-brand":[],"product_cat":[2886],"product_tag":[],"class_list":{"0":"post-14873","1":"product","2":"type-product","3":"status-publish","4":"has-post-thumbnail","6":"product_cat-dell-workstation","8":"first","9":"instock","10":"shipping-taxable","11":"product-type-simple"},"brands":[],"_links":{"self":[{"href":"https:\/\/serverhot.vn\/pt\/wp-json\/wp\/v2\/product\/14873","targetHints":{"allow":["GET"]}}],"collection":[{"href":"https:\/\/serverhot.vn\/pt\/wp-json\/wp\/v2\/product"}],"about":[{"href":"https:\/\/serverhot.vn\/pt\/wp-json\/wp\/v2\/types\/product"}],"replies":[{"embeddable":true,"href":"https:\/\/serverhot.vn\/pt\/wp-json\/wp\/v2\/comments?post=14873"}],"wp:featuredmedia":[{"embeddable":true,"href":"https:\/\/serverhot.vn\/pt\/wp-json\/wp\/v2\/media\/14874"}],"wp:attachment":[{"href":"https:\/\/serverhot.vn\/pt\/wp-json\/wp\/v2\/media?parent=14873"}],"wp:term":[{"taxonomy":"pwb-brand","embeddable":true,"href":"https:\/\/serverhot.vn\/pt\/wp-json\/wp\/v2\/pwb-brand?post=14873"},{"taxonomy":"product_cat","embeddable":true,"href":"https:\/\/serverhot.vn\/pt\/wp-json\/wp\/v2\/product_cat?post=14873"},{"taxonomy":"product_tag","embeddable":true,"href":"https:\/\/serverhot.vn\/pt\/wp-json\/wp\/v2\/product_tag?post=14873"}],"curies":[{"name":"wp","href":"https:\/\/api.w.org\/{rel}","templated":true}]}}