{"id":15044,"date":"2025-05-26T17:19:43","date_gmt":"2025-05-26T10:19:43","guid":{"rendered":"https:\/\/serverhot.vn\/-product-\/cap-hdmi-2-0-dai-5m-ho-tro-4k60hz-ugreen-40412-ma-san-pham-40412\/"},"modified":"2025-05-26T17:19:59","modified_gmt":"2025-05-26T10:19:59","slug":"cap-hdmi-2-0-dai-5m-ho-tro-4k60hz-ugreen-40412-ma-san-pham-40412","status":"publish","type":"product","link":"https:\/\/serverhot.vn\/pt\/-product-\/cap-hdmi-2-0-dai-5m-ho-tro-4k60hz-ugreen-40412-ma-san-pham-40412\/","title":{"rendered":"C\u00e1p HDMI 2.0 d\u00e0i 5m h\u1ed7 tr\u1ee3 4K@60Hz Ugreen 40412 M\u00e3 s\u1ea3n ph\u1ea9m: 40412"},"content":{"rendered":"<div class=\"showText tabs\" id=\"tab2\">\n                                    <\/div>","protected":false},"excerpt":{"rendered":"<ul>\n<p>\u00a0C\u00e1p HDMI 2.0 &#8211; T\u1ed1c \u0111\u1ed9 cao HDMI 2.0 c\u00e1p Ethernet.<\/p>\n<p>\u00a0H\u1ed7 tr\u1ee3 t\u1ed1i \u0111a 32 k\u00eanh \u00e2m thanh k\u1ef9 thu\u1eadt s\u1ed1 kh\u00f4ng n\u00e9n (HDMI 1.4 ch\u1ec9 h\u1ed7 tr\u1ee3 8 k\u00eanh)<\/p>\n<p>\u00a0Chu\u1ea9n HDMI 2.0 n\u00e0y truy\u1ec1n t\u1ea3i video h\u1ed7 tr\u1ee3 4K@60Hz<\/p>\n<p>\u00a0Chi\u1ec1u d\u00e0i c\u00e1p : 5m<\/p>\n<p>\u00a0HDMI Ethernet Channel &#8211; Th\u00eam m\u1ea1ng t\u1ed1c \u0111\u1ed9 cao v\u00e0o m\u1ed9t li\u00ean k\u1ebft HDMI, cho ph\u00e9p ng\u01b0\u1eddi d\u00f9ng t\u1eadn d\u1ee5ng \u0111\u1ea7y \u0111\u1ee7 c\u00e1c thi\u1ebft b\u1ecb IP-k\u00edch ho\u1ea1t c\u1ee7a h\u1ecd m\u00e0 kh\u00f4ng c\u1ea7n c\u00e1p Ethernet ri\u00eang bi\u1ec7t.<\/p>\n<p>\u00a0D\u00e2y HDMI 2.0 ch\u00ednh h\u00e3ng Ugreen 40412 cho ph\u00e9p TV HDMI k\u1ebft n\u1ed1i v\u1edbi m\u1ed9t thi\u1ebft b\u1ecb \u0111\u1ec3 g\u1eedi d\u1eef li\u1ec7u \u00e2m thanh &#8220;ng\u01b0\u1ee3c d\u00f2ng&#8221; v\u1edbi m\u1ed9t h\u1ec7 th\u1ed1ng \u00e2m thanh v\u00f2m, lo\u1ea1i b\u1ecf s\u1ef1 c\u1ea7n thi\u1ebft cho m\u1ed9t c\u00e1p \u00e2m thanh ri\u00eang bi\u1ec7t.<\/p>\n<p>\u00a0Cable HDMI 2.0 &#8211; H\u1ed7 tr\u1ee3 3D &#8211; \u0110\u1ecbnh ngh\u0129a giao th\u1ee9c \u0111\u1ea7u v\u00e0o \/ \u0111\u1ea7u ra cho c\u00e1c \u0111\u1ecbnh d\u1ea1ng video l\u1edbn 3D, m\u1edf \u0111\u01b0\u1eddng cho vi\u1ec7c ch\u01a1i game 3D th\u1ef1c v\u00e0 c\u00e1c \u1ee9ng d\u1ee5ng r\u1ea1p h\u00e1t t\u1ea1i nh\u00e0 3D.<\/p>\n<p>\u00a0C\u00e1p t\u00edn hi\u1ec7u HDMI 2.0 &#8211; H\u1ed7 tr\u1ee3 \u0111\u1ed9 ph\u00e2n gi\u1ea3i 4K*2K &#8211; Cho ph\u00e9p \u0111\u1ed9 ph\u00e2n gi\u1ea3i video l\u00ean \u0111\u1ebfn 4096x2160p v\u01b0\u1ee3t xa 1080p, h\u1ed7 tr\u1ee3 m\u00e0n h\u00ecnh th\u1ebf h\u1ec7 ti\u1ebfp theo s\u1ebd c\u1ea1nh tranh v\u1edbi h\u1ec7 th\u1ed1ng Digital Cinema s\u1eed d\u1ee5ng trong nhi\u1ec1u r\u1ea1p chi\u1ebfu phim th\u01b0\u01a1ng m\u1ea1i.<\/p>\n<\/ul>","protected":false},"featured_media":15045,"comment_status":"closed","ping_status":"closed","template":"","meta":[],"pwb-brand":[],"product_cat":[2910],"product_tag":[2839,50],"class_list":{"0":"post-15044","1":"product","2":"type-product","3":"status-publish","4":"has-post-thumbnail","6":"product_cat-thiet-bi-van-phong","7":"product_tag-choi-game","8":"product_tag-green","10":"first","11":"instock","12":"shipping-taxable","13":"product-type-simple"},"brands":[],"_links":{"self":[{"href":"https:\/\/serverhot.vn\/pt\/wp-json\/wp\/v2\/product\/15044","targetHints":{"allow":["GET"]}}],"collection":[{"href":"https:\/\/serverhot.vn\/pt\/wp-json\/wp\/v2\/product"}],"about":[{"href":"https:\/\/serverhot.vn\/pt\/wp-json\/wp\/v2\/types\/product"}],"replies":[{"embeddable":true,"href":"https:\/\/serverhot.vn\/pt\/wp-json\/wp\/v2\/comments?post=15044"}],"wp:featuredmedia":[{"embeddable":true,"href":"https:\/\/serverhot.vn\/pt\/wp-json\/wp\/v2\/media\/15045"}],"wp:attachment":[{"href":"https:\/\/serverhot.vn\/pt\/wp-json\/wp\/v2\/media?parent=15044"}],"wp:term":[{"taxonomy":"pwb-brand","embeddable":true,"href":"https:\/\/serverhot.vn\/pt\/wp-json\/wp\/v2\/pwb-brand?post=15044"},{"taxonomy":"product_cat","embeddable":true,"href":"https:\/\/serverhot.vn\/pt\/wp-json\/wp\/v2\/product_cat?post=15044"},{"taxonomy":"product_tag","embeddable":true,"href":"https:\/\/serverhot.vn\/pt\/wp-json\/wp\/v2\/product_tag?post=15044"}],"curies":[{"name":"wp","href":"https:\/\/api.w.org\/{rel}","templated":true}]}}