{"id":15158,"date":"2025-06-19T23:00:59","date_gmt":"2025-06-19T16:00:59","guid":{"rendered":"https:\/\/serverhot.vn\/-product-\/switch-quan-ly-jetstream-l2-16-cong-10ge-sfp-ma-san-pham-tl-sx3016f\/"},"modified":"2025-06-19T23:01:28","modified_gmt":"2025-06-19T16:01:28","slug":"switch-quan-ly-jetstream-l2-16-cong-10ge-sfp-ma-san-pham-tl-sx3016f","status":"publish","type":"product","link":"https:\/\/serverhot.vn\/pt\/-product-\/switch-quan-ly-jetstream-l2-16-cong-10ge-sfp-ma-san-pham-tl-sx3016f\/","title":{"rendered":"Switch Qu\u1ea3n L\u00fd JetStream L2+ 16 C\u1ed5ng 10GE SFP+ M\u00e3 s\u1ea3n ph\u1ea9m: TL-SX3016F"},"content":{"rendered":"<div class=\"showText tabs\" id=\"tab2\">\n                                    <\/div>","protected":false},"excerpt":{"rendered":"<ul>\n<p>16 C\u1ed5ng SFP+ Full 10GE: C\u1ed5ng SFP+ Full 10 Gbps nhanh nh\u01b0 ch\u1edbp cung c\u1ea5p kh\u1ea3 n\u0103ng k\u1ebft n\u1ed1i t\u1ed5ng h\u1ee3p b\u0103ng th\u00f4ng cao v\u00e0 kh\u1ea3 n\u0103ng chuy\u1ec3n \u0111\u1ed5i 320 Gbps kh\u00f4ng ch\u1eb7n.<\/p>\n<p>C\u00e1c T\u00ednh N\u0103ng Phong Ph\u00fa L2 v\u00e0 L2+: H\u1ed7 tr\u1ee3 m\u1ed9t lo\u1ea1t c\u00e1c t\u00ednh n\u0103ng L2 v\u00e0 L2+ ho\u00e0n ch\u1ec9nh, bao g\u1ed3m \u0110\u1ecbnh tuy\u1ebfn t\u0129nh, QoS c\u1ea5p doanh nghi\u1ec7p v\u00e0 IGMP Snooping.<\/p>\n<p>Chi\u1ebfn L\u01b0\u1ee3c B\u1ea3o M\u1eadt M\u1ea1nh M\u1ebd: Gi\u00fap b\u1ea3o v\u1ec7 khu v\u1ef1c m\u1ea1ng LAN v\u1edbi t\u00ednh n\u0103ng Li\u00ean k\u1ebft c\u1ed5ng IP-MAC-t\u00edch h\u1ee3p, ACL, B\u1ea3o m\u1eadt c\u1ed5ng v\u00e0 X\u00e1c th\u1ef1c 802.1X v\u00e0 nhi\u1ec1u h\u01a1n n\u1eefa.<\/p>\n<p>B\u1ed9 ngu\u1ed3n d\u1ef1 ph\u00f2ng k\u00e9p: Hai b\u1ed9 ngu\u1ed3n d\u1ef1 ph\u00f2ng cho nhau gi\u00fap thi\u1ebft b\u1ecb tr\u1edf th\u00e0nh s\u1ef1 l\u1ef1a ch\u1ecdn l\u00fd t\u01b0\u1edfng cho ki\u1ebfn tr\u00fac m\u1ea1ng \u0111\u00e1ng tin c\u1eady.<\/p>\n<p>Qu\u1ea3n L\u00fd Cloud T\u1eadp Trung: T\u00edch h\u1ee3p v\u00e0o Omada SDN \u0111\u1ec3 truy c\u1eadp cloud v\u00e0 qu\u1ea3n l\u00fd t\u1eeb xa..<\/p>\n<p>Qu\u1ea3n l\u00fd \u0111\u1ed9c l\u1eadp: Web, CLI (C\u1ed5ng Console, Telnet, SSH), SNMP, RMON v\u00e0 H\u00ecnh \u1ea3nh k\u00e9p mang l\u1ea1i kh\u1ea3 n\u0103ng qu\u1ea3n l\u00fd m\u1ea1nh m\u1ebd.<\/p>\n<\/ul>","protected":false},"featured_media":15159,"comment_status":"closed","ping_status":"closed","template":"","meta":[],"pwb-brand":[],"product_cat":[2896],"product_tag":[25,55,2849],"class_list":{"0":"post-15158","1":"product","2":"type-product","3":"status-publish","4":"has-post-thumbnail","6":"product_cat-tp-link","7":"product_tag-man","8":"product_tag-run","9":"product_tag-switch","11":"first","12":"instock","13":"shipping-taxable","14":"product-type-simple"},"brands":[],"_links":{"self":[{"href":"https:\/\/serverhot.vn\/pt\/wp-json\/wp\/v2\/product\/15158","targetHints":{"allow":["GET"]}}],"collection":[{"href":"https:\/\/serverhot.vn\/pt\/wp-json\/wp\/v2\/product"}],"about":[{"href":"https:\/\/serverhot.vn\/pt\/wp-json\/wp\/v2\/types\/product"}],"replies":[{"embeddable":true,"href":"https:\/\/serverhot.vn\/pt\/wp-json\/wp\/v2\/comments?post=15158"}],"wp:featuredmedia":[{"embeddable":true,"href":"https:\/\/serverhot.vn\/pt\/wp-json\/wp\/v2\/media\/15159"}],"wp:attachment":[{"href":"https:\/\/serverhot.vn\/pt\/wp-json\/wp\/v2\/media?parent=15158"}],"wp:term":[{"taxonomy":"pwb-brand","embeddable":true,"href":"https:\/\/serverhot.vn\/pt\/wp-json\/wp\/v2\/pwb-brand?post=15158"},{"taxonomy":"product_cat","embeddable":true,"href":"https:\/\/serverhot.vn\/pt\/wp-json\/wp\/v2\/product_cat?post=15158"},{"taxonomy":"product_tag","embeddable":true,"href":"https:\/\/serverhot.vn\/pt\/wp-json\/wp\/v2\/product_tag?post=15158"}],"curies":[{"name":"wp","href":"https:\/\/api.w.org\/{rel}","templated":true}]}}