{"id":10530,"date":"2024-06-29T02:50:04","date_gmt":"2024-06-28T19:50:04","guid":{"rendered":"https:\/\/serverhot.vn\/product\/uncategorized\/may-tinh-de-ban-hp-280-pro-g9-9e812pt-core-i5-12500-intel-h670-8gb-256gb-ssd-intel-uhd-graphics-770-windows-11-home-ma-san-pham-9e812pt\/"},"modified":"2024-06-29T02:50:06","modified_gmt":"2024-06-28T19:50:06","slug":"may-tinh-de-ban-hp-280-pro-g9-9e812pt-core-i5-12500-intel-h670-8gb-256gb-ssd-intel-uhd-graphics-770-windows-11-home-ma-san-pham-9e812pt","status":"publish","type":"product","link":"https:\/\/serverhot.vn\/ru\/-product-\/may-tinh-de-ban-hp-280-pro-g9-9e812pt-core-i5-12500-intel-h670-8gb-256gb-ssd-intel-uhd-graphics-770-windows-11-home-ma-san-pham-9e812pt\/","title":{"rendered":"M\u00e1y t\u00ednh \u0111\u1ec3 b\u00e0n HP 280 Pro G9 9E812PT (Core i5 12500\/ Intel H670\/ 8GB\/ 256Gb SSD\/ Intel UHD Graphics 770\/ Windows 11 Home) M\u00e3 s\u1ea3n ph\u1ea9m: 9E812PT"},"content":{"rendered":"<div class=\"showText tabs\" id=\"tab2\">\n<div class=\"box_right_pro_view\">\n<div class=\"thongso_pro a_technical\" style=\"max-height: fit-content\">\n<p><span>M\u00e1y t\u00ednh \u0111\u1ec3 b\u00e0n HP 280 Pro G9 9E812PT (Core i5 12500\/ Intel H670\/ 8GB\/ 256Gb SSD\/ Intel UHD Graphics 770\/ Windows 11 Home)<\/span><\/p>\n<p><span>B\u1ed9 VXL<span> <\/span>Core i5 12500 3.0 Ghz<\/span><\/p>\n<p><span>Chipset<span> <\/span>Intel H670<\/span><\/p>\n<p><span>B\u1ed9 nh\u1edb RAM<span> <\/span>8GB DDR4 2933MHz<\/span><\/p>\n<p><span>H\u1ed7 tr\u1ee3 RAM t\u1ed1i \u0111a<span> <\/span>64GB<\/span><\/p>\n<p><span>\u1ed4 c\u1ee9ng<span> <\/span>256Gb SSD<\/span><\/p>\n<p><span>Chu\u1ea9n \u1ed5 c\u1ee9ng<span> <\/span>PCIe\u00aeNVMeTMM.2 SSD<\/span><\/p>\n<p><span>Card \u0111\u1ed3 h\u1ecda<span> <\/span>Intel UHD Graphics 770<\/span><\/p>\n<p><span>K\u1ebft n\u1ed1i kh\u00f4ng d\u00e2y<span> <\/span>Realtek RTL8821CE 802.11a\/b\/g\/n\/ac (1&#215;1) Wi-Fi and Bluetooth 4.2 combo<\/span><\/p>\n<p><span>C\u1ed5ng giao ti\u1ebfp sau<span> <\/span>1 c\u1ed5ng k\u1ebft h\u1ee3p tai nghe\/micr\u00f4; 2 c\u1ed5ng Super Speed USBType-C\u00ae c\u00f3 t\u1ed1c \u0111\u1ed9 truy\u1ec1n t\u00edn hi\u1ec7u 10Gbps; 4 c\u1ed5ng<\/span><\/p>\n<p><span>Super Speed USBType-A c\u00f3 t\u1ed1c \u0111\u1ed9 truy\u1ec1n t\u00edn hi\u1ec7u 5Gbps<\/span><\/p>\n<p><span>Khe c\u1eafm m\u1edf r\u1ed9ng<span> <\/span>1 c\u1ed5ng PCI c\u00f3 chi\u1ec1u cao \u0111\u1ea7y \u0111\u1ee7; 2M.2; 1 PCIe 3 x1; 1 c\u1ed5ng PCIe 4 x16<\/span><\/p>\n<p><span>H\u1ec7 \u0111i\u1ec1u h\u00e0nh<span> <\/span>Windows 11 Home<\/span><\/p>\n<p>\u00a0<\/p>\n<p><span>Ki\u1ec3u d\u00e1ng<span> <\/span>Case \u0111\u1ee9ng to<\/span><\/p>\n<\/p><\/div>\n<p>                            <!--                            <\/p>\n<div class=\"xemthem_id_r\">--><br \/>\n                            <!--                                <a><!--\/show\/?token=--><br \/>\n                            <!--\"--><br \/>\n                            <!--                                   class=\"preview fancybox fancybox.ajax\" rel=\"nofollow\"&gt;Xem th&#234;m th&#244;ng s&#7889; k&#7929; thu&#7853;t<\/a>--><br \/>\n                            <!--                            <\/div>\n<p>-->\n                        <\/p><\/div>\n<\/p><\/div>","protected":false},"excerpt":{"rendered":"<ul>\n<p><span style=\"font-size: 14px\">M\u00e1y t\u00ednh \u0111\u1ec3 b\u00e0n HP 280 Pro G9 9E812PT (Core i5 12500\/ Intel H670\/ 8GB\/ 256Gb SSD\/ Intel UHD Graphics 770\/ Windows 11 Home)<\/span><\/p>\n<\/ul>","protected":false},"featured_media":10531,"comment_status":"closed","ping_status":"closed","template":"","meta":[],"pwb-brand":[],"product_cat":[2887],"product_tag":[],"class_list":{"0":"post-10530","1":"product","2":"type-product","3":"status-publish","4":"has-post-thumbnail","6":"product_cat-hp","8":"first","9":"instock","10":"shipping-taxable","11":"product-type-simple"},"brands":[],"_links":{"self":[{"href":"https:\/\/serverhot.vn\/ru\/wp-json\/wp\/v2\/product\/10530","targetHints":{"allow":["GET"]}}],"collection":[{"href":"https:\/\/serverhot.vn\/ru\/wp-json\/wp\/v2\/product"}],"about":[{"href":"https:\/\/serverhot.vn\/ru\/wp-json\/wp\/v2\/types\/product"}],"replies":[{"embeddable":true,"href":"https:\/\/serverhot.vn\/ru\/wp-json\/wp\/v2\/comments?post=10530"}],"wp:featuredmedia":[{"embeddable":true,"href":"https:\/\/serverhot.vn\/ru\/wp-json\/wp\/v2\/media\/10531"}],"wp:attachment":[{"href":"https:\/\/serverhot.vn\/ru\/wp-json\/wp\/v2\/media?parent=10530"}],"wp:term":[{"taxonomy":"pwb-brand","embeddable":true,"href":"https:\/\/serverhot.vn\/ru\/wp-json\/wp\/v2\/pwb-brand?post=10530"},{"taxonomy":"product_cat","embeddable":true,"href":"https:\/\/serverhot.vn\/ru\/wp-json\/wp\/v2\/product_cat?post=10530"},{"taxonomy":"product_tag","embeddable":true,"href":"https:\/\/serverhot.vn\/ru\/wp-json\/wp\/v2\/product_tag?post=10530"}],"curies":[{"name":"wp","href":"https:\/\/api.w.org\/{rel}","templated":true}]}}