{"id":10931,"date":"2024-06-29T12:59:05","date_gmt":"2024-06-29T05:59:05","guid":{"rendered":"https:\/\/serverhot.vn\/product\/uncategorized\/cap-mang-cat-5e-utp-aptek-530-1101-2-305m-thung-ma-san-pham-530-1101-2\/"},"modified":"2024-06-29T12:59:06","modified_gmt":"2024-06-29T05:59:06","slug":"cap-mang-cat-5e-utp-aptek-530-1101-2-305m-thung-ma-san-pham-530-1101-2","status":"publish","type":"product","link":"https:\/\/serverhot.vn\/ru\/-product-\/cap-mang-cat-5e-utp-aptek-530-1101-2-305m-thung-ma-san-pham-530-1101-2\/","title":{"rendered":"C\u00e1p M\u1ea1ng CAT.5E UTP APTEK 530-1101-2 (305m\/th\u00f9ng) M\u00e3 s\u1ea3n ph\u1ea9m: 530-1101-2"},"content":{"rendered":"<div class=\"showText tabs\" id=\"tab2\">\n                                    <\/div>","protected":false},"excerpt":{"rendered":"<ul>\n<ul>\n<li><span>Lo\u1ea1i c\u00e1p : chu\u1ea9n qu\u1ed1c t\u1ebf Cat.5e UTP.<\/span><\/li>\n<li><span>Thi\u1ebft k\u1ebf v\u1edbi 4 \u0111\u00f4i d\u00e2y xo\u1eafn t\u1eebng c\u1eb7p.<\/span><\/li>\n<li><span>T\u1ed1c \u0111\u1ed9 truy\u1ec1n : 10\/100\/1000 Mbps. l\u00ean \u0111\u1ebfn 10Gb. T\u1ed1c \u0111\u1ed9 truy\u1ec1n th\u1eadt l\u00ean \u0111\u1ebfn 1Gb v\u1edbi kho\u1ea3ng c\u00e1ch 100m.<\/span><\/li>\n<li><span>Quy c\u00e1ch \u0111\u00f3ng th\u00f9ng :\u00a0<em>305m<\/em>.<\/span><\/li>\n<li><span>\u0110\u1eb7c \u0111i\u1ec3m : L\u00f5i \u0111\u1ed3ng nguy\u00ean ch\u1ea5t. , k\u00edch th\u01b0\u1edbc 24AWG (0.51mm).<\/span><\/li>\n<li><span>T\u00ednh n\u0103ng \u0111\u1eb7c bi\u1ec7t : c\u1ea5p ngu\u1ed3n qua Ethernet (PoE) l\u00ean t\u1edbi 100m.<\/span><\/li>\n<li><span>\u0110\u00e1p \u1ee9ng nhu c\u1ea7u cho nh\u1eefng \u1ee9ng d\u1ee5ng Gigabit Ethernet, 10\/100BASE-TX\u2026<\/span><\/li>\n<\/ul>\n<\/ul>","protected":false},"featured_media":10932,"comment_status":"closed","ping_status":"closed","template":"","meta":[],"pwb-brand":[],"product_cat":[2897],"product_tag":[],"class_list":{"0":"post-10931","1":"product","2":"type-product","3":"status-publish","4":"has-post-thumbnail","6":"product_cat-aptek","8":"first","9":"instock","10":"shipping-taxable","11":"product-type-simple"},"brands":[],"_links":{"self":[{"href":"https:\/\/serverhot.vn\/ru\/wp-json\/wp\/v2\/product\/10931","targetHints":{"allow":["GET"]}}],"collection":[{"href":"https:\/\/serverhot.vn\/ru\/wp-json\/wp\/v2\/product"}],"about":[{"href":"https:\/\/serverhot.vn\/ru\/wp-json\/wp\/v2\/types\/product"}],"replies":[{"embeddable":true,"href":"https:\/\/serverhot.vn\/ru\/wp-json\/wp\/v2\/comments?post=10931"}],"wp:featuredmedia":[{"embeddable":true,"href":"https:\/\/serverhot.vn\/ru\/wp-json\/wp\/v2\/media\/10932"}],"wp:attachment":[{"href":"https:\/\/serverhot.vn\/ru\/wp-json\/wp\/v2\/media?parent=10931"}],"wp:term":[{"taxonomy":"pwb-brand","embeddable":true,"href":"https:\/\/serverhot.vn\/ru\/wp-json\/wp\/v2\/pwb-brand?post=10931"},{"taxonomy":"product_cat","embeddable":true,"href":"https:\/\/serverhot.vn\/ru\/wp-json\/wp\/v2\/product_cat?post=10931"},{"taxonomy":"product_tag","embeddable":true,"href":"https:\/\/serverhot.vn\/ru\/wp-json\/wp\/v2\/product_tag?post=10931"}],"curies":[{"name":"wp","href":"https:\/\/api.w.org\/{rel}","templated":true}]}}