{"id":10969,"date":"2024-06-29T13:05:41","date_gmt":"2024-06-29T06:05:41","guid":{"rendered":"https:\/\/serverhot.vn\/product\/uncategorized\/thiet-bi-thu-phat-song-wifi-ubiquiti-unifi-ap-ac-mesh-ma-san-pham-uap-ac-m\/"},"modified":"2024-06-29T13:05:43","modified_gmt":"2024-06-29T06:05:43","slug":"thiet-bi-thu-phat-song-wifi-ubiquiti-unifi-ap-ac-mesh-ma-san-pham-uap-ac-m","status":"publish","type":"product","link":"https:\/\/serverhot.vn\/ru\/-product-\/thiet-bi-thu-phat-song-wifi-ubiquiti-unifi-ap-ac-mesh-ma-san-pham-uap-ac-m\/","title":{"rendered":"Thi\u1ebft b\u1ecb thu ph\u00e1t s\u00f3ng WiFi &#8211; Ubiquiti UniFi\u00ae AP-AC-Mesh M\u00e3 s\u1ea3n ph\u1ea9m: UAP-AC-M"},"content":{"rendered":"<div class=\"showText tabs\" id=\"tab2\">\n                                    <\/div>","protected":false},"excerpt":{"rendered":"<ul>\n<table id=\"tb-product-spec\" border=\"1\" cellspacing=\"0\" cellpadding=\"3\">\n<tbody>\n<tr>\n<td class=\"att-name\">T\u1ed1c \u0111\u1ed9 Wifi<\/td>\n<td>\n<div class=\"att-value-list\">\n<ul>\n<li>Hai b\u0103ng t\u1ea7n: 2.4Ghz 450Mbps, 5Ghz 867Mbps<\/li>\n<\/ul>\n<\/div>\n<\/td>\n<\/tr>\n<tr>\n<td class=\"att-name\">S\u1ed1 m\u00e1y truy c\u1eadp t\u1ed1i \u0111a \u0111\u1ed3ng th\u1eddi<\/td>\n<td>\n<div class=\"att-value-list\">\n<ul>\n<li>100 m\u00e1y<\/li>\n<\/ul>\n<\/div>\n<\/td>\n<\/tr>\n<tr>\n<td class=\"att-name\">S\u1ed1 c\u1ed5ng LAN<\/td>\n<td>\n<div class=\"att-value-list\">\n<ul>\n<li>01 Lan 1Gb<\/li>\n<\/ul>\n<\/div>\n<\/td>\n<\/tr>\n<tr>\n<td class=\"att-name\">C\u00e1c t\u00ednh n\u0103ng kh\u00e1c<\/td>\n<td>\n<div class=\"att-value-list\">\n<ul>\n<li>C\u1ea5p ngu\u1ed3n PoE 24V-0.5A<\/li>\n<\/ul>\n<\/div>\n<\/td>\n<\/tr>\n<tr>\n<td class=\"att-name\">S\u1ed1 Anten<\/td>\n<td>\n<div class=\"att-value-list\">\n<ul>\n<li>2 anten<\/li>\n<\/ul>\n<\/div>\n<\/td>\n<\/tr>\n<\/tbody>\n<\/table>\n<\/ul>","protected":false},"featured_media":10970,"comment_status":"closed","ping_status":"closed","template":"","meta":[],"pwb-brand":[],"product_cat":[2901],"product_tag":[],"class_list":{"0":"post-10969","1":"product","2":"type-product","3":"status-publish","4":"has-post-thumbnail","6":"product_cat-ubiquiti","8":"first","9":"instock","10":"shipping-taxable","11":"product-type-simple"},"brands":[],"_links":{"self":[{"href":"https:\/\/serverhot.vn\/ru\/wp-json\/wp\/v2\/product\/10969","targetHints":{"allow":["GET"]}}],"collection":[{"href":"https:\/\/serverhot.vn\/ru\/wp-json\/wp\/v2\/product"}],"about":[{"href":"https:\/\/serverhot.vn\/ru\/wp-json\/wp\/v2\/types\/product"}],"replies":[{"embeddable":true,"href":"https:\/\/serverhot.vn\/ru\/wp-json\/wp\/v2\/comments?post=10969"}],"wp:featuredmedia":[{"embeddable":true,"href":"https:\/\/serverhot.vn\/ru\/wp-json\/wp\/v2\/media\/10970"}],"wp:attachment":[{"href":"https:\/\/serverhot.vn\/ru\/wp-json\/wp\/v2\/media?parent=10969"}],"wp:term":[{"taxonomy":"pwb-brand","embeddable":true,"href":"https:\/\/serverhot.vn\/ru\/wp-json\/wp\/v2\/pwb-brand?post=10969"},{"taxonomy":"product_cat","embeddable":true,"href":"https:\/\/serverhot.vn\/ru\/wp-json\/wp\/v2\/product_cat?post=10969"},{"taxonomy":"product_tag","embeddable":true,"href":"https:\/\/serverhot.vn\/ru\/wp-json\/wp\/v2\/product_tag?post=10969"}],"curies":[{"name":"wp","href":"https:\/\/api.w.org\/{rel}","templated":true}]}}