{"id":11031,"date":"2024-06-29T13:13:10","date_gmt":"2024-06-29T06:13:10","guid":{"rendered":"https:\/\/serverhot.vn\/product\/uncategorized\/thiet-bi-mang-router-wifi-linksys-e1700-chuan-n-toc-do-300mbps-ma-san-pham-e1700\/"},"modified":"2024-06-29T13:13:12","modified_gmt":"2024-06-29T06:13:12","slug":"thiet-bi-mang-router-wifi-linksys-e1700-chuan-n-toc-do-300mbps-ma-san-pham-e1700","status":"publish","type":"product","link":"https:\/\/serverhot.vn\/ru\/-product-\/thiet-bi-mang-router-wifi-linksys-e1700-chuan-n-toc-do-300mbps-ma-san-pham-e1700\/","title":{"rendered":"Thi\u1ebft B\u1ecb M\u1ea1ng Router Wifi Linksys E1700 chu\u1ea9n N t\u1ed1c \u0111\u1ed9 300Mbps M\u00e3 s\u1ea3n ph\u1ea9m: E1700"},"content":{"rendered":"<div class=\"showText tabs\" id=\"tab2\">\n<div class=\"box_right_pro_view\">\n<div class=\"thongso_pro a_technical\" style=\"max-height: fit-content\">\n<table>\n<tbody>\n<tr>\n<td>\n<p>Th\u01b0\u01a1ng hi\u1ec7u<\/p>\n<\/td>\n<td>\n<p>Linksys<\/p>\n<\/td>\n<\/tr>\n<tr>\n<td>\n<p>Ch\u1ee7ng lo\u1ea1i<\/p>\n<\/td>\n<td>\n<p>B\u1ed9 ph\u00e1t wifi<\/p>\n<\/td>\n<\/tr>\n<tr>\n<td>\n<p>Chu\u1ea9n h\u1ed7 tr\u1ee3<\/p>\n<\/td>\n<td>\n<ul>\n<li>IEEE 802.11n\/g\/b<\/li>\n<\/ul>\n<\/td>\n<\/tr>\n<tr>\n<td>\n<p>D\u1ea3i t\u1ea7n s\u1ed1<\/p>\n<\/td>\n<td>\n<ul>\n<li>2.4GHz<\/li>\n<\/ul>\n<\/td>\n<\/tr>\n<tr>\n<td>\n<p>C\u1ed5ng giao ti\u1ebfp<\/p>\n<\/td>\n<td>\n<p>1x port Internet + 4x Ethernet 10\/100\/1000Mbps<\/p>\n<\/td>\n<\/tr>\n<tr>\n<td>\n<p>\u0102ng ten<\/p>\n<\/td>\n<td>\n<p>1<\/p>\n<\/td>\n<\/tr>\n<tr>\n<td>\n<p>C\u00e1c t\u00ednh n\u0103ng b\u1ea3o m\u1eadt<\/p>\n<\/td>\n<td>\n<p>WEP, WPA, WPA2<\/p>\n<\/td>\n<\/tr>\n<tr>\n<td>\n<p>K\u00edch th\u01b0\u1edbc<\/p>\n<\/td>\n<td>\n<p>188.7 \u00d7 151.7 \u00d7 31.2 mm\u00a0\u00a0<\/p>\n<\/td>\n<\/tr>\n<tr>\n<td>\n<p>Ph\u1ee5 ki\u1ec7n<\/p>\n<\/td>\n<td>\n<p>\u0110\u0129a driver, Adapter ngu\u1ed3n<\/p>\n<\/td>\n<\/tr>\n<\/tbody>\n<\/table><\/div>\n<p>                            <!--                            <\/p>\n<div class=\"xemthem_id_r\">--><br \/>\n                            <!--                                <a><!--\/show\/?token=--><br \/>\n                            <!--\"--><br \/>\n                            <!--                                   class=\"preview fancybox fancybox.ajax\" rel=\"nofollow\"&gt;Xem th&#234;m th&#244;ng s&#7889; k&#7929; thu&#7853;t<\/a>--><br \/>\n                            <!--                            <\/div>\n<p>-->\n                        <\/p><\/div>\n<\/p><\/div>","protected":false},"excerpt":{"rendered":"<ul>\n<p><strong>LINKSYS E1700 WIFI ROUTER,N300,GIGABIT<\/strong><\/p>\n<p>\u2022 Wi-Fi chu\u1ea9n N t\u1ed1c \u0111\u1ed9 300Mbps\u00a0<\/p>\n<p>\u2022 4 c\u1ed5ng LAN Gigabit (10\/100\/1000Mbps)<\/p>\n<p>\u2022 B\u0103ng t\u1ea7n ph\u00e1t s\u00f3ng 2.4GHz\u00a0<\/p>\n<p>\u2022 Thi\u1ebft l\u1eadp m\u1ea1ng ri\u00eang cho Kh\u00e1ch h\u00e0ng<\/p>\n<p>\u2022 T\u00ednh n\u0103ng Parent Control \u0111\u1ec3 qu\u1ea3n l\u00fd tr\u1ebb em truy c\u1eadp web<\/p>\n<p>\u2022 1 c\u1ed5ng USB 2.0 cho k\u1ebft n\u1ed1i thi\u1ebft b\u1ecb l\u01b0u tr\u1eef, m\u00e1y in<\/p>\n<p>\u2022 D\u00e0nh cho c\u0103n h\u1ed9 t\u1eeb 1 \u0111\u1ebfn 2 t\u1ea7ng, ch\u1ecbu t\u1ea3i 15 User<\/p>\n<\/ul>","protected":false},"featured_media":11032,"comment_status":"closed","ping_status":"closed","template":"","meta":[],"pwb-brand":[],"product_cat":[2907],"product_tag":[],"class_list":{"0":"post-11031","1":"product","2":"type-product","3":"status-publish","4":"has-post-thumbnail","6":"product_cat-linksys","8":"first","9":"instock","10":"shipping-taxable","11":"product-type-simple"},"brands":[],"_links":{"self":[{"href":"https:\/\/serverhot.vn\/ru\/wp-json\/wp\/v2\/product\/11031","targetHints":{"allow":["GET"]}}],"collection":[{"href":"https:\/\/serverhot.vn\/ru\/wp-json\/wp\/v2\/product"}],"about":[{"href":"https:\/\/serverhot.vn\/ru\/wp-json\/wp\/v2\/types\/product"}],"replies":[{"embeddable":true,"href":"https:\/\/serverhot.vn\/ru\/wp-json\/wp\/v2\/comments?post=11031"}],"wp:featuredmedia":[{"embeddable":true,"href":"https:\/\/serverhot.vn\/ru\/wp-json\/wp\/v2\/media\/11032"}],"wp:attachment":[{"href":"https:\/\/serverhot.vn\/ru\/wp-json\/wp\/v2\/media?parent=11031"}],"wp:term":[{"taxonomy":"pwb-brand","embeddable":true,"href":"https:\/\/serverhot.vn\/ru\/wp-json\/wp\/v2\/pwb-brand?post=11031"},{"taxonomy":"product_cat","embeddable":true,"href":"https:\/\/serverhot.vn\/ru\/wp-json\/wp\/v2\/product_cat?post=11031"},{"taxonomy":"product_tag","embeddable":true,"href":"https:\/\/serverhot.vn\/ru\/wp-json\/wp\/v2\/product_tag?post=11031"}],"curies":[{"name":"wp","href":"https:\/\/api.w.org\/{rel}","templated":true}]}}