{"id":11179,"date":"2024-06-29T13:50:09","date_gmt":"2024-06-29T06:50:09","guid":{"rendered":"https:\/\/serverhot.vn\/product\/uncategorized\/card-man-hinh-asus-dual-gtx1650-o4gd6-p-evo-ma-san-pham-dual-gtx1650-o4gd6-p-evo\/"},"modified":"2024-06-29T13:50:10","modified_gmt":"2024-06-29T06:50:10","slug":"card-man-hinh-asus-dual-gtx1650-o4gd6-p-evo-ma-san-pham-dual-gtx1650-o4gd6-p-evo","status":"publish","type":"product","link":"https:\/\/serverhot.vn\/ru\/-product-\/card-man-hinh-asus-dual-gtx1650-o4gd6-p-evo-ma-san-pham-dual-gtx1650-o4gd6-p-evo\/","title":{"rendered":"Card m\u00e0n h\u00ecnh ASUS DUAL-GTX1650-O4GD6-P-EVO M\u00e3 s\u1ea3n ph\u1ea9m: DUAL-GTX1650-O4GD6-P-EVO"},"content":{"rendered":"<div class=\"showText tabs\" id=\"tab2\">\n                                    <\/div>","protected":false},"excerpt":{"rendered":"<ul>\n                                                    <\/ul>","protected":false},"featured_media":11180,"comment_status":"closed","ping_status":"closed","template":"","meta":[],"pwb-brand":[],"product_cat":[2914],"product_tag":[],"class_list":{"0":"post-11179","1":"product","2":"type-product","3":"status-publish","4":"has-post-thumbnail","6":"product_cat-vga-card-man-hinh","8":"first","9":"instock","10":"shipping-taxable","11":"product-type-simple"},"brands":[],"_links":{"self":[{"href":"https:\/\/serverhot.vn\/ru\/wp-json\/wp\/v2\/product\/11179","targetHints":{"allow":["GET"]}}],"collection":[{"href":"https:\/\/serverhot.vn\/ru\/wp-json\/wp\/v2\/product"}],"about":[{"href":"https:\/\/serverhot.vn\/ru\/wp-json\/wp\/v2\/types\/product"}],"replies":[{"embeddable":true,"href":"https:\/\/serverhot.vn\/ru\/wp-json\/wp\/v2\/comments?post=11179"}],"wp:featuredmedia":[{"embeddable":true,"href":"https:\/\/serverhot.vn\/ru\/wp-json\/wp\/v2\/media\/11180"}],"wp:attachment":[{"href":"https:\/\/serverhot.vn\/ru\/wp-json\/wp\/v2\/media?parent=11179"}],"wp:term":[{"taxonomy":"pwb-brand","embeddable":true,"href":"https:\/\/serverhot.vn\/ru\/wp-json\/wp\/v2\/pwb-brand?post=11179"},{"taxonomy":"product_cat","embeddable":true,"href":"https:\/\/serverhot.vn\/ru\/wp-json\/wp\/v2\/product_cat?post=11179"},{"taxonomy":"product_tag","embeddable":true,"href":"https:\/\/serverhot.vn\/ru\/wp-json\/wp\/v2\/product_tag?post=11179"}],"curies":[{"name":"wp","href":"https:\/\/api.w.org\/{rel}","templated":true}]}}