{"id":11283,"date":"2024-06-29T14:05:00","date_gmt":"2024-06-29T07:05:00","guid":{"rendered":"https:\/\/serverhot.vn\/product\/uncategorized\/linksys-e2500-router-dualband-n-router-ma-san-pham-e2500\/"},"modified":"2024-06-29T14:05:01","modified_gmt":"2024-06-29T07:05:01","slug":"linksys-e2500-router-dualband-n-router-ma-san-pham-e2500","status":"publish","type":"product","link":"https:\/\/serverhot.vn\/ru\/-product-\/linksys-e2500-router-dualband-n-router-ma-san-pham-e2500\/","title":{"rendered":"Linksys E2500 Router &#8211; Dualband-N Router M\u00e3 s\u1ea3n ph\u1ea9m: E2500"},"content":{"rendered":"<div class=\"showText tabs\" id=\"tab2\">\n                                    <\/div>","protected":false},"excerpt":{"rendered":"<ul>\n<p>\u2013 S\u1eed d\u1ee5ng t\u1ed1t nh\u1ea5t cho m\u00f4i tr\u01b0\u1eddng gia \u0111\u00ecnh, c\u0103n h\u1ed9, k\u00fd t\u00fac x\u00e1 sinh vi\u00ean truy c\u1eadp Internet, l\u01b0\u1edbt web, trao \u0111\u1ed5i email, th\u1ef1c hi\u1ec7n in \u1ea5n qua kh\u00f4ng d\u00e2y v\u00e0 k\u1ebft n\u1ed1i t\u1edbi nhi\u1ec1u thi\u1ebft b\u1ecb qua s\u00f3ng kh\u00f4ng d\u00e2y<\/p>\n<p>\u2013 H\u1ed7 tr\u1ee3 kh\u00f4ng d\u00e2y chu\u1ea9n N \u1edf c\u1ea3 d\u1ea3i t\u1ea7n 2.4 GHz v\u00e0 5GHz<\/p>\n<p>\u2013 H\u1ed7 tr\u1ee3 4 c\u1ed5ng chuy\u1ec3n m\u1ea1ch Fast Ethernet<\/p>\n<p>\u2013 H\u1ed7 tr\u1ee3 t\u1ed1c \u0111\u1ed9 truy c\u1eadp cao t\u1edbi 300 Mbps<\/p>\n<p>\u2013 H\u1ed7 tr\u1ee3 th\u00eam anten cho vi\u1ec7c m\u1edf r\u1ed9ng<\/p>\n<\/ul>","protected":false},"featured_media":11284,"comment_status":"closed","ping_status":"closed","template":"","meta":[],"pwb-brand":[],"product_cat":[2907],"product_tag":[],"class_list":{"0":"post-11283","1":"product","2":"type-product","3":"status-publish","4":"has-post-thumbnail","6":"product_cat-linksys","8":"first","9":"instock","10":"shipping-taxable","11":"product-type-simple"},"brands":[],"_links":{"self":[{"href":"https:\/\/serverhot.vn\/ru\/wp-json\/wp\/v2\/product\/11283","targetHints":{"allow":["GET"]}}],"collection":[{"href":"https:\/\/serverhot.vn\/ru\/wp-json\/wp\/v2\/product"}],"about":[{"href":"https:\/\/serverhot.vn\/ru\/wp-json\/wp\/v2\/types\/product"}],"replies":[{"embeddable":true,"href":"https:\/\/serverhot.vn\/ru\/wp-json\/wp\/v2\/comments?post=11283"}],"wp:featuredmedia":[{"embeddable":true,"href":"https:\/\/serverhot.vn\/ru\/wp-json\/wp\/v2\/media\/11284"}],"wp:attachment":[{"href":"https:\/\/serverhot.vn\/ru\/wp-json\/wp\/v2\/media?parent=11283"}],"wp:term":[{"taxonomy":"pwb-brand","embeddable":true,"href":"https:\/\/serverhot.vn\/ru\/wp-json\/wp\/v2\/pwb-brand?post=11283"},{"taxonomy":"product_cat","embeddable":true,"href":"https:\/\/serverhot.vn\/ru\/wp-json\/wp\/v2\/product_cat?post=11283"},{"taxonomy":"product_tag","embeddable":true,"href":"https:\/\/serverhot.vn\/ru\/wp-json\/wp\/v2\/product_tag?post=11283"}],"curies":[{"name":"wp","href":"https:\/\/api.w.org\/{rel}","templated":true}]}}