{"id":11477,"date":"2024-06-29T14:29:00","date_gmt":"2024-06-29T07:29:00","guid":{"rendered":"https:\/\/serverhot.vn\/product\/uncategorized\/may-tinh-intel-nuc-kit-nuc8i5beh-i5-8259u-ma-san-pham-boxnuc8i5beh6\/"},"modified":"2024-06-29T14:29:03","modified_gmt":"2024-06-29T07:29:03","slug":"may-tinh-intel-nuc-kit-nuc8i5beh-i5-8259u-ma-san-pham-boxnuc8i5beh6","status":"publish","type":"product","link":"https:\/\/serverhot.vn\/ru\/-product-\/may-tinh-intel-nuc-kit-nuc8i5beh-i5-8259u-ma-san-pham-boxnuc8i5beh6\/","title":{"rendered":"M\u00e1y T\u00ednh Intel NUC Kit NUC8i5BEH i5-8259U M\u00e3 s\u1ea3n ph\u1ea9m: BOXNUC8I5BEH6"},"content":{"rendered":"<div class=\"showText tabs\" id=\"tab2\">\n                                    <\/div>","protected":false},"excerpt":{"rendered":"<ul>\n<p><span>M\u00e1y T\u00ednh Intel NUC Kit NUC8i5BEH i5-8259U<\/span><\/p>\n<\/ul>","protected":false},"featured_media":0,"comment_status":"closed","ping_status":"closed","template":"","meta":[],"pwb-brand":[],"product_cat":[2889],"product_tag":[],"class_list":{"0":"post-11477","1":"product","2":"type-product","3":"status-publish","5":"product_cat-intel","7":"first","8":"instock","9":"shipping-taxable","10":"product-type-simple"},"brands":[],"_links":{"self":[{"href":"https:\/\/serverhot.vn\/ru\/wp-json\/wp\/v2\/product\/11477","targetHints":{"allow":["GET"]}}],"collection":[{"href":"https:\/\/serverhot.vn\/ru\/wp-json\/wp\/v2\/product"}],"about":[{"href":"https:\/\/serverhot.vn\/ru\/wp-json\/wp\/v2\/types\/product"}],"replies":[{"embeddable":true,"href":"https:\/\/serverhot.vn\/ru\/wp-json\/wp\/v2\/comments?post=11477"}],"wp:attachment":[{"href":"https:\/\/serverhot.vn\/ru\/wp-json\/wp\/v2\/media?parent=11477"}],"wp:term":[{"taxonomy":"pwb-brand","embeddable":true,"href":"https:\/\/serverhot.vn\/ru\/wp-json\/wp\/v2\/pwb-brand?post=11477"},{"taxonomy":"product_cat","embeddable":true,"href":"https:\/\/serverhot.vn\/ru\/wp-json\/wp\/v2\/product_cat?post=11477"},{"taxonomy":"product_tag","embeddable":true,"href":"https:\/\/serverhot.vn\/ru\/wp-json\/wp\/v2\/product_tag?post=11477"}],"curies":[{"name":"wp","href":"https:\/\/api.w.org\/{rel}","templated":true}]}}