{"id":11493,"date":"2024-06-29T14:31:11","date_gmt":"2024-06-29T07:31:11","guid":{"rendered":"https:\/\/serverhot.vn\/product\/uncategorized\/thiet-bi-hdmi-matrix-switch-4-x-4-support-video-wall-ma-san-pham-kvsmw0404\/"},"modified":"2024-06-29T14:31:15","modified_gmt":"2024-06-29T07:31:15","slug":"thiet-bi-hdmi-matrix-switch-4-x-4-support-video-wall-ma-san-pham-kvsmw0404","status":"publish","type":"product","link":"https:\/\/serverhot.vn\/ru\/-product-\/thiet-bi-hdmi-matrix-switch-4-x-4-support-video-wall-ma-san-pham-kvsmw0404\/","title":{"rendered":"Thi\u1ebft B\u1ecb HDMI Matrix Switch 4 x 4 Support Video Wall M\u00e3 s\u1ea3n ph\u1ea9m: KVSMW0404"},"content":{"rendered":"<div class=\"showText tabs\" id=\"tab2\">\n                                    <\/div>","protected":false},"excerpt":{"rendered":"<ul>\n<p><span style=\"font-family: 'Open Sans', 'Lucida Grande', 'Lucida Sans Unicode', Arial, Helvetica, Verdana, sans-serif;font-size: 12px;background-color: #ffffff\">KVSMW0404-B\u1ed9 gh\u00e9p 4 m\u00e0n h\u00ecnh Videowall v\u00e0 Matrix switch 4\u00d74 . <\/span><span style=\"font-family: 'Open Sans', 'Lucida Grande', 'Lucida Sans Unicode', Arial, Helvetica, Verdana, sans-serif;font-size: 12px;background-color: #ffffff\">4\u00d74 Seamless switching HDMI Matrix with RS232 , Lan control, support 2\u00d72 Video Wall<\/span><br style=\"font-family: 'Open Sans', 'Lucida Grande', 'Lucida Sans Unicode', Arial, Helvetica, Verdana, sans-serif;font-size: 12px;background-color: #ffffff\"><span style=\"font-family: 'Open Sans', 'Lucida Grande', 'Lucida Sans Unicode', Arial, Helvetica, Verdana, sans-serif;font-size: 12px;background-color: #ffffff\">&#8211; Matrix switch 4\u00d74.<\/span><br style=\"font-family: 'Open Sans', 'Lucida Grande', 'Lucida Sans Unicode', Arial, Helvetica, Verdana, sans-serif;font-size: 12px;background-color: #ffffff\"><span style=\"font-family: 'Open Sans', 'Lucida Grande', 'Lucida Sans Unicode', Arial, Helvetica, Verdana, sans-serif;font-size: 12px;background-color: #ffffff\">&#8211; Seamless switching<\/span><br style=\"font-family: 'Open Sans', 'Lucida Grande', 'Lucida Sans Unicode', Arial, Helvetica, Verdana, sans-serif;font-size: 12px;background-color: #ffffff\"><span style=\"font-family: 'Open Sans', 'Lucida Grande', 'Lucida Sans Unicode', Arial, Helvetica, Verdana, sans-serif;font-size: 12px;background-color: #ffffff\">&#8211; H\u1ed7 tr\u1ee3 \u0111\u1ed9 ph\u00e2n gi\u1ea3i \u0111\u1ed9 ph\u00e2n gi\u1ea3i cao, bao g\u1ed3m: 4K, 1080p<\/span><br style=\"font-family: 'Open Sans', 'Lucida Grande', 'Lucida Sans Unicode', Arial, Helvetica, Verdana, sans-serif;font-size: 12px;background-color: #ffffff\"><span style=\"font-family: 'Open Sans', 'Lucida Grande', 'Lucida Sans Unicode', Arial, Helvetica, Verdana, sans-serif;font-size: 12px;background-color: #ffffff\">&#8211; H\u1ed7 tr\u1ee3 ch\u1ebf \u0111\u1ed9 gh\u00e9p 4 m\u00e0n h\u00ecnh v\u00e0 ch\u1ee9c n\u0103ng xoay \u1ea3nh ng\u00f5 ra ( ph\u00f9 h\u1ee3p kh\u00e1ch h\u00e0ng s\u1eed d\u1ee5ng TV l\u00e0m m\u00e0n h\u00ecnh )<\/span><\/p>\n<\/ul>","protected":false},"featured_media":11494,"comment_status":"closed","ping_status":"closed","template":"","meta":[],"pwb-brand":[],"product_cat":[2906],"product_tag":[2849],"class_list":{"0":"post-11493","1":"product","2":"type-product","3":"status-publish","4":"has-post-thumbnail","6":"product_cat-aten","7":"product_tag-switch","9":"first","10":"instock","11":"shipping-taxable","12":"product-type-simple"},"brands":[],"_links":{"self":[{"href":"https:\/\/serverhot.vn\/ru\/wp-json\/wp\/v2\/product\/11493","targetHints":{"allow":["GET"]}}],"collection":[{"href":"https:\/\/serverhot.vn\/ru\/wp-json\/wp\/v2\/product"}],"about":[{"href":"https:\/\/serverhot.vn\/ru\/wp-json\/wp\/v2\/types\/product"}],"replies":[{"embeddable":true,"href":"https:\/\/serverhot.vn\/ru\/wp-json\/wp\/v2\/comments?post=11493"}],"wp:featuredmedia":[{"embeddable":true,"href":"https:\/\/serverhot.vn\/ru\/wp-json\/wp\/v2\/media\/11494"}],"wp:attachment":[{"href":"https:\/\/serverhot.vn\/ru\/wp-json\/wp\/v2\/media?parent=11493"}],"wp:term":[{"taxonomy":"pwb-brand","embeddable":true,"href":"https:\/\/serverhot.vn\/ru\/wp-json\/wp\/v2\/pwb-brand?post=11493"},{"taxonomy":"product_cat","embeddable":true,"href":"https:\/\/serverhot.vn\/ru\/wp-json\/wp\/v2\/product_cat?post=11493"},{"taxonomy":"product_tag","embeddable":true,"href":"https:\/\/serverhot.vn\/ru\/wp-json\/wp\/v2\/product_tag?post=11493"}],"curies":[{"name":"wp","href":"https:\/\/api.w.org\/{rel}","templated":true}]}}